{"id":988,"date":"2020-07-16T15:30:42","date_gmt":"2020-07-16T08:30:42","guid":{"rendered":"https:\/\/kiennang.com\/san-pham\/quai-xach-ly-vai-khong-det\/"},"modified":"2020-07-16T15:50:46","modified_gmt":"2020-07-16T08:50:46","slug":"quai-xach-ly-vai-khong-det","status":"publish","type":"product","link":"https:\/\/kiennang.com\/en\/san-pham\/quai-xach-ly-vai-khong-det\/","title":{"rendered":"Quai x\u00e1ch ly v\u1ea3i kh\u00f4ng d\u1ec7t"},"content":{"rendered":"<p>Quai x\u00e1ch ly \u0111\u01b0\u1ee3c l\u00e0m t\u1eeb v\u1ea3i kh\u00f4ng d\u1ec7t gi\u00fap vi\u1ec7c x\u00e1ch c\u00e1c ly n\u01b0\u1edbc  d\u1ec5 d\u00e0ng h\u01a1n, c\u00f2n c\u00f3 th\u1ec3 treo tr\u00ean xe \u0111\u1ec3 mang v\u1ec1 nh\u00e0 m\u00e0 kh\u00f4ng s\u1ee3 \u0111\u1ee9t tay x\u00e1ch<br \/>\n* M\u00e3 s\u1ed1:<br \/>\n* Ch\u1ea5t li\u1ec7u: v\u1ea3i kh\u00f4ng d\u1ec7t c\u00f3 nhi\u1ec1u \u0111\u1ecbnh l\u01b0\u1ee3ng t\u00f9y theo nhu c\u1ea7u c\u1ee7a kh\u00e1ch h\u00e0ng<br \/>\n* In \u1ea5n: theo m\u1eabu kh\u00e1ch h\u00e0ng ho\u1eb7c kh\u00f4ng in<br \/>\n* QC: 19.5&#215;19.5 cm<br \/>\n* Th\u00edch h\u1ee3p: s\u1eed d\u1ee5ng mang x\u00e1ch ly t\u1ea1i c\u00e1c ti\u1ec7m cafe take away, tr\u00e0 s\u1eefa<br \/>\n* T\u1ea3i n\u1eb7ng:<br \/>\n* \u0110\u00f3ng g\u00f3i:<\/p>\n","protected":false},"excerpt":{"rendered":"<p>Quai x\u00e1ch ly \u0111\u01b0\u1ee3c l\u00e0m t\u1eeb v\u1ea3i kh\u00f4ng d\u1ec7t gi\u00fap vi\u1ec7c x\u00e1ch c\u00e1c ly n\u01b0\u1edbc d\u1ec5 d\u00e0ng h\u01a1n, c\u00f2n c\u00f3 th\u1ec3 treo tr\u00ean xe \u0111\u1ec3 mang v\u1ec1 nh\u00e0 m\u00e0 kh\u00f4ng s\u1ee3 \u0111\u1ee9t tay x\u00e1ch * M\u00e3 s\u1ed1: * Ch\u1ea5t li\u1ec7u: v\u1ea3i kh\u00f4ng d\u1ec7t c\u00f3 nhi\u1ec1u \u0111\u1ecbnh l\u01b0\u1ee3ng t\u00f9y theo nhu c\u1ea7u c\u1ee7a kh\u00e1ch h\u00e0ng * [&#8230;]\n","protected":false},"featured_media":963,"comment_status":"closed","ping_status":"open","template":"","meta":[],"product_cat":[104,105],"product_tag":[],"yoast_head":"<!-- This site is optimized with the Yoast SEO plugin v17.1 - https:\/\/yoast.com\/wordpress\/plugins\/seo\/ -->\n<title>Quai x\u00e1ch ly - Quai x\u00e1ch ly v\u1ea3i kh\u00f4ng d\u1ec7t &ndash; Kien Nang Packaging Manufacturer<\/title>\n<meta name=\"description\" content=\"Quai x\u00e1ch ly \u0111\u01b0\u1ee3c l\u00e0m t\u1eeb v\u1ea3i kh\u00f4ng d\u1ec7t gi\u00fap vi\u1ec7c x\u00e1ch c\u00e1c ly n\u01b0\u1edbc d\u1ec5 d\u00e0ng h\u01a1n, c\u00f2n c\u00f3 th\u1ec3 treo tr\u00ean xe \u0111\u1ec3 mang v\u1ec1 nh\u00e0 m\u00e0 kh\u00f4ng s\u1ee3 \u0111\u1ee9t tay x\u00e1ch\" \/>\n<meta name=\"robots\" content=\"index, follow, max-snippet:-1, max-image-preview:large, max-video-preview:-1\" \/>\n<link rel=\"canonical\" href=\"https:\/\/kiennang.com\/san-pham\/quai-xach-ly-vai-khong-det\/\" \/>\n<meta property=\"og:locale\" content=\"en_US\" \/>\n<meta property=\"og:type\" content=\"article\" \/>\n<meta property=\"og:title\" content=\"Quai x\u00e1ch ly - Quai x\u00e1ch ly v\u1ea3i kh\u00f4ng d\u1ec7t &ndash; Kien Nang Packaging Manufacturer\" \/>\n<meta property=\"og:description\" content=\"Quai x\u00e1ch ly \u0111\u01b0\u1ee3c l\u00e0m t\u1eeb v\u1ea3i kh\u00f4ng d\u1ec7t gi\u00fap vi\u1ec7c x\u00e1ch c\u00e1c ly n\u01b0\u1edbc d\u1ec5 d\u00e0ng h\u01a1n, c\u00f2n c\u00f3 th\u1ec3 treo tr\u00ean xe \u0111\u1ec3 mang v\u1ec1 nh\u00e0 m\u00e0 kh\u00f4ng s\u1ee3 \u0111\u1ee9t tay x\u00e1ch\" \/>\n<meta property=\"og:url\" content=\"https:\/\/kiennang.com\/san-pham\/quai-xach-ly-vai-khong-det\/\" \/>\n<meta property=\"og:site_name\" content=\"Kien Nang Packaging Manufacturer\" \/>\n<meta property=\"article:modified_time\" content=\"2020-07-16T08:50:46+00:00\" \/>\n<meta property=\"og:image\" content=\"https:\/\/kiennang.com\/wp-content\/uploads\/2018\/10\/quai-xach-ly.jpg\" \/>\n\t<meta property=\"og:image:width\" content=\"600\" \/>\n\t<meta property=\"og:image:height\" content=\"600\" \/>\n<meta name=\"twitter:card\" content=\"summary_large_image\" \/>\n<meta name=\"twitter:label1\" content=\"Est. reading time\" \/>\n\t<meta name=\"twitter:data1\" content=\"1 minute\" \/>\n<script type=\"application\/ld+json\" class=\"yoast-schema-graph\">{\"@context\":\"https:\/\/schema.org\",\"@graph\":[{\"@type\":\"WebSite\",\"@id\":\"https:\/\/kiennang.com\/#website\",\"url\":\"https:\/\/kiennang.com\/\",\"name\":\"Kien Nang Packaging Manufacturer\",\"description\":\"Food packaging | Paper Box | Printed Cheap Paper Bags\",\"potentialAction\":[{\"@type\":\"SearchAction\",\"target\":{\"@type\":\"EntryPoint\",\"urlTemplate\":\"https:\/\/kiennang.com\/?s={search_term_string}\"},\"query-input\":\"required name=search_term_string\"}],\"inLanguage\":\"en-US\"},{\"@type\":\"ImageObject\",\"@id\":\"https:\/\/kiennang.com\/san-pham\/quai-xach-ly-vai-khong-det\/#primaryimage\",\"inLanguage\":\"en-US\",\"url\":\"https:\/\/kiennang.com\/wp-content\/uploads\/2018\/10\/quai-xach-ly.jpg\",\"contentUrl\":\"https:\/\/kiennang.com\/wp-content\/uploads\/2018\/10\/quai-xach-ly.jpg\",\"width\":600,\"height\":600,\"caption\":\"Quai x\\u00e1ch ly \\u0111\\u01b0\\u1ee3c l\\u00e0m t\\u1eeb v\\u1ea3i kh\\u00f4ng d\\u1ec7t\"},{\"@type\":\"WebPage\",\"@id\":\"https:\/\/kiennang.com\/san-pham\/quai-xach-ly-vai-khong-det\/#webpage\",\"url\":\"https:\/\/kiennang.com\/san-pham\/quai-xach-ly-vai-khong-det\/\",\"name\":\"Quai x\\u00e1ch ly - Quai x\\u00e1ch ly v\\u1ea3i kh\\u00f4ng d\\u1ec7t &ndash; Kien Nang Packaging Manufacturer\",\"isPartOf\":{\"@id\":\"https:\/\/kiennang.com\/#website\"},\"primaryImageOfPage\":{\"@id\":\"https:\/\/kiennang.com\/san-pham\/quai-xach-ly-vai-khong-det\/#primaryimage\"},\"datePublished\":\"2020-07-16T08:30:42+00:00\",\"dateModified\":\"2020-07-16T08:50:46+00:00\",\"description\":\"Quai x\\u00e1ch ly \\u0111\\u01b0\\u1ee3c l\\u00e0m t\\u1eeb v\\u1ea3i kh\\u00f4ng d\\u1ec7t gi\\u00fap vi\\u1ec7c x\\u00e1ch c\\u00e1c ly n\\u01b0\\u1edbc d\\u1ec5 d\\u00e0ng h\\u01a1n, c\\u00f2n c\\u00f3 th\\u1ec3 treo tr\\u00ean xe \\u0111\\u1ec3 mang v\\u1ec1 nh\\u00e0 m\\u00e0 kh\\u00f4ng s\\u1ee3 \\u0111\\u1ee9t tay x\\u00e1ch\",\"breadcrumb\":{\"@id\":\"https:\/\/kiennang.com\/san-pham\/quai-xach-ly-vai-khong-det\/#breadcrumb\"},\"inLanguage\":\"en-US\",\"potentialAction\":[{\"@type\":\"ReadAction\",\"target\":[\"https:\/\/kiennang.com\/san-pham\/quai-xach-ly-vai-khong-det\/\"]}]},{\"@type\":\"BreadcrumbList\",\"@id\":\"https:\/\/kiennang.com\/san-pham\/quai-xach-ly-vai-khong-det\/#breadcrumb\",\"itemListElement\":[{\"@type\":\"ListItem\",\"position\":1,\"name\":\"Trang ch\\u1ee7\",\"item\":\"https:\/\/kiennang.com\/\"},{\"@type\":\"ListItem\",\"position\":2,\"name\":\"\"},{\"@type\":\"ListItem\",\"position\":3,\"name\":\"Quai x\\u00e1ch ly v\\u1ea3i kh\\u00f4ng d\\u1ec7t\"}]}]}<\/script>\n<!-- \/ Yoast SEO plugin. -->","yoast_head_json":{"title":"Quai x\u00e1ch ly - Quai x\u00e1ch ly v\u1ea3i kh\u00f4ng d\u1ec7t &ndash; Kien Nang Packaging Manufacturer","description":"Quai x\u00e1ch ly \u0111\u01b0\u1ee3c l\u00e0m t\u1eeb v\u1ea3i kh\u00f4ng d\u1ec7t gi\u00fap vi\u1ec7c x\u00e1ch c\u00e1c ly n\u01b0\u1edbc d\u1ec5 d\u00e0ng h\u01a1n, c\u00f2n c\u00f3 th\u1ec3 treo tr\u00ean xe \u0111\u1ec3 mang v\u1ec1 nh\u00e0 m\u00e0 kh\u00f4ng s\u1ee3 \u0111\u1ee9t tay x\u00e1ch","robots":{"index":"index","follow":"follow","max-snippet":"max-snippet:-1","max-image-preview":"max-image-preview:large","max-video-preview":"max-video-preview:-1"},"canonical":"https:\/\/kiennang.com\/san-pham\/quai-xach-ly-vai-khong-det\/","og_locale":"en_US","og_type":"article","og_title":"Quai x\u00e1ch ly - Quai x\u00e1ch ly v\u1ea3i kh\u00f4ng d\u1ec7t &ndash; Kien Nang Packaging Manufacturer","og_description":"Quai x\u00e1ch ly \u0111\u01b0\u1ee3c l\u00e0m t\u1eeb v\u1ea3i kh\u00f4ng d\u1ec7t gi\u00fap vi\u1ec7c x\u00e1ch c\u00e1c ly n\u01b0\u1edbc d\u1ec5 d\u00e0ng h\u01a1n, c\u00f2n c\u00f3 th\u1ec3 treo tr\u00ean xe \u0111\u1ec3 mang v\u1ec1 nh\u00e0 m\u00e0 kh\u00f4ng s\u1ee3 \u0111\u1ee9t tay x\u00e1ch","og_url":"https:\/\/kiennang.com\/san-pham\/quai-xach-ly-vai-khong-det\/","og_site_name":"Kien Nang Packaging Manufacturer","article_modified_time":"2020-07-16T08:50:46+00:00","og_image":[{"width":600,"height":600,"url":"https:\/\/kiennang.com\/wp-content\/uploads\/2018\/10\/quai-xach-ly.jpg","path":"\/home\/kiennang\/public_html\/wp-content\/uploads\/2018\/10\/quai-xach-ly.jpg","size":"full","id":963,"alt":"Quai x\u00e1ch ly","pixels":360000,"type":"image\/jpeg"}],"twitter_card":"summary_large_image","twitter_misc":{"Est. reading time":"1 minute"},"schema":{"@context":"https:\/\/schema.org","@graph":[{"@type":"WebSite","@id":"https:\/\/kiennang.com\/#website","url":"https:\/\/kiennang.com\/","name":"Kien Nang Packaging Manufacturer","description":"Food packaging | Paper Box | Printed Cheap Paper Bags","potentialAction":[{"@type":"SearchAction","target":{"@type":"EntryPoint","urlTemplate":"https:\/\/kiennang.com\/?s={search_term_string}"},"query-input":"required name=search_term_string"}],"inLanguage":"en-US"},{"@type":"ImageObject","@id":"https:\/\/kiennang.com\/san-pham\/quai-xach-ly-vai-khong-det\/#primaryimage","inLanguage":"en-US","url":"https:\/\/kiennang.com\/wp-content\/uploads\/2018\/10\/quai-xach-ly.jpg","contentUrl":"https:\/\/kiennang.com\/wp-content\/uploads\/2018\/10\/quai-xach-ly.jpg","width":600,"height":600,"caption":"Quai x\u00e1ch ly \u0111\u01b0\u1ee3c l\u00e0m t\u1eeb v\u1ea3i kh\u00f4ng d\u1ec7t"},{"@type":"WebPage","@id":"https:\/\/kiennang.com\/san-pham\/quai-xach-ly-vai-khong-det\/#webpage","url":"https:\/\/kiennang.com\/san-pham\/quai-xach-ly-vai-khong-det\/","name":"Quai x\u00e1ch ly - Quai x\u00e1ch ly v\u1ea3i kh\u00f4ng d\u1ec7t &ndash; Kien Nang Packaging Manufacturer","isPartOf":{"@id":"https:\/\/kiennang.com\/#website"},"primaryImageOfPage":{"@id":"https:\/\/kiennang.com\/san-pham\/quai-xach-ly-vai-khong-det\/#primaryimage"},"datePublished":"2020-07-16T08:30:42+00:00","dateModified":"2020-07-16T08:50:46+00:00","description":"Quai x\u00e1ch ly \u0111\u01b0\u1ee3c l\u00e0m t\u1eeb v\u1ea3i kh\u00f4ng d\u1ec7t gi\u00fap vi\u1ec7c x\u00e1ch c\u00e1c ly n\u01b0\u1edbc d\u1ec5 d\u00e0ng h\u01a1n, c\u00f2n c\u00f3 th\u1ec3 treo tr\u00ean xe \u0111\u1ec3 mang v\u1ec1 nh\u00e0 m\u00e0 kh\u00f4ng s\u1ee3 \u0111\u1ee9t tay x\u00e1ch","breadcrumb":{"@id":"https:\/\/kiennang.com\/san-pham\/quai-xach-ly-vai-khong-det\/#breadcrumb"},"inLanguage":"en-US","potentialAction":[{"@type":"ReadAction","target":["https:\/\/kiennang.com\/san-pham\/quai-xach-ly-vai-khong-det\/"]}]},{"@type":"BreadcrumbList","@id":"https:\/\/kiennang.com\/san-pham\/quai-xach-ly-vai-khong-det\/#breadcrumb","itemListElement":[{"@type":"ListItem","position":1,"name":"Trang ch\u1ee7","item":"https:\/\/kiennang.com\/"},{"@type":"ListItem","position":2,"name":""},{"@type":"ListItem","position":3,"name":"Quai x\u00e1ch ly v\u1ea3i kh\u00f4ng d\u1ec7t"}]}]}},"_links":{"self":[{"href":"https:\/\/kiennang.com\/en\/wp-json\/wp\/v2\/product\/988"}],"collection":[{"href":"https:\/\/kiennang.com\/en\/wp-json\/wp\/v2\/product"}],"about":[{"href":"https:\/\/kiennang.com\/en\/wp-json\/wp\/v2\/types\/product"}],"replies":[{"embeddable":true,"href":"https:\/\/kiennang.com\/en\/wp-json\/wp\/v2\/comments?post=988"}],"wp:featuredmedia":[{"embeddable":true,"href":"https:\/\/kiennang.com\/en\/wp-json\/wp\/v2\/media\/963"}],"wp:attachment":[{"href":"https:\/\/kiennang.com\/en\/wp-json\/wp\/v2\/media?parent=988"}],"wp:term":[{"taxonomy":"product_cat","embeddable":true,"href":"https:\/\/kiennang.com\/en\/wp-json\/wp\/v2\/product_cat?post=988"},{"taxonomy":"product_tag","embeddable":true,"href":"https:\/\/kiennang.com\/en\/wp-json\/wp\/v2\/product_tag?post=988"}],"curies":[{"name":"wp","href":"https:\/\/api.w.org\/{rel}","templated":true}]}}