{"id":982,"date":"2020-07-16T15:30:42","date_gmt":"2020-07-16T08:30:42","guid":{"rendered":"https:\/\/kiennang.com\/san-pham\/giay-cuon-greaseproof\/"},"modified":"2020-07-16T15:50:45","modified_gmt":"2020-07-16T08:50:45","slug":"giay-cuon-greaseproof","status":"publish","type":"product","link":"https:\/\/kiennang.com\/en\/san-pham\/giay-cuon-greaseproof\/","title":{"rendered":"Gi\u1ea5y cu\u1ed9n Greaseproof"},"content":{"rendered":"<p>* M\u00e3 s\u1ed1:<br \/>\n* \u0110\u1eb7c t\u00ednh: gi\u1ea5y Greaseproof l\u00e0 gi\u1ea5y ch\u1ed1ng th\u1ea5m c\u00f3 nhi\u1ec1u c\u1ea5p \u0111\u1ed9 t\u1eeb Kit 0, 1~3, 4~5, 6~7\u2026 Gi\u1ea5y n\u00e0y c\u00f3 t\u00ednh h\u1ea1n ch\u1ebf d\u1ea7u m\u1ee1 b\u01a1\u2026 th\u1ea5m ra ngo\u00e0i. C\u1ea5p \u0111\u1ed9 c\u00e0ng cao, kh\u1ea3 n\u0103ng ch\u1ed1ng th\u1ea5m c\u00e0ng t\u1ed1t<br \/>\n* \u0110\u1ecbnh l\u01b0\u1ee3ng: 38\/40 gsm<br \/>\nQC: 10.000m\/cu\u1ed9n<\/p>\n","protected":false},"excerpt":{"rendered":"<p>* M\u00e3 s\u1ed1: * \u0110\u1eb7c t\u00ednh: gi\u1ea5y Greaseproof l\u00e0 gi\u1ea5y ch\u1ed1ng th\u1ea5m c\u00f3 nhi\u1ec1u c\u1ea5p \u0111\u1ed9 t\u1eeb Kit 0, 1~3, 4~5, 6~7\u2026 Gi\u1ea5y n\u00e0y c\u00f3 t\u00ednh h\u1ea1n ch\u1ebf d\u1ea7u m\u1ee1 b\u01a1\u2026 th\u1ea5m ra ngo\u00e0i. C\u1ea5p \u0111\u1ed9 c\u00e0ng cao, kh\u1ea3 n\u0103ng ch\u1ed1ng th\u1ea5m c\u00e0ng t\u1ed1t * \u0110\u1ecbnh l\u01b0\u1ee3ng: 38\/40 gsm QC: 10.000m\/cu\u1ed9n<\/p>\n","protected":false},"featured_media":1004,"comment_status":"closed","ping_status":"open","template":"","meta":[],"product_cat":[103],"product_tag":[],"yoast_head":"<!-- This site is optimized with the Yoast SEO plugin v17.1 - https:\/\/yoast.com\/wordpress\/plugins\/seo\/ -->\n<title>Gi\u1ea5y cu\u1ed9n Greaseproof &ndash; Kien Nang Packaging Manufacturer<\/title>\n<meta name=\"robots\" content=\"index, follow, max-snippet:-1, max-image-preview:large, max-video-preview:-1\" \/>\n<link rel=\"canonical\" href=\"https:\/\/kiennang.com\/san-pham\/giay-cuon-greaseproof\/\" \/>\n<meta property=\"og:locale\" content=\"en_US\" \/>\n<meta property=\"og:type\" content=\"article\" \/>\n<meta property=\"og:title\" content=\"Gi\u1ea5y cu\u1ed9n Greaseproof &ndash; Kien Nang Packaging Manufacturer\" \/>\n<meta property=\"og:description\" content=\"* M\u00e3 s\u1ed1: * \u0110\u1eb7c t\u00ednh: gi\u1ea5y Greaseproof l\u00e0 gi\u1ea5y ch\u1ed1ng th\u1ea5m c\u00f3 nhi\u1ec1u c\u1ea5p \u0111\u1ed9 t\u1eeb Kit 0, 1~3, 4~5, 6~7\u2026 Gi\u1ea5y n\u00e0y c\u00f3 t\u00ednh h\u1ea1n ch\u1ebf d\u1ea7u m\u1ee1 b\u01a1\u2026 th\u1ea5m ra ngo\u00e0i. C\u1ea5p \u0111\u1ed9 c\u00e0ng cao, kh\u1ea3 n\u0103ng ch\u1ed1ng th\u1ea5m c\u00e0ng t\u1ed1t * \u0110\u1ecbnh l\u01b0\u1ee3ng: 38\/40 gsm QC: 10.000m\/cu\u1ed9n\" \/>\n<meta property=\"og:url\" content=\"https:\/\/kiennang.com\/san-pham\/giay-cuon-greaseproof\/\" \/>\n<meta property=\"og:site_name\" content=\"Kien Nang Packaging Manufacturer\" \/>\n<meta property=\"article:modified_time\" content=\"2020-07-16T08:50:45+00:00\" \/>\n<meta property=\"og:image\" content=\"https:\/\/kiennang.com\/wp-content\/uploads\/2018\/11\/giay-cuon-sp.jpg\" \/>\n\t<meta property=\"og:image:width\" content=\"600\" \/>\n\t<meta property=\"og:image:height\" content=\"600\" \/>\n<meta name=\"twitter:card\" content=\"summary_large_image\" \/>\n<script type=\"application\/ld+json\" class=\"yoast-schema-graph\">{\"@context\":\"https:\/\/schema.org\",\"@graph\":[{\"@type\":\"WebSite\",\"@id\":\"https:\/\/kiennang.com\/#website\",\"url\":\"https:\/\/kiennang.com\/\",\"name\":\"Kien Nang Packaging Manufacturer\",\"description\":\"Food packaging | Paper Box | Printed Cheap Paper Bags\",\"potentialAction\":[{\"@type\":\"SearchAction\",\"target\":{\"@type\":\"EntryPoint\",\"urlTemplate\":\"https:\/\/kiennang.com\/?s={search_term_string}\"},\"query-input\":\"required name=search_term_string\"}],\"inLanguage\":\"en-US\"},{\"@type\":\"ImageObject\",\"@id\":\"https:\/\/kiennang.com\/san-pham\/giay-cuon-greaseproof\/#primaryimage\",\"inLanguage\":\"en-US\",\"url\":\"https:\/\/kiennang.com\/wp-content\/uploads\/2018\/11\/giay-cuon-sp.jpg\",\"contentUrl\":\"https:\/\/kiennang.com\/wp-content\/uploads\/2018\/11\/giay-cuon-sp.jpg\",\"width\":600,\"height\":600},{\"@type\":\"WebPage\",\"@id\":\"https:\/\/kiennang.com\/san-pham\/giay-cuon-greaseproof\/#webpage\",\"url\":\"https:\/\/kiennang.com\/san-pham\/giay-cuon-greaseproof\/\",\"name\":\"Gi\\u1ea5y cu\\u1ed9n Greaseproof &ndash; Kien Nang Packaging Manufacturer\",\"isPartOf\":{\"@id\":\"https:\/\/kiennang.com\/#website\"},\"primaryImageOfPage\":{\"@id\":\"https:\/\/kiennang.com\/san-pham\/giay-cuon-greaseproof\/#primaryimage\"},\"datePublished\":\"2020-07-16T08:30:42+00:00\",\"dateModified\":\"2020-07-16T08:50:45+00:00\",\"breadcrumb\":{\"@id\":\"https:\/\/kiennang.com\/san-pham\/giay-cuon-greaseproof\/#breadcrumb\"},\"inLanguage\":\"en-US\",\"potentialAction\":[{\"@type\":\"ReadAction\",\"target\":[\"https:\/\/kiennang.com\/san-pham\/giay-cuon-greaseproof\/\"]}]},{\"@type\":\"BreadcrumbList\",\"@id\":\"https:\/\/kiennang.com\/san-pham\/giay-cuon-greaseproof\/#breadcrumb\",\"itemListElement\":[{\"@type\":\"ListItem\",\"position\":1,\"name\":\"Trang ch\\u1ee7\",\"item\":\"https:\/\/kiennang.com\/\"},{\"@type\":\"ListItem\",\"position\":2,\"name\":\"\"},{\"@type\":\"ListItem\",\"position\":3,\"name\":\"Gi\\u1ea5y cu\\u1ed9n Greaseproof\"}]}]}<\/script>\n<!-- \/ Yoast SEO plugin. -->","yoast_head_json":{"title":"Gi\u1ea5y cu\u1ed9n Greaseproof &ndash; Kien Nang Packaging Manufacturer","robots":{"index":"index","follow":"follow","max-snippet":"max-snippet:-1","max-image-preview":"max-image-preview:large","max-video-preview":"max-video-preview:-1"},"canonical":"https:\/\/kiennang.com\/san-pham\/giay-cuon-greaseproof\/","og_locale":"en_US","og_type":"article","og_title":"Gi\u1ea5y cu\u1ed9n Greaseproof &ndash; Kien Nang Packaging Manufacturer","og_description":"* M\u00e3 s\u1ed1: * \u0110\u1eb7c t\u00ednh: gi\u1ea5y Greaseproof l\u00e0 gi\u1ea5y ch\u1ed1ng th\u1ea5m c\u00f3 nhi\u1ec1u c\u1ea5p \u0111\u1ed9 t\u1eeb Kit 0, 1~3, 4~5, 6~7\u2026 Gi\u1ea5y n\u00e0y c\u00f3 t\u00ednh h\u1ea1n ch\u1ebf d\u1ea7u m\u1ee1 b\u01a1\u2026 th\u1ea5m ra ngo\u00e0i. C\u1ea5p \u0111\u1ed9 c\u00e0ng cao, kh\u1ea3 n\u0103ng ch\u1ed1ng th\u1ea5m c\u00e0ng t\u1ed1t * \u0110\u1ecbnh l\u01b0\u1ee3ng: 38\/40 gsm QC: 10.000m\/cu\u1ed9n","og_url":"https:\/\/kiennang.com\/san-pham\/giay-cuon-greaseproof\/","og_site_name":"Kien Nang Packaging Manufacturer","article_modified_time":"2020-07-16T08:50:45+00:00","og_image":[{"width":600,"height":600,"url":"https:\/\/kiennang.com\/wp-content\/uploads\/2018\/11\/giay-cuon-sp.jpg","path":"\/home\/kiennang\/public_html\/wp-content\/uploads\/2018\/11\/giay-cuon-sp.jpg","size":"full","id":1004,"alt":"","pixels":360000,"type":"image\/jpeg"}],"twitter_card":"summary_large_image","schema":{"@context":"https:\/\/schema.org","@graph":[{"@type":"WebSite","@id":"https:\/\/kiennang.com\/#website","url":"https:\/\/kiennang.com\/","name":"Kien Nang Packaging Manufacturer","description":"Food packaging | Paper Box | Printed Cheap Paper Bags","potentialAction":[{"@type":"SearchAction","target":{"@type":"EntryPoint","urlTemplate":"https:\/\/kiennang.com\/?s={search_term_string}"},"query-input":"required name=search_term_string"}],"inLanguage":"en-US"},{"@type":"ImageObject","@id":"https:\/\/kiennang.com\/san-pham\/giay-cuon-greaseproof\/#primaryimage","inLanguage":"en-US","url":"https:\/\/kiennang.com\/wp-content\/uploads\/2018\/11\/giay-cuon-sp.jpg","contentUrl":"https:\/\/kiennang.com\/wp-content\/uploads\/2018\/11\/giay-cuon-sp.jpg","width":600,"height":600},{"@type":"WebPage","@id":"https:\/\/kiennang.com\/san-pham\/giay-cuon-greaseproof\/#webpage","url":"https:\/\/kiennang.com\/san-pham\/giay-cuon-greaseproof\/","name":"Gi\u1ea5y cu\u1ed9n Greaseproof &ndash; Kien Nang Packaging Manufacturer","isPartOf":{"@id":"https:\/\/kiennang.com\/#website"},"primaryImageOfPage":{"@id":"https:\/\/kiennang.com\/san-pham\/giay-cuon-greaseproof\/#primaryimage"},"datePublished":"2020-07-16T08:30:42+00:00","dateModified":"2020-07-16T08:50:45+00:00","breadcrumb":{"@id":"https:\/\/kiennang.com\/san-pham\/giay-cuon-greaseproof\/#breadcrumb"},"inLanguage":"en-US","potentialAction":[{"@type":"ReadAction","target":["https:\/\/kiennang.com\/san-pham\/giay-cuon-greaseproof\/"]}]},{"@type":"BreadcrumbList","@id":"https:\/\/kiennang.com\/san-pham\/giay-cuon-greaseproof\/#breadcrumb","itemListElement":[{"@type":"ListItem","position":1,"name":"Trang ch\u1ee7","item":"https:\/\/kiennang.com\/"},{"@type":"ListItem","position":2,"name":""},{"@type":"ListItem","position":3,"name":"Gi\u1ea5y cu\u1ed9n Greaseproof"}]}]}},"_links":{"self":[{"href":"https:\/\/kiennang.com\/en\/wp-json\/wp\/v2\/product\/982"}],"collection":[{"href":"https:\/\/kiennang.com\/en\/wp-json\/wp\/v2\/product"}],"about":[{"href":"https:\/\/kiennang.com\/en\/wp-json\/wp\/v2\/types\/product"}],"replies":[{"embeddable":true,"href":"https:\/\/kiennang.com\/en\/wp-json\/wp\/v2\/comments?post=982"}],"wp:featuredmedia":[{"embeddable":true,"href":"https:\/\/kiennang.com\/en\/wp-json\/wp\/v2\/media\/1004"}],"wp:attachment":[{"href":"https:\/\/kiennang.com\/en\/wp-json\/wp\/v2\/media?parent=982"}],"wp:term":[{"taxonomy":"product_cat","embeddable":true,"href":"https:\/\/kiennang.com\/en\/wp-json\/wp\/v2\/product_cat?post=982"},{"taxonomy":"product_tag","embeddable":true,"href":"https:\/\/kiennang.com\/en\/wp-json\/wp\/v2\/product_tag?post=982"}],"curies":[{"name":"wp","href":"https:\/\/api.w.org\/{rel}","templated":true}]}}