{"id":974,"date":"2020-07-16T15:30:39","date_gmt":"2020-07-16T08:30:39","guid":{"rendered":"https:\/\/kiennang.com\/san-pham\/hop-dung-hamburger\/"},"modified":"2020-07-16T15:50:44","modified_gmt":"2020-07-16T08:50:44","slug":"hop-dung-hamburger","status":"publish","type":"product","link":"https:\/\/kiennang.com\/en\/san-pham\/hop-dung-hamburger\/","title":{"rendered":"H\u1ed9p \u0111\u1ef1ng Hamburger"},"content":{"rendered":"<p>* M\u00e3 s\u1ed1:<br \/>\n* M\u00f4 t\u1ea3: H\u1ed9p \u0111\u1ef1ng hamburger c\u00f3 d\u1ea1ng \u0111\u00e1y nh\u1ecf mi\u1ec7ng to k\u1ebft h\u1ee3p ph\u1ea7n n\u1eafp \u0111\u1eady c\u00f3 h\u00ecnh d\u00e1ng t\u01b0\u01a1ng t\u1ef1 t\u1ea1o n\u00ean d\u00e1ng v\u1ebb \u0111\u1ed9c \u0111\u00e1o m\u00e0 v\u1eabn c\u00f3 th\u1ec3 thao t\u00e1c \u0111\u00f3ng m\u1edf nhanh g\u1ecdn<br \/>\n* Ch\u1ea5t li\u1ec7u: Kraft, Ivory\u2026 c\u00f3 m\u00e0ng ho\u1eb7c kh\u00f4ng m\u00e0ng t\u00f9y nhu c\u1ea7u s\u1eed d\u1ee5ng<br \/>\n* Th\u00edch h\u1ee3p: \u0111\u1ef1ng hamburger, b\u00e1nh bao&#8230;<br \/>\n* QC:<br \/>\n* T\u1ea3i n\u1eb7ng:<br \/>\n* \u0110\u00f3ng g\u00f3i:<\/p>\n","protected":false},"excerpt":{"rendered":"<p>* M\u00e3 s\u1ed1: * M\u00f4 t\u1ea3: H\u1ed9p \u0111\u1ef1ng hamburger c\u00f3 d\u1ea1ng \u0111\u00e1y nh\u1ecf mi\u1ec7ng to k\u1ebft h\u1ee3p ph\u1ea7n n\u1eafp \u0111\u1eady c\u00f3 h\u00ecnh d\u00e1ng t\u01b0\u01a1ng t\u1ef1 t\u1ea1o n\u00ean d\u00e1ng v\u1ebb \u0111\u1ed9c \u0111\u00e1o m\u00e0 v\u1eabn c\u00f3 th\u1ec3 thao t\u00e1c \u0111\u00f3ng m\u1edf nhanh g\u1ecdn * Ch\u1ea5t li\u1ec7u: Kraft, Ivory\u2026 c\u00f3 m\u00e0ng ho\u1eb7c kh\u00f4ng m\u00e0ng t\u00f9y nhu c\u1ea7u s\u1eed [&#8230;]\n","protected":false},"featured_media":913,"comment_status":"closed","ping_status":"open","template":"","meta":[],"product_cat":[102],"product_tag":[],"yoast_head":"<!-- This site is optimized with the Yoast SEO plugin v17.1 - https:\/\/yoast.com\/wordpress\/plugins\/seo\/ -->\n<title>H\u1ed9p \u0111\u1ef1ng hamburger - In h\u1ed9p \u0111\u1ef1ng hamburger &ndash; Kien Nang Packaging Manufacturer<\/title>\n<meta name=\"description\" content=\"H\u1ed9p \u0111\u1ef1ng hamburger c\u00f3 d\u1ea1ng \u0111\u00e1y nh\u1ecf mi\u1ec7ng to k\u1ebft h\u1ee3p ph\u1ea7n n\u1eafp \u0111\u1eady c\u00f3 h\u00ecnh d\u00e1ng t\u01b0\u01a1ng t\u1ef1 t\u1ea1o n\u00ean d\u00e1ng v\u1ebb \u0111\u1ed9c \u0111\u00e1o m\u00e0 v\u1eabn c\u00f3 th\u1ec3 thao t\u00e1c \u0111\u00f3ng m\u1edf nhanh g\u1ecdn\" \/>\n<meta name=\"robots\" content=\"index, follow, max-snippet:-1, max-image-preview:large, max-video-preview:-1\" \/>\n<link rel=\"canonical\" href=\"https:\/\/kiennang.com\/san-pham\/hop-dung-hamburger\/\" \/>\n<meta property=\"og:locale\" content=\"en_US\" \/>\n<meta property=\"og:type\" content=\"article\" \/>\n<meta property=\"og:title\" content=\"H\u1ed9p \u0111\u1ef1ng hamburger - In h\u1ed9p \u0111\u1ef1ng hamburger &ndash; Kien Nang Packaging Manufacturer\" \/>\n<meta property=\"og:description\" content=\"H\u1ed9p \u0111\u1ef1ng hamburger c\u00f3 d\u1ea1ng \u0111\u00e1y nh\u1ecf mi\u1ec7ng to k\u1ebft h\u1ee3p ph\u1ea7n n\u1eafp \u0111\u1eady c\u00f3 h\u00ecnh d\u00e1ng t\u01b0\u01a1ng t\u1ef1 t\u1ea1o n\u00ean d\u00e1ng v\u1ebb \u0111\u1ed9c \u0111\u00e1o m\u00e0 v\u1eabn c\u00f3 th\u1ec3 thao t\u00e1c \u0111\u00f3ng m\u1edf nhanh g\u1ecdn\" \/>\n<meta property=\"og:url\" content=\"https:\/\/kiennang.com\/san-pham\/hop-dung-hamburger\/\" \/>\n<meta property=\"og:site_name\" content=\"Kien Nang Packaging Manufacturer\" \/>\n<meta property=\"article:modified_time\" content=\"2020-07-16T08:50:44+00:00\" \/>\n<meta property=\"og:image\" content=\"https:\/\/kiennang.com\/wp-content\/uploads\/2018\/10\/hop-hamburger.jpg\" \/>\n\t<meta property=\"og:image:width\" content=\"600\" \/>\n\t<meta property=\"og:image:height\" content=\"600\" \/>\n<meta name=\"twitter:card\" content=\"summary_large_image\" \/>\n<script type=\"application\/ld+json\" class=\"yoast-schema-graph\">{\"@context\":\"https:\/\/schema.org\",\"@graph\":[{\"@type\":\"WebSite\",\"@id\":\"https:\/\/kiennang.com\/#website\",\"url\":\"https:\/\/kiennang.com\/\",\"name\":\"Kien Nang Packaging Manufacturer\",\"description\":\"Food packaging | Paper Box | Printed Cheap Paper Bags\",\"potentialAction\":[{\"@type\":\"SearchAction\",\"target\":{\"@type\":\"EntryPoint\",\"urlTemplate\":\"https:\/\/kiennang.com\/?s={search_term_string}\"},\"query-input\":\"required name=search_term_string\"}],\"inLanguage\":\"en-US\"},{\"@type\":\"ImageObject\",\"@id\":\"https:\/\/kiennang.com\/san-pham\/hop-dung-hamburger\/#primaryimage\",\"inLanguage\":\"en-US\",\"url\":\"https:\/\/kiennang.com\/wp-content\/uploads\/2018\/10\/hop-hamburger.jpg\",\"contentUrl\":\"https:\/\/kiennang.com\/wp-content\/uploads\/2018\/10\/hop-hamburger.jpg\",\"width\":600,\"height\":600,\"caption\":\"(Ti\\u1ebfng Vi\\u1ec7t) H\\u1ed9p hamburger\"},{\"@type\":\"WebPage\",\"@id\":\"https:\/\/kiennang.com\/san-pham\/hop-dung-hamburger\/#webpage\",\"url\":\"https:\/\/kiennang.com\/san-pham\/hop-dung-hamburger\/\",\"name\":\"H\\u1ed9p \\u0111\\u1ef1ng hamburger - In h\\u1ed9p \\u0111\\u1ef1ng hamburger &ndash; Kien Nang Packaging Manufacturer\",\"isPartOf\":{\"@id\":\"https:\/\/kiennang.com\/#website\"},\"primaryImageOfPage\":{\"@id\":\"https:\/\/kiennang.com\/san-pham\/hop-dung-hamburger\/#primaryimage\"},\"datePublished\":\"2020-07-16T08:30:39+00:00\",\"dateModified\":\"2020-07-16T08:50:44+00:00\",\"description\":\"H\\u1ed9p \\u0111\\u1ef1ng hamburger c\\u00f3 d\\u1ea1ng \\u0111\\u00e1y nh\\u1ecf mi\\u1ec7ng to k\\u1ebft h\\u1ee3p ph\\u1ea7n n\\u1eafp \\u0111\\u1eady c\\u00f3 h\\u00ecnh d\\u00e1ng t\\u01b0\\u01a1ng t\\u1ef1 t\\u1ea1o n\\u00ean d\\u00e1ng v\\u1ebb \\u0111\\u1ed9c \\u0111\\u00e1o m\\u00e0 v\\u1eabn c\\u00f3 th\\u1ec3 thao t\\u00e1c \\u0111\\u00f3ng m\\u1edf nhanh g\\u1ecdn\",\"breadcrumb\":{\"@id\":\"https:\/\/kiennang.com\/san-pham\/hop-dung-hamburger\/#breadcrumb\"},\"inLanguage\":\"en-US\",\"potentialAction\":[{\"@type\":\"ReadAction\",\"target\":[\"https:\/\/kiennang.com\/san-pham\/hop-dung-hamburger\/\"]}]},{\"@type\":\"BreadcrumbList\",\"@id\":\"https:\/\/kiennang.com\/san-pham\/hop-dung-hamburger\/#breadcrumb\",\"itemListElement\":[{\"@type\":\"ListItem\",\"position\":1,\"name\":\"Trang ch\\u1ee7\",\"item\":\"https:\/\/kiennang.com\/\"},{\"@type\":\"ListItem\",\"position\":2,\"name\":\"\"},{\"@type\":\"ListItem\",\"position\":3,\"name\":\"H\\u1ed9p \\u0111\\u1ef1ng Hamburger\"}]}]}<\/script>\n<!-- \/ Yoast SEO plugin. -->","yoast_head_json":{"title":"H\u1ed9p \u0111\u1ef1ng hamburger - In h\u1ed9p \u0111\u1ef1ng hamburger &ndash; Kien Nang Packaging Manufacturer","description":"H\u1ed9p \u0111\u1ef1ng hamburger c\u00f3 d\u1ea1ng \u0111\u00e1y nh\u1ecf mi\u1ec7ng to k\u1ebft h\u1ee3p ph\u1ea7n n\u1eafp \u0111\u1eady c\u00f3 h\u00ecnh d\u00e1ng t\u01b0\u01a1ng t\u1ef1 t\u1ea1o n\u00ean d\u00e1ng v\u1ebb \u0111\u1ed9c \u0111\u00e1o m\u00e0 v\u1eabn c\u00f3 th\u1ec3 thao t\u00e1c \u0111\u00f3ng m\u1edf nhanh g\u1ecdn","robots":{"index":"index","follow":"follow","max-snippet":"max-snippet:-1","max-image-preview":"max-image-preview:large","max-video-preview":"max-video-preview:-1"},"canonical":"https:\/\/kiennang.com\/san-pham\/hop-dung-hamburger\/","og_locale":"en_US","og_type":"article","og_title":"H\u1ed9p \u0111\u1ef1ng hamburger - In h\u1ed9p \u0111\u1ef1ng hamburger &ndash; Kien Nang Packaging Manufacturer","og_description":"H\u1ed9p \u0111\u1ef1ng hamburger c\u00f3 d\u1ea1ng \u0111\u00e1y nh\u1ecf mi\u1ec7ng to k\u1ebft h\u1ee3p ph\u1ea7n n\u1eafp \u0111\u1eady c\u00f3 h\u00ecnh d\u00e1ng t\u01b0\u01a1ng t\u1ef1 t\u1ea1o n\u00ean d\u00e1ng v\u1ebb \u0111\u1ed9c \u0111\u00e1o m\u00e0 v\u1eabn c\u00f3 th\u1ec3 thao t\u00e1c \u0111\u00f3ng m\u1edf nhanh g\u1ecdn","og_url":"https:\/\/kiennang.com\/san-pham\/hop-dung-hamburger\/","og_site_name":"Kien Nang Packaging Manufacturer","article_modified_time":"2020-07-16T08:50:44+00:00","og_image":[{"width":600,"height":600,"url":"https:\/\/kiennang.com\/wp-content\/uploads\/2018\/10\/hop-hamburger.jpg","path":"\/home\/kiennang\/public_html\/wp-content\/uploads\/2018\/10\/hop-hamburger.jpg","size":"full","id":913,"alt":"[:vi]H\u1ed9p hamburger [:]","pixels":360000,"type":"image\/jpeg"}],"twitter_card":"summary_large_image","schema":{"@context":"https:\/\/schema.org","@graph":[{"@type":"WebSite","@id":"https:\/\/kiennang.com\/#website","url":"https:\/\/kiennang.com\/","name":"Kien Nang Packaging Manufacturer","description":"Food packaging | Paper Box | Printed Cheap Paper Bags","potentialAction":[{"@type":"SearchAction","target":{"@type":"EntryPoint","urlTemplate":"https:\/\/kiennang.com\/?s={search_term_string}"},"query-input":"required name=search_term_string"}],"inLanguage":"en-US"},{"@type":"ImageObject","@id":"https:\/\/kiennang.com\/san-pham\/hop-dung-hamburger\/#primaryimage","inLanguage":"en-US","url":"https:\/\/kiennang.com\/wp-content\/uploads\/2018\/10\/hop-hamburger.jpg","contentUrl":"https:\/\/kiennang.com\/wp-content\/uploads\/2018\/10\/hop-hamburger.jpg","width":600,"height":600,"caption":"(Ti\u1ebfng Vi\u1ec7t) H\u1ed9p hamburger"},{"@type":"WebPage","@id":"https:\/\/kiennang.com\/san-pham\/hop-dung-hamburger\/#webpage","url":"https:\/\/kiennang.com\/san-pham\/hop-dung-hamburger\/","name":"H\u1ed9p \u0111\u1ef1ng hamburger - In h\u1ed9p \u0111\u1ef1ng hamburger &ndash; Kien Nang Packaging Manufacturer","isPartOf":{"@id":"https:\/\/kiennang.com\/#website"},"primaryImageOfPage":{"@id":"https:\/\/kiennang.com\/san-pham\/hop-dung-hamburger\/#primaryimage"},"datePublished":"2020-07-16T08:30:39+00:00","dateModified":"2020-07-16T08:50:44+00:00","description":"H\u1ed9p \u0111\u1ef1ng hamburger c\u00f3 d\u1ea1ng \u0111\u00e1y nh\u1ecf mi\u1ec7ng to k\u1ebft h\u1ee3p ph\u1ea7n n\u1eafp \u0111\u1eady c\u00f3 h\u00ecnh d\u00e1ng t\u01b0\u01a1ng t\u1ef1 t\u1ea1o n\u00ean d\u00e1ng v\u1ebb \u0111\u1ed9c \u0111\u00e1o m\u00e0 v\u1eabn c\u00f3 th\u1ec3 thao t\u00e1c \u0111\u00f3ng m\u1edf nhanh g\u1ecdn","breadcrumb":{"@id":"https:\/\/kiennang.com\/san-pham\/hop-dung-hamburger\/#breadcrumb"},"inLanguage":"en-US","potentialAction":[{"@type":"ReadAction","target":["https:\/\/kiennang.com\/san-pham\/hop-dung-hamburger\/"]}]},{"@type":"BreadcrumbList","@id":"https:\/\/kiennang.com\/san-pham\/hop-dung-hamburger\/#breadcrumb","itemListElement":[{"@type":"ListItem","position":1,"name":"Trang ch\u1ee7","item":"https:\/\/kiennang.com\/"},{"@type":"ListItem","position":2,"name":""},{"@type":"ListItem","position":3,"name":"H\u1ed9p \u0111\u1ef1ng Hamburger"}]}]}},"_links":{"self":[{"href":"https:\/\/kiennang.com\/en\/wp-json\/wp\/v2\/product\/974"}],"collection":[{"href":"https:\/\/kiennang.com\/en\/wp-json\/wp\/v2\/product"}],"about":[{"href":"https:\/\/kiennang.com\/en\/wp-json\/wp\/v2\/types\/product"}],"replies":[{"embeddable":true,"href":"https:\/\/kiennang.com\/en\/wp-json\/wp\/v2\/comments?post=974"}],"wp:featuredmedia":[{"embeddable":true,"href":"https:\/\/kiennang.com\/en\/wp-json\/wp\/v2\/media\/913"}],"wp:attachment":[{"href":"https:\/\/kiennang.com\/en\/wp-json\/wp\/v2\/media?parent=974"}],"wp:term":[{"taxonomy":"product_cat","embeddable":true,"href":"https:\/\/kiennang.com\/en\/wp-json\/wp\/v2\/product_cat?post=974"},{"taxonomy":"product_tag","embeddable":true,"href":"https:\/\/kiennang.com\/en\/wp-json\/wp\/v2\/product_tag?post=974"}],"curies":[{"name":"wp","href":"https:\/\/api.w.org\/{rel}","templated":true}]}}