{"id":972,"date":"2020-07-16T15:30:39","date_gmt":"2020-07-16T08:30:39","guid":{"rendered":"https:\/\/kiennang.com\/san-pham\/hop-pizza-tam-giac\/"},"modified":"2020-07-16T15:50:43","modified_gmt":"2020-07-16T08:50:43","slug":"hop-pizza-tam-giac","status":"publish","type":"product","link":"https:\/\/kiennang.com\/en\/san-pham\/hop-pizza-tam-giac\/","title":{"rendered":"H\u1ed9p Pizza tam gi\u00e1c"},"content":{"rendered":"<p>* M\u00e3 s\u1ed1:<br \/>\n* M\u00f4 t\u1ea3: H\u1ed9p pizza tam gi\u00e1c c\u00f3 d\u1ea1ng tam gi\u00e1c  c\u00f3 th\u1ec3 \u0111\u00f3ng m\u1edf n\u1eafp d\u1ec5 d\u00e0ng m\u00e0 v\u1eabn ch\u1eafc ch\u1eafn, ngo\u00e0i ra c\u00f2n c\u00f3 th\u1ec3 nh\u00ecn th\u1ea5y b\u00e1nh b\u00ean trong qua m\u00e0ng supo gi\u00fap t\u0103ng c\u1ea3m gi\u00e1c ngon mi\u1ec7ng v\u00e0 gi\u00fap th\u1ef1c kh\u00e1ch d\u1ec5 d\u00e0ng ch\u1ecdn l\u1ef1a lo\u1ea1i b\u00e1nh m\u00ecnh y\u00eau th\u00edch<br \/>\n* Ch\u1ea5t li\u1ec7u: Kraft, Ivory, carton\u2026 t\u00f9y nhu c\u1ea7u s\u1eed d\u1ee5ng<br \/>\n* QC: 21 x 16.5 x 3.5 cm<br \/>\n* Th\u00edch h\u1ee3p: \u0111\u1ef1ng pizza, b\u00e1nh sandwich tam gi\u00e1c, b\u00e1nh crepes tam gi\u00e1c&#8230;<br \/>\n* T\u1ea3i n\u1eb7ng:<br \/>\n* \u0110\u00f3ng g\u00f3i:<\/p>\n","protected":false},"excerpt":{"rendered":"<p>* M\u00e3 s\u1ed1: * M\u00f4 t\u1ea3: H\u1ed9p pizza tam gi\u00e1c c\u00f3 d\u1ea1ng tam gi\u00e1c c\u00f3 th\u1ec3 \u0111\u00f3ng m\u1edf n\u1eafp d\u1ec5 d\u00e0ng m\u00e0 v\u1eabn ch\u1eafc ch\u1eafn, ngo\u00e0i ra c\u00f2n c\u00f3 th\u1ec3 nh\u00ecn th\u1ea5y b\u00e1nh b\u00ean trong qua m\u00e0ng supo gi\u00fap t\u0103ng c\u1ea3m gi\u00e1c ngon mi\u1ec7ng v\u00e0 gi\u00fap th\u1ef1c kh\u00e1ch d\u1ec5 d\u00e0ng ch\u1ecdn l\u1ef1a lo\u1ea1i b\u00e1nh m\u00ecnh [&#8230;]\n","protected":false},"featured_media":917,"comment_status":"closed","ping_status":"open","template":"","meta":[],"product_cat":[102],"product_tag":[],"yoast_head":"<!-- This site is optimized with the Yoast SEO plugin v17.1 - https:\/\/yoast.com\/wordpress\/plugins\/seo\/ -->\n<title>H\u1ed9p pizza - H\u1ed9p \u0111\u1ef1ng b\u00e1nh pizza - h\u1ed9p pizza tam gi\u00e1c &ndash; Kien Nang Packaging Manufacturer<\/title>\n<meta name=\"description\" content=\"H\u1ed9p pizza tam gi\u00e1c c\u00f3 d\u1ea1ng tam gi\u00e1c c\u00f3 th\u1ec3 \u0111\u00f3ng m\u1edf n\u1eafp d\u1ec5 d\u00e0ng, c\u00f2n c\u00f3 th\u1ec3 nh\u00ecn th\u1ea5y b\u00e1nh b\u00ean trong qua m\u00e0ng supo gi\u00fap t\u0103ng c\u1ea3m gi\u00e1c ngon mi\u1ec7ng.\" \/>\n<meta name=\"robots\" content=\"index, follow, max-snippet:-1, max-image-preview:large, max-video-preview:-1\" \/>\n<link rel=\"canonical\" href=\"https:\/\/kiennang.com\/san-pham\/hop-pizza-tam-giac\/\" \/>\n<meta property=\"og:locale\" content=\"en_US\" \/>\n<meta property=\"og:type\" content=\"article\" \/>\n<meta property=\"og:title\" content=\"H\u1ed9p pizza - H\u1ed9p \u0111\u1ef1ng b\u00e1nh pizza - h\u1ed9p pizza tam gi\u00e1c &ndash; Kien Nang Packaging Manufacturer\" \/>\n<meta property=\"og:description\" content=\"H\u1ed9p pizza tam gi\u00e1c c\u00f3 d\u1ea1ng tam gi\u00e1c c\u00f3 th\u1ec3 \u0111\u00f3ng m\u1edf n\u1eafp d\u1ec5 d\u00e0ng, c\u00f2n c\u00f3 th\u1ec3 nh\u00ecn th\u1ea5y b\u00e1nh b\u00ean trong qua m\u00e0ng supo gi\u00fap t\u0103ng c\u1ea3m gi\u00e1c ngon mi\u1ec7ng.\" \/>\n<meta property=\"og:url\" content=\"https:\/\/kiennang.com\/san-pham\/hop-pizza-tam-giac\/\" \/>\n<meta property=\"og:site_name\" content=\"Kien Nang Packaging Manufacturer\" \/>\n<meta property=\"article:modified_time\" content=\"2020-07-16T08:50:43+00:00\" \/>\n<meta property=\"og:image\" content=\"https:\/\/kiennang.com\/wp-content\/uploads\/2018\/10\/hop-pizza-tam-giac.jpg\" \/>\n\t<meta property=\"og:image:width\" content=\"600\" \/>\n\t<meta property=\"og:image:height\" content=\"600\" \/>\n<meta name=\"twitter:card\" content=\"summary_large_image\" \/>\n<meta name=\"twitter:label1\" content=\"Est. reading time\" \/>\n\t<meta name=\"twitter:data1\" content=\"1 minute\" \/>\n<script type=\"application\/ld+json\" class=\"yoast-schema-graph\">{\"@context\":\"https:\/\/schema.org\",\"@graph\":[{\"@type\":\"WebSite\",\"@id\":\"https:\/\/kiennang.com\/#website\",\"url\":\"https:\/\/kiennang.com\/\",\"name\":\"Kien Nang Packaging Manufacturer\",\"description\":\"Food packaging | Paper Box | Printed Cheap Paper Bags\",\"potentialAction\":[{\"@type\":\"SearchAction\",\"target\":{\"@type\":\"EntryPoint\",\"urlTemplate\":\"https:\/\/kiennang.com\/?s={search_term_string}\"},\"query-input\":\"required name=search_term_string\"}],\"inLanguage\":\"en-US\"},{\"@type\":\"ImageObject\",\"@id\":\"https:\/\/kiennang.com\/san-pham\/hop-pizza-tam-giac\/#primaryimage\",\"inLanguage\":\"en-US\",\"url\":\"https:\/\/kiennang.com\/wp-content\/uploads\/2018\/10\/hop-pizza-tam-giac.jpg\",\"contentUrl\":\"https:\/\/kiennang.com\/wp-content\/uploads\/2018\/10\/hop-pizza-tam-giac.jpg\",\"width\":600,\"height\":600},{\"@type\":\"WebPage\",\"@id\":\"https:\/\/kiennang.com\/san-pham\/hop-pizza-tam-giac\/#webpage\",\"url\":\"https:\/\/kiennang.com\/san-pham\/hop-pizza-tam-giac\/\",\"name\":\"H\\u1ed9p pizza - H\\u1ed9p \\u0111\\u1ef1ng b\\u00e1nh pizza - h\\u1ed9p pizza tam gi\\u00e1c &ndash; Kien Nang Packaging Manufacturer\",\"isPartOf\":{\"@id\":\"https:\/\/kiennang.com\/#website\"},\"primaryImageOfPage\":{\"@id\":\"https:\/\/kiennang.com\/san-pham\/hop-pizza-tam-giac\/#primaryimage\"},\"datePublished\":\"2020-07-16T08:30:39+00:00\",\"dateModified\":\"2020-07-16T08:50:43+00:00\",\"description\":\"H\\u1ed9p pizza tam gi\\u00e1c c\\u00f3 d\\u1ea1ng tam gi\\u00e1c c\\u00f3 th\\u1ec3 \\u0111\\u00f3ng m\\u1edf n\\u1eafp d\\u1ec5 d\\u00e0ng, c\\u00f2n c\\u00f3 th\\u1ec3 nh\\u00ecn th\\u1ea5y b\\u00e1nh b\\u00ean trong qua m\\u00e0ng supo gi\\u00fap t\\u0103ng c\\u1ea3m gi\\u00e1c ngon mi\\u1ec7ng.\",\"breadcrumb\":{\"@id\":\"https:\/\/kiennang.com\/san-pham\/hop-pizza-tam-giac\/#breadcrumb\"},\"inLanguage\":\"en-US\",\"potentialAction\":[{\"@type\":\"ReadAction\",\"target\":[\"https:\/\/kiennang.com\/san-pham\/hop-pizza-tam-giac\/\"]}]},{\"@type\":\"BreadcrumbList\",\"@id\":\"https:\/\/kiennang.com\/san-pham\/hop-pizza-tam-giac\/#breadcrumb\",\"itemListElement\":[{\"@type\":\"ListItem\",\"position\":1,\"name\":\"Trang ch\\u1ee7\",\"item\":\"https:\/\/kiennang.com\/\"},{\"@type\":\"ListItem\",\"position\":2,\"name\":\"\"},{\"@type\":\"ListItem\",\"position\":3,\"name\":\"H\\u1ed9p Pizza tam gi\\u00e1c\"}]}]}<\/script>\n<!-- \/ Yoast SEO plugin. -->","yoast_head_json":{"title":"H\u1ed9p pizza - H\u1ed9p \u0111\u1ef1ng b\u00e1nh pizza - h\u1ed9p pizza tam gi\u00e1c &ndash; Kien Nang Packaging Manufacturer","description":"H\u1ed9p pizza tam gi\u00e1c c\u00f3 d\u1ea1ng tam gi\u00e1c c\u00f3 th\u1ec3 \u0111\u00f3ng m\u1edf n\u1eafp d\u1ec5 d\u00e0ng, c\u00f2n c\u00f3 th\u1ec3 nh\u00ecn th\u1ea5y b\u00e1nh b\u00ean trong qua m\u00e0ng supo gi\u00fap t\u0103ng c\u1ea3m gi\u00e1c ngon mi\u1ec7ng.","robots":{"index":"index","follow":"follow","max-snippet":"max-snippet:-1","max-image-preview":"max-image-preview:large","max-video-preview":"max-video-preview:-1"},"canonical":"https:\/\/kiennang.com\/san-pham\/hop-pizza-tam-giac\/","og_locale":"en_US","og_type":"article","og_title":"H\u1ed9p pizza - H\u1ed9p \u0111\u1ef1ng b\u00e1nh pizza - h\u1ed9p pizza tam gi\u00e1c &ndash; Kien Nang Packaging Manufacturer","og_description":"H\u1ed9p pizza tam gi\u00e1c c\u00f3 d\u1ea1ng tam gi\u00e1c c\u00f3 th\u1ec3 \u0111\u00f3ng m\u1edf n\u1eafp d\u1ec5 d\u00e0ng, c\u00f2n c\u00f3 th\u1ec3 nh\u00ecn th\u1ea5y b\u00e1nh b\u00ean trong qua m\u00e0ng supo gi\u00fap t\u0103ng c\u1ea3m gi\u00e1c ngon mi\u1ec7ng.","og_url":"https:\/\/kiennang.com\/san-pham\/hop-pizza-tam-giac\/","og_site_name":"Kien Nang Packaging Manufacturer","article_modified_time":"2020-07-16T08:50:43+00:00","og_image":[{"width":600,"height":600,"url":"https:\/\/kiennang.com\/wp-content\/uploads\/2018\/10\/hop-pizza-tam-giac.jpg","path":"\/home\/kiennang\/public_html\/wp-content\/uploads\/2018\/10\/hop-pizza-tam-giac.jpg","size":"full","id":917,"alt":"","pixels":360000,"type":"image\/jpeg"}],"twitter_card":"summary_large_image","twitter_misc":{"Est. reading time":"1 minute"},"schema":{"@context":"https:\/\/schema.org","@graph":[{"@type":"WebSite","@id":"https:\/\/kiennang.com\/#website","url":"https:\/\/kiennang.com\/","name":"Kien Nang Packaging Manufacturer","description":"Food packaging | Paper Box | Printed Cheap Paper Bags","potentialAction":[{"@type":"SearchAction","target":{"@type":"EntryPoint","urlTemplate":"https:\/\/kiennang.com\/?s={search_term_string}"},"query-input":"required name=search_term_string"}],"inLanguage":"en-US"},{"@type":"ImageObject","@id":"https:\/\/kiennang.com\/san-pham\/hop-pizza-tam-giac\/#primaryimage","inLanguage":"en-US","url":"https:\/\/kiennang.com\/wp-content\/uploads\/2018\/10\/hop-pizza-tam-giac.jpg","contentUrl":"https:\/\/kiennang.com\/wp-content\/uploads\/2018\/10\/hop-pizza-tam-giac.jpg","width":600,"height":600},{"@type":"WebPage","@id":"https:\/\/kiennang.com\/san-pham\/hop-pizza-tam-giac\/#webpage","url":"https:\/\/kiennang.com\/san-pham\/hop-pizza-tam-giac\/","name":"H\u1ed9p pizza - H\u1ed9p \u0111\u1ef1ng b\u00e1nh pizza - h\u1ed9p pizza tam gi\u00e1c &ndash; Kien Nang Packaging Manufacturer","isPartOf":{"@id":"https:\/\/kiennang.com\/#website"},"primaryImageOfPage":{"@id":"https:\/\/kiennang.com\/san-pham\/hop-pizza-tam-giac\/#primaryimage"},"datePublished":"2020-07-16T08:30:39+00:00","dateModified":"2020-07-16T08:50:43+00:00","description":"H\u1ed9p pizza tam gi\u00e1c c\u00f3 d\u1ea1ng tam gi\u00e1c c\u00f3 th\u1ec3 \u0111\u00f3ng m\u1edf n\u1eafp d\u1ec5 d\u00e0ng, c\u00f2n c\u00f3 th\u1ec3 nh\u00ecn th\u1ea5y b\u00e1nh b\u00ean trong qua m\u00e0ng supo gi\u00fap t\u0103ng c\u1ea3m gi\u00e1c ngon mi\u1ec7ng.","breadcrumb":{"@id":"https:\/\/kiennang.com\/san-pham\/hop-pizza-tam-giac\/#breadcrumb"},"inLanguage":"en-US","potentialAction":[{"@type":"ReadAction","target":["https:\/\/kiennang.com\/san-pham\/hop-pizza-tam-giac\/"]}]},{"@type":"BreadcrumbList","@id":"https:\/\/kiennang.com\/san-pham\/hop-pizza-tam-giac\/#breadcrumb","itemListElement":[{"@type":"ListItem","position":1,"name":"Trang ch\u1ee7","item":"https:\/\/kiennang.com\/"},{"@type":"ListItem","position":2,"name":""},{"@type":"ListItem","position":3,"name":"H\u1ed9p Pizza tam gi\u00e1c"}]}]}},"_links":{"self":[{"href":"https:\/\/kiennang.com\/en\/wp-json\/wp\/v2\/product\/972"}],"collection":[{"href":"https:\/\/kiennang.com\/en\/wp-json\/wp\/v2\/product"}],"about":[{"href":"https:\/\/kiennang.com\/en\/wp-json\/wp\/v2\/types\/product"}],"replies":[{"embeddable":true,"href":"https:\/\/kiennang.com\/en\/wp-json\/wp\/v2\/comments?post=972"}],"wp:featuredmedia":[{"embeddable":true,"href":"https:\/\/kiennang.com\/en\/wp-json\/wp\/v2\/media\/917"}],"wp:attachment":[{"href":"https:\/\/kiennang.com\/en\/wp-json\/wp\/v2\/media?parent=972"}],"wp:term":[{"taxonomy":"product_cat","embeddable":true,"href":"https:\/\/kiennang.com\/en\/wp-json\/wp\/v2\/product_cat?post=972"},{"taxonomy":"product_tag","embeddable":true,"href":"https:\/\/kiennang.com\/en\/wp-json\/wp\/v2\/product_tag?post=972"}],"curies":[{"name":"wp","href":"https:\/\/api.w.org\/{rel}","templated":true}]}}