{"id":968,"date":"2020-07-16T15:30:39","date_gmt":"2020-07-16T08:30:39","guid":{"rendered":"https:\/\/kiennang.com\/san-pham\/tui-giay-moi-truong\/"},"modified":"2020-07-16T15:50:43","modified_gmt":"2020-07-16T08:50:43","slug":"tui-giay-moi-truong","status":"publish","type":"product","link":"https:\/\/kiennang.com\/en\/san-pham\/tui-giay-moi-truong\/","title":{"rendered":"T\u00fai gi\u1ea5y m\u00f4i tr\u01b0\u1eddng"},"content":{"rendered":"<p>T\u00fai gi\u1ea5y m\u00f4i tr\u01b0\u1eddng \u0111\u01b0\u1ee3c s\u1ea3n xu\u1ea5t s\u1eb5n t\u1eeb gi\u1ea5y kraft nh\u1eb1m khuy\u1ebfn kh\u00edch con ng\u01b0\u1eddi s\u1eed d\u1ee5ng v\u00e0 n\u00e2ng cao tinh th\u1ea7n gi\u1eef g\u00ecn m\u00f4i tr\u01b0\u1eddng s\u1ed1ng quanh ta, d\u00f9ng s\u1ea3n ph\u1ea9m n\u00e0y kh\u00f4ng ch\u1ec9 gi\u00fap doanh nghi\u1ec7p t\u0103ng th\u00eam \u0111\u1ed9 uy t\u00edn v\u1edbi kh\u00e1ch h\u00e0ng m\u00e0 c\u00f2n gi\u00fap b\u1ea1n kh\u00e1c bi\u1ec7t h\u01a1n so v\u1edbi c\u00e1c \u0111\u1ed1i th\u1ee7 c\u1ea1nh tranh. T\u00fai gi\u1ea5y m\u00f4i tr\u01b0\u1eddng \u0111\u01b0\u1ee3c thi\u1ebft k\u1ebf v\u1edbi m\u00e0u s\u1eafc ch\u1ee7 \u0111\u1ea1o xanh l\u00e1, c\u00e1c kh\u1ea9u hi\u1ec7u b\u1ea3o v\u1ec7 m\u00f4i tr\u01b0\u1eddng \u1edf 2 m\u1eb7t ch\u00ednh \u0111\u01b0\u1ee3c d\u1ecbch song ng\u1eef, ph\u1ea7n h\u00f4ng l\u00e0 c\u00e1c h\u1ecda ti\u1ebft hoa l\u00e1 xanh t\u01b0\u01a1i t\u01b0\u1ee3ng tr\u01b0ng cho m\u00f4i tr\u01b0\u1eddng s\u1ed1ng xanh t\u01b0\u01a1i.<br \/>\n* M\u00e3 s\u1ed1: SP35<br \/>\n* S\u1ea3n xu\u1ea5t: s\u1ea3n ph\u1ea9m \u0111\u01b0\u1ee3c s\u1ea3n xu\u1ea5t s\u1eb5n v\u1edbi s\u1ed1 l\u01b0\u1ee3ng l\u1edbn<br \/>\n* Ch\u1ea5t li\u1ec7u: gi\u1ea5y Kraft n\u00e2u d\u1ec5 d\u00e0ng ph\u00e2n h\u1ee7y m\u00e0 kh\u00f4ng g\u00e2y h\u1ea1i cho m\u00f4i tr\u01b0\u1eddng sinh th\u00e1i<br \/>\n* QC: 250x300x150 mm<br \/>\n* T\u1ea3i n\u1eb7ng: 5~7kg<br \/>\n* \u0110\u00f3ng g\u00f3i: 500c\/th\u00f9ng (48x49x50 cm)<br \/>\n* Gi\u1ea5y ch\u1ee9ng nh\u1eadn: \u0111\u1ea1t chu\u1ea9n c\u1ee7a FDA (C\u1ee5c qu\u1ea3n l\u00fd th\u1ef1c ph\u1ea9m v\u00e0 d\u01b0\u1ee3c ph\u1ea9m Hoa K\u1ef3) v\u00e0 \u0111\u00e3 \u0111\u01b0\u1ee3c c\u00f4ng b\u1ed1 h\u1ee3p quy t\u1ea1i Ban qu\u1ea3n l\u00fd An To\u00e0n Th\u1ef1c Ph\u1ea9m TP.HCM<\/p>\n","protected":false},"excerpt":{"rendered":"<p>T\u00fai gi\u1ea5y m\u00f4i tr\u01b0\u1eddng \u0111\u01b0\u1ee3c s\u1ea3n xu\u1ea5t s\u1eb5n t\u1eeb gi\u1ea5y kraft nh\u1eb1m khuy\u1ebfn kh\u00edch con ng\u01b0\u1eddi s\u1eed d\u1ee5ng v\u00e0 n\u00e2ng cao tinh th\u1ea7n gi\u1eef g\u00ecn m\u00f4i tr\u01b0\u1eddng s\u1ed1ng quanh ta, d\u00f9ng s\u1ea3n ph\u1ea9m n\u00e0y kh\u00f4ng ch\u1ec9 gi\u00fap doanh nghi\u1ec7p t\u0103ng th\u00eam \u0111\u1ed9 uy t\u00edn v\u1edbi kh\u00e1ch h\u00e0ng m\u00e0 c\u00f2n gi\u00fap b\u1ea1n kh\u00e1c bi\u1ec7t h\u01a1n so [&#8230;]\n","protected":false},"featured_media":965,"comment_status":"closed","ping_status":"open","template":"","meta":[],"product_cat":[89,85],"product_tag":[],"yoast_head":"<!-- This site is optimized with the Yoast SEO plugin v17.1 - https:\/\/yoast.com\/wordpress\/plugins\/seo\/ -->\n<title>T\u00fai Gi\u1ea5y M\u00f4i Tr\u01b0\u1eddng - T\u00fai Gi\u1ea5y B\u1ea3o V\u1ec7 M\u00f4i Tr\u01b0\u1eddng &ndash; Kien Nang Packaging Manufacturer<\/title>\n<meta name=\"description\" content=\"T\u00fai gi\u1ea5y m\u00f4i tr\u01b0\u1eddng \u0111\u01b0\u1ee3c s\u1ea3n xu\u1ea5t v\u00e0 in s\u1eb5n tr\u00ean gi\u1ea5y Kraft nh\u1eb1m khuy\u1ebfn kh\u00edch m\u1ecdi ng\u01b0\u1eddi s\u1eed d\u1ee5ng v\u00e0 n\u00e2ng cao \u00fd th\u1ee9c b\u1ea3o v\u1ec7 m\u00f4i tr\u01b0\u1eddng\" \/>\n<meta name=\"robots\" content=\"index, follow, max-snippet:-1, max-image-preview:large, max-video-preview:-1\" \/>\n<link rel=\"canonical\" href=\"https:\/\/kiennang.com\/san-pham\/tui-giay-moi-truong\/\" \/>\n<meta property=\"og:locale\" content=\"en_US\" \/>\n<meta property=\"og:type\" content=\"article\" \/>\n<meta property=\"og:title\" content=\"T\u00fai Gi\u1ea5y M\u00f4i Tr\u01b0\u1eddng - T\u00fai Gi\u1ea5y B\u1ea3o V\u1ec7 M\u00f4i Tr\u01b0\u1eddng &ndash; Kien Nang Packaging Manufacturer\" \/>\n<meta property=\"og:description\" content=\"T\u00fai gi\u1ea5y m\u00f4i tr\u01b0\u1eddng \u0111\u01b0\u1ee3c s\u1ea3n xu\u1ea5t v\u00e0 in s\u1eb5n tr\u00ean gi\u1ea5y Kraft nh\u1eb1m khuy\u1ebfn kh\u00edch m\u1ecdi ng\u01b0\u1eddi s\u1eed d\u1ee5ng v\u00e0 n\u00e2ng cao \u00fd th\u1ee9c b\u1ea3o v\u1ec7 m\u00f4i tr\u01b0\u1eddng\" \/>\n<meta property=\"og:url\" content=\"https:\/\/kiennang.com\/san-pham\/tui-giay-moi-truong\/\" \/>\n<meta property=\"og:site_name\" content=\"Kien Nang Packaging Manufacturer\" \/>\n<meta property=\"article:modified_time\" content=\"2020-07-16T08:50:43+00:00\" \/>\n<meta property=\"og:image\" content=\"https:\/\/kiennang.com\/wp-content\/uploads\/2018\/10\/tui-moi-truong.jpg\" \/>\n\t<meta property=\"og:image:width\" content=\"600\" \/>\n\t<meta property=\"og:image:height\" content=\"600\" \/>\n<meta name=\"twitter:card\" content=\"summary_large_image\" \/>\n<meta name=\"twitter:label1\" content=\"Est. reading time\" \/>\n\t<meta name=\"twitter:data1\" content=\"2 minutes\" \/>\n<script type=\"application\/ld+json\" class=\"yoast-schema-graph\">{\"@context\":\"https:\/\/schema.org\",\"@graph\":[{\"@type\":\"WebSite\",\"@id\":\"https:\/\/kiennang.com\/#website\",\"url\":\"https:\/\/kiennang.com\/\",\"name\":\"Kien Nang Packaging Manufacturer\",\"description\":\"Food packaging | Paper Box | Printed Cheap Paper Bags\",\"potentialAction\":[{\"@type\":\"SearchAction\",\"target\":{\"@type\":\"EntryPoint\",\"urlTemplate\":\"https:\/\/kiennang.com\/?s={search_term_string}\"},\"query-input\":\"required name=search_term_string\"}],\"inLanguage\":\"en-US\"},{\"@type\":\"ImageObject\",\"@id\":\"https:\/\/kiennang.com\/san-pham\/tui-giay-moi-truong\/#primaryimage\",\"inLanguage\":\"en-US\",\"url\":\"https:\/\/kiennang.com\/wp-content\/uploads\/2018\/10\/tui-moi-truong.jpg\",\"contentUrl\":\"https:\/\/kiennang.com\/wp-content\/uploads\/2018\/10\/tui-moi-truong.jpg\",\"width\":600,\"height\":600,\"caption\":\"T\\u00fai gi\\u1ea5y m\\u00f4i tr\\u01b0\\u1eddng \\u0111\\u01b0\\u1ee3c l\\u00e0m b\\u1eb1ng gi\\u1ea5y Kraft\"},{\"@type\":\"WebPage\",\"@id\":\"https:\/\/kiennang.com\/san-pham\/tui-giay-moi-truong\/#webpage\",\"url\":\"https:\/\/kiennang.com\/san-pham\/tui-giay-moi-truong\/\",\"name\":\"T\\u00fai Gi\\u1ea5y M\\u00f4i Tr\\u01b0\\u1eddng - T\\u00fai Gi\\u1ea5y B\\u1ea3o V\\u1ec7 M\\u00f4i Tr\\u01b0\\u1eddng &ndash; Kien Nang Packaging Manufacturer\",\"isPartOf\":{\"@id\":\"https:\/\/kiennang.com\/#website\"},\"primaryImageOfPage\":{\"@id\":\"https:\/\/kiennang.com\/san-pham\/tui-giay-moi-truong\/#primaryimage\"},\"datePublished\":\"2020-07-16T08:30:39+00:00\",\"dateModified\":\"2020-07-16T08:50:43+00:00\",\"description\":\"T\\u00fai gi\\u1ea5y m\\u00f4i tr\\u01b0\\u1eddng \\u0111\\u01b0\\u1ee3c s\\u1ea3n xu\\u1ea5t v\\u00e0 in s\\u1eb5n tr\\u00ean gi\\u1ea5y Kraft nh\\u1eb1m khuy\\u1ebfn kh\\u00edch m\\u1ecdi ng\\u01b0\\u1eddi s\\u1eed d\\u1ee5ng v\\u00e0 n\\u00e2ng cao \\u00fd th\\u1ee9c b\\u1ea3o v\\u1ec7 m\\u00f4i tr\\u01b0\\u1eddng\",\"breadcrumb\":{\"@id\":\"https:\/\/kiennang.com\/san-pham\/tui-giay-moi-truong\/#breadcrumb\"},\"inLanguage\":\"en-US\",\"potentialAction\":[{\"@type\":\"ReadAction\",\"target\":[\"https:\/\/kiennang.com\/san-pham\/tui-giay-moi-truong\/\"]}]},{\"@type\":\"BreadcrumbList\",\"@id\":\"https:\/\/kiennang.com\/san-pham\/tui-giay-moi-truong\/#breadcrumb\",\"itemListElement\":[{\"@type\":\"ListItem\",\"position\":1,\"name\":\"Trang ch\\u1ee7\",\"item\":\"https:\/\/kiennang.com\/\"},{\"@type\":\"ListItem\",\"position\":2,\"name\":\"\"},{\"@type\":\"ListItem\",\"position\":3,\"name\":\"T\\u00fai gi\\u1ea5y m\\u00f4i tr\\u01b0\\u1eddng\"}]}]}<\/script>\n<!-- \/ Yoast SEO plugin. -->","yoast_head_json":{"title":"T\u00fai Gi\u1ea5y M\u00f4i Tr\u01b0\u1eddng - T\u00fai Gi\u1ea5y B\u1ea3o V\u1ec7 M\u00f4i Tr\u01b0\u1eddng &ndash; Kien Nang Packaging Manufacturer","description":"T\u00fai gi\u1ea5y m\u00f4i tr\u01b0\u1eddng \u0111\u01b0\u1ee3c s\u1ea3n xu\u1ea5t v\u00e0 in s\u1eb5n tr\u00ean gi\u1ea5y Kraft nh\u1eb1m khuy\u1ebfn kh\u00edch m\u1ecdi ng\u01b0\u1eddi s\u1eed d\u1ee5ng v\u00e0 n\u00e2ng cao \u00fd th\u1ee9c b\u1ea3o v\u1ec7 m\u00f4i tr\u01b0\u1eddng","robots":{"index":"index","follow":"follow","max-snippet":"max-snippet:-1","max-image-preview":"max-image-preview:large","max-video-preview":"max-video-preview:-1"},"canonical":"https:\/\/kiennang.com\/san-pham\/tui-giay-moi-truong\/","og_locale":"en_US","og_type":"article","og_title":"T\u00fai Gi\u1ea5y M\u00f4i Tr\u01b0\u1eddng - T\u00fai Gi\u1ea5y B\u1ea3o V\u1ec7 M\u00f4i Tr\u01b0\u1eddng &ndash; Kien Nang Packaging Manufacturer","og_description":"T\u00fai gi\u1ea5y m\u00f4i tr\u01b0\u1eddng \u0111\u01b0\u1ee3c s\u1ea3n xu\u1ea5t v\u00e0 in s\u1eb5n tr\u00ean gi\u1ea5y Kraft nh\u1eb1m khuy\u1ebfn kh\u00edch m\u1ecdi ng\u01b0\u1eddi s\u1eed d\u1ee5ng v\u00e0 n\u00e2ng cao \u00fd th\u1ee9c b\u1ea3o v\u1ec7 m\u00f4i tr\u01b0\u1eddng","og_url":"https:\/\/kiennang.com\/san-pham\/tui-giay-moi-truong\/","og_site_name":"Kien Nang Packaging Manufacturer","article_modified_time":"2020-07-16T08:50:43+00:00","og_image":[{"width":600,"height":600,"url":"https:\/\/kiennang.com\/wp-content\/uploads\/2018\/10\/tui-moi-truong.jpg","path":"\/home\/kiennang\/public_html\/wp-content\/uploads\/2018\/10\/tui-moi-truong.jpg","size":"full","id":965,"alt":"T\u00fai Gi\u1ea5y M\u00f4i Tr\u01b0\u1eddng","pixels":360000,"type":"image\/jpeg"}],"twitter_card":"summary_large_image","twitter_misc":{"Est. reading time":"2 minutes"},"schema":{"@context":"https:\/\/schema.org","@graph":[{"@type":"WebSite","@id":"https:\/\/kiennang.com\/#website","url":"https:\/\/kiennang.com\/","name":"Kien Nang Packaging Manufacturer","description":"Food packaging | Paper Box | Printed Cheap Paper Bags","potentialAction":[{"@type":"SearchAction","target":{"@type":"EntryPoint","urlTemplate":"https:\/\/kiennang.com\/?s={search_term_string}"},"query-input":"required name=search_term_string"}],"inLanguage":"en-US"},{"@type":"ImageObject","@id":"https:\/\/kiennang.com\/san-pham\/tui-giay-moi-truong\/#primaryimage","inLanguage":"en-US","url":"https:\/\/kiennang.com\/wp-content\/uploads\/2018\/10\/tui-moi-truong.jpg","contentUrl":"https:\/\/kiennang.com\/wp-content\/uploads\/2018\/10\/tui-moi-truong.jpg","width":600,"height":600,"caption":"T\u00fai gi\u1ea5y m\u00f4i tr\u01b0\u1eddng \u0111\u01b0\u1ee3c l\u00e0m b\u1eb1ng gi\u1ea5y Kraft"},{"@type":"WebPage","@id":"https:\/\/kiennang.com\/san-pham\/tui-giay-moi-truong\/#webpage","url":"https:\/\/kiennang.com\/san-pham\/tui-giay-moi-truong\/","name":"T\u00fai Gi\u1ea5y M\u00f4i Tr\u01b0\u1eddng - T\u00fai Gi\u1ea5y B\u1ea3o V\u1ec7 M\u00f4i Tr\u01b0\u1eddng &ndash; Kien Nang Packaging Manufacturer","isPartOf":{"@id":"https:\/\/kiennang.com\/#website"},"primaryImageOfPage":{"@id":"https:\/\/kiennang.com\/san-pham\/tui-giay-moi-truong\/#primaryimage"},"datePublished":"2020-07-16T08:30:39+00:00","dateModified":"2020-07-16T08:50:43+00:00","description":"T\u00fai gi\u1ea5y m\u00f4i tr\u01b0\u1eddng \u0111\u01b0\u1ee3c s\u1ea3n xu\u1ea5t v\u00e0 in s\u1eb5n tr\u00ean gi\u1ea5y Kraft nh\u1eb1m khuy\u1ebfn kh\u00edch m\u1ecdi ng\u01b0\u1eddi s\u1eed d\u1ee5ng v\u00e0 n\u00e2ng cao \u00fd th\u1ee9c b\u1ea3o v\u1ec7 m\u00f4i tr\u01b0\u1eddng","breadcrumb":{"@id":"https:\/\/kiennang.com\/san-pham\/tui-giay-moi-truong\/#breadcrumb"},"inLanguage":"en-US","potentialAction":[{"@type":"ReadAction","target":["https:\/\/kiennang.com\/san-pham\/tui-giay-moi-truong\/"]}]},{"@type":"BreadcrumbList","@id":"https:\/\/kiennang.com\/san-pham\/tui-giay-moi-truong\/#breadcrumb","itemListElement":[{"@type":"ListItem","position":1,"name":"Trang ch\u1ee7","item":"https:\/\/kiennang.com\/"},{"@type":"ListItem","position":2,"name":""},{"@type":"ListItem","position":3,"name":"T\u00fai gi\u1ea5y m\u00f4i tr\u01b0\u1eddng"}]}]}},"_links":{"self":[{"href":"https:\/\/kiennang.com\/en\/wp-json\/wp\/v2\/product\/968"}],"collection":[{"href":"https:\/\/kiennang.com\/en\/wp-json\/wp\/v2\/product"}],"about":[{"href":"https:\/\/kiennang.com\/en\/wp-json\/wp\/v2\/types\/product"}],"replies":[{"embeddable":true,"href":"https:\/\/kiennang.com\/en\/wp-json\/wp\/v2\/comments?post=968"}],"wp:featuredmedia":[{"embeddable":true,"href":"https:\/\/kiennang.com\/en\/wp-json\/wp\/v2\/media\/965"}],"wp:attachment":[{"href":"https:\/\/kiennang.com\/en\/wp-json\/wp\/v2\/media?parent=968"}],"wp:term":[{"taxonomy":"product_cat","embeddable":true,"href":"https:\/\/kiennang.com\/en\/wp-json\/wp\/v2\/product_cat?post=968"},{"taxonomy":"product_tag","embeddable":true,"href":"https:\/\/kiennang.com\/en\/wp-json\/wp\/v2\/product_tag?post=968"}],"curies":[{"name":"wp","href":"https:\/\/api.w.org\/{rel}","templated":true}]}}