{"id":851,"date":"2020-07-16T15:30:39","date_gmt":"2020-07-16T08:30:39","guid":{"rendered":"http:\/\/kiennang.com\/san-pham\/quai-giay-det\/"},"modified":"2020-07-16T15:50:43","modified_gmt":"2020-07-16T08:50:43","slug":"quai-giay-det","status":"publish","type":"product","link":"https:\/\/kiennang.com\/en\/san-pham\/quai-giay-det\/","title":{"rendered":"Quai gi\u1ea5y d\u1eb9t"},"content":{"rendered":"<p>* M\u00e3 s\u1ed1:<br \/>\n* Ch\u1ea5t li\u1ec7u: Kraft n\u00e2u, kraft tr\u1eafng<br \/>\n* M\u00e0u s\u1eafc: tr\u1eafng v\u00e0 n\u00e2u<br \/>\n* QC: 11 x 10 cm (ngang x cao)<br \/>\n* T\u1ea3i n\u1eb7ng:<br \/>\n* \u0110\u00f3ng g\u00f3i:<\/p>\n","protected":false},"excerpt":{"rendered":"<p>* M\u00e3 s\u1ed1: * Ch\u1ea5t li\u1ec7u: Kraft n\u00e2u, kraft tr\u1eafng * M\u00e0u s\u1eafc: tr\u1eafng v\u00e0 n\u00e2u * QC: 11 x 10 cm (ngang x cao) * T\u1ea3i n\u1eb7ng: * \u0110\u00f3ng g\u00f3i:<\/p>\n","protected":false},"featured_media":961,"comment_status":"closed","ping_status":"open","template":"","meta":[],"product_cat":[101,85],"product_tag":[],"yoast_head":"<!-- This site is optimized with the Yoast SEO plugin v17.1 - https:\/\/yoast.com\/wordpress\/plugins\/seo\/ -->\n<title>Quai Gi\u1ea5y D\u1eb9t - Quai T\u00fai Gi\u1ea5y Shopping - Quai T\u00fai Gi\u00e1 R\u1ebb &ndash; Kien Nang Packaging Manufacturer<\/title>\n<meta name=\"description\" content=\"Quai gi\u1ea5y d\u1eb9t cung c\u1ea5p th\u00eam s\u1ef1 l\u1ef1a ch\u1ecdn m\u1edbi cho m\u1eabu m\u00e3 t\u00fai gi\u1ea5y shopping tr\u1edf n\u00ean \u0111a d\u1ea1ng, kh\u00e1c bi\u1ec7t h\u01a1n so v\u1edbi c\u00e1c lo\u1ea1i t\u00fai d\u00f9ng ki\u1ec3u d\u00e2y tr\u00f2n truy\u1ec1n th\u1ed1ng\" \/>\n<meta name=\"robots\" content=\"index, follow, max-snippet:-1, max-image-preview:large, max-video-preview:-1\" \/>\n<link rel=\"canonical\" href=\"https:\/\/kiennang.com\/san-pham\/quai-giay-det\/\" \/>\n<meta property=\"og:locale\" content=\"en_US\" \/>\n<meta property=\"og:type\" content=\"article\" \/>\n<meta property=\"og:title\" content=\"Quai Gi\u1ea5y D\u1eb9t - Quai T\u00fai Gi\u1ea5y Shopping - Quai T\u00fai Gi\u00e1 R\u1ebb &ndash; Kien Nang Packaging Manufacturer\" \/>\n<meta property=\"og:description\" content=\"Quai gi\u1ea5y d\u1eb9t cung c\u1ea5p th\u00eam s\u1ef1 l\u1ef1a ch\u1ecdn m\u1edbi cho m\u1eabu m\u00e3 t\u00fai gi\u1ea5y shopping tr\u1edf n\u00ean \u0111a d\u1ea1ng, kh\u00e1c bi\u1ec7t h\u01a1n so v\u1edbi c\u00e1c lo\u1ea1i t\u00fai d\u00f9ng ki\u1ec3u d\u00e2y tr\u00f2n truy\u1ec1n th\u1ed1ng\" \/>\n<meta property=\"og:url\" content=\"https:\/\/kiennang.com\/san-pham\/quai-giay-det\/\" \/>\n<meta property=\"og:site_name\" content=\"Kien Nang Packaging Manufacturer\" \/>\n<meta property=\"article:modified_time\" content=\"2020-07-16T08:50:43+00:00\" \/>\n<meta property=\"og:image\" content=\"https:\/\/kiennang.com\/wp-content\/uploads\/2018\/10\/quai-det.jpg\" \/>\n\t<meta property=\"og:image:width\" content=\"600\" \/>\n\t<meta property=\"og:image:height\" content=\"600\" \/>\n<meta name=\"twitter:card\" content=\"summary_large_image\" \/>\n<script type=\"application\/ld+json\" class=\"yoast-schema-graph\">{\"@context\":\"https:\/\/schema.org\",\"@graph\":[{\"@type\":\"WebSite\",\"@id\":\"https:\/\/kiennang.com\/#website\",\"url\":\"https:\/\/kiennang.com\/\",\"name\":\"Kien Nang Packaging Manufacturer\",\"description\":\"Food packaging | Paper Box | Printed Cheap Paper Bags\",\"potentialAction\":[{\"@type\":\"SearchAction\",\"target\":{\"@type\":\"EntryPoint\",\"urlTemplate\":\"https:\/\/kiennang.com\/?s={search_term_string}\"},\"query-input\":\"required name=search_term_string\"}],\"inLanguage\":\"en-US\"},{\"@type\":\"ImageObject\",\"@id\":\"https:\/\/kiennang.com\/san-pham\/quai-giay-det\/#primaryimage\",\"inLanguage\":\"en-US\",\"url\":\"https:\/\/kiennang.com\/wp-content\/uploads\/2018\/10\/quai-det.jpg\",\"contentUrl\":\"https:\/\/kiennang.com\/wp-content\/uploads\/2018\/10\/quai-det.jpg\",\"width\":600,\"height\":600,\"caption\":\"Quai gi\\u1ea5y d\\u1eb9t phong c\\u00e1ch l\\u1ea1\"},{\"@type\":\"WebPage\",\"@id\":\"https:\/\/kiennang.com\/san-pham\/quai-giay-det\/#webpage\",\"url\":\"https:\/\/kiennang.com\/san-pham\/quai-giay-det\/\",\"name\":\"Quai Gi\\u1ea5y D\\u1eb9t - Quai T\\u00fai Gi\\u1ea5y Shopping - Quai T\\u00fai Gi\\u00e1 R\\u1ebb &ndash; Kien Nang Packaging Manufacturer\",\"isPartOf\":{\"@id\":\"https:\/\/kiennang.com\/#website\"},\"primaryImageOfPage\":{\"@id\":\"https:\/\/kiennang.com\/san-pham\/quai-giay-det\/#primaryimage\"},\"datePublished\":\"2020-07-16T08:30:39+00:00\",\"dateModified\":\"2020-07-16T08:50:43+00:00\",\"description\":\"Quai gi\\u1ea5y d\\u1eb9t cung c\\u1ea5p th\\u00eam s\\u1ef1 l\\u1ef1a ch\\u1ecdn m\\u1edbi cho m\\u1eabu m\\u00e3 t\\u00fai gi\\u1ea5y shopping tr\\u1edf n\\u00ean \\u0111a d\\u1ea1ng, kh\\u00e1c bi\\u1ec7t h\\u01a1n so v\\u1edbi c\\u00e1c lo\\u1ea1i t\\u00fai d\\u00f9ng ki\\u1ec3u d\\u00e2y tr\\u00f2n truy\\u1ec1n th\\u1ed1ng\",\"breadcrumb\":{\"@id\":\"https:\/\/kiennang.com\/san-pham\/quai-giay-det\/#breadcrumb\"},\"inLanguage\":\"en-US\",\"potentialAction\":[{\"@type\":\"ReadAction\",\"target\":[\"https:\/\/kiennang.com\/san-pham\/quai-giay-det\/\"]}]},{\"@type\":\"BreadcrumbList\",\"@id\":\"https:\/\/kiennang.com\/san-pham\/quai-giay-det\/#breadcrumb\",\"itemListElement\":[{\"@type\":\"ListItem\",\"position\":1,\"name\":\"Trang ch\\u1ee7\",\"item\":\"https:\/\/kiennang.com\/\"},{\"@type\":\"ListItem\",\"position\":2,\"name\":\"\"},{\"@type\":\"ListItem\",\"position\":3,\"name\":\"Quai gi\\u1ea5y d\\u1eb9t\"}]}]}<\/script>\n<!-- \/ Yoast SEO plugin. -->","yoast_head_json":{"title":"Quai Gi\u1ea5y D\u1eb9t - Quai T\u00fai Gi\u1ea5y Shopping - Quai T\u00fai Gi\u00e1 R\u1ebb &ndash; Kien Nang Packaging Manufacturer","description":"Quai gi\u1ea5y d\u1eb9t cung c\u1ea5p th\u00eam s\u1ef1 l\u1ef1a ch\u1ecdn m\u1edbi cho m\u1eabu m\u00e3 t\u00fai gi\u1ea5y shopping tr\u1edf n\u00ean \u0111a d\u1ea1ng, kh\u00e1c bi\u1ec7t h\u01a1n so v\u1edbi c\u00e1c lo\u1ea1i t\u00fai d\u00f9ng ki\u1ec3u d\u00e2y tr\u00f2n truy\u1ec1n th\u1ed1ng","robots":{"index":"index","follow":"follow","max-snippet":"max-snippet:-1","max-image-preview":"max-image-preview:large","max-video-preview":"max-video-preview:-1"},"canonical":"https:\/\/kiennang.com\/san-pham\/quai-giay-det\/","og_locale":"en_US","og_type":"article","og_title":"Quai Gi\u1ea5y D\u1eb9t - Quai T\u00fai Gi\u1ea5y Shopping - Quai T\u00fai Gi\u00e1 R\u1ebb &ndash; Kien Nang Packaging Manufacturer","og_description":"Quai gi\u1ea5y d\u1eb9t cung c\u1ea5p th\u00eam s\u1ef1 l\u1ef1a ch\u1ecdn m\u1edbi cho m\u1eabu m\u00e3 t\u00fai gi\u1ea5y shopping tr\u1edf n\u00ean \u0111a d\u1ea1ng, kh\u00e1c bi\u1ec7t h\u01a1n so v\u1edbi c\u00e1c lo\u1ea1i t\u00fai d\u00f9ng ki\u1ec3u d\u00e2y tr\u00f2n truy\u1ec1n th\u1ed1ng","og_url":"https:\/\/kiennang.com\/san-pham\/quai-giay-det\/","og_site_name":"Kien Nang Packaging Manufacturer","article_modified_time":"2020-07-16T08:50:43+00:00","og_image":[{"width":600,"height":600,"url":"https:\/\/kiennang.com\/wp-content\/uploads\/2018\/10\/quai-det.jpg","path":"\/home\/kiennang\/public_html\/wp-content\/uploads\/2018\/10\/quai-det.jpg","size":"full","id":961,"alt":"Quai gi\u1ea5y d\u1eb9t","pixels":360000,"type":"image\/jpeg"}],"twitter_card":"summary_large_image","schema":{"@context":"https:\/\/schema.org","@graph":[{"@type":"WebSite","@id":"https:\/\/kiennang.com\/#website","url":"https:\/\/kiennang.com\/","name":"Kien Nang Packaging Manufacturer","description":"Food packaging | Paper Box | Printed Cheap Paper Bags","potentialAction":[{"@type":"SearchAction","target":{"@type":"EntryPoint","urlTemplate":"https:\/\/kiennang.com\/?s={search_term_string}"},"query-input":"required name=search_term_string"}],"inLanguage":"en-US"},{"@type":"ImageObject","@id":"https:\/\/kiennang.com\/san-pham\/quai-giay-det\/#primaryimage","inLanguage":"en-US","url":"https:\/\/kiennang.com\/wp-content\/uploads\/2018\/10\/quai-det.jpg","contentUrl":"https:\/\/kiennang.com\/wp-content\/uploads\/2018\/10\/quai-det.jpg","width":600,"height":600,"caption":"Quai gi\u1ea5y d\u1eb9t phong c\u00e1ch l\u1ea1"},{"@type":"WebPage","@id":"https:\/\/kiennang.com\/san-pham\/quai-giay-det\/#webpage","url":"https:\/\/kiennang.com\/san-pham\/quai-giay-det\/","name":"Quai Gi\u1ea5y D\u1eb9t - Quai T\u00fai Gi\u1ea5y Shopping - Quai T\u00fai Gi\u00e1 R\u1ebb &ndash; Kien Nang Packaging Manufacturer","isPartOf":{"@id":"https:\/\/kiennang.com\/#website"},"primaryImageOfPage":{"@id":"https:\/\/kiennang.com\/san-pham\/quai-giay-det\/#primaryimage"},"datePublished":"2020-07-16T08:30:39+00:00","dateModified":"2020-07-16T08:50:43+00:00","description":"Quai gi\u1ea5y d\u1eb9t cung c\u1ea5p th\u00eam s\u1ef1 l\u1ef1a ch\u1ecdn m\u1edbi cho m\u1eabu m\u00e3 t\u00fai gi\u1ea5y shopping tr\u1edf n\u00ean \u0111a d\u1ea1ng, kh\u00e1c bi\u1ec7t h\u01a1n so v\u1edbi c\u00e1c lo\u1ea1i t\u00fai d\u00f9ng ki\u1ec3u d\u00e2y tr\u00f2n truy\u1ec1n th\u1ed1ng","breadcrumb":{"@id":"https:\/\/kiennang.com\/san-pham\/quai-giay-det\/#breadcrumb"},"inLanguage":"en-US","potentialAction":[{"@type":"ReadAction","target":["https:\/\/kiennang.com\/san-pham\/quai-giay-det\/"]}]},{"@type":"BreadcrumbList","@id":"https:\/\/kiennang.com\/san-pham\/quai-giay-det\/#breadcrumb","itemListElement":[{"@type":"ListItem","position":1,"name":"Trang ch\u1ee7","item":"https:\/\/kiennang.com\/"},{"@type":"ListItem","position":2,"name":""},{"@type":"ListItem","position":3,"name":"Quai gi\u1ea5y d\u1eb9t"}]}]}},"_links":{"self":[{"href":"https:\/\/kiennang.com\/en\/wp-json\/wp\/v2\/product\/851"}],"collection":[{"href":"https:\/\/kiennang.com\/en\/wp-json\/wp\/v2\/product"}],"about":[{"href":"https:\/\/kiennang.com\/en\/wp-json\/wp\/v2\/types\/product"}],"replies":[{"embeddable":true,"href":"https:\/\/kiennang.com\/en\/wp-json\/wp\/v2\/comments?post=851"}],"wp:featuredmedia":[{"embeddable":true,"href":"https:\/\/kiennang.com\/en\/wp-json\/wp\/v2\/media\/961"}],"wp:attachment":[{"href":"https:\/\/kiennang.com\/en\/wp-json\/wp\/v2\/media?parent=851"}],"wp:term":[{"taxonomy":"product_cat","embeddable":true,"href":"https:\/\/kiennang.com\/en\/wp-json\/wp\/v2\/product_cat?post=851"},{"taxonomy":"product_tag","embeddable":true,"href":"https:\/\/kiennang.com\/en\/wp-json\/wp\/v2\/product_tag?post=851"}],"curies":[{"name":"wp","href":"https:\/\/api.w.org\/{rel}","templated":true}]}}