{"id":746,"date":"2020-07-16T15:30:39","date_gmt":"2020-07-16T08:30:39","guid":{"rendered":"http:\/\/kiennang.com\/san-pham\/quai-giay-xoan\/"},"modified":"2020-07-16T15:50:43","modified_gmt":"2020-07-16T08:50:43","slug":"quai-giay-xoan","status":"publish","type":"product","link":"https:\/\/kiennang.com\/en\/san-pham\/quai-giay-xoan\/","title":{"rendered":"Quai gi\u1ea5y xo\u1eafn"},"content":{"rendered":"<p>* M\u00e3 s\u1ed1:<br \/>\n* Ch\u1ea5t li\u1ec7u: Kraft n\u00e2u, Kraft tr\u1eafng<br \/>\n* M\u00e0u s\u1eafc: m\u00e0u gi\u1ea5y ho\u1eb7c nhu\u1ed9m m\u00e0u theo y\u00eau c\u1ea7u<br \/>\n* QC:<br \/>\n&#8211; L\u1edbn: 10 x 9.5 cm (ngang x cao)<br \/>\n&#8211; Nh\u1ecf: 6 x 9.5 cm (ngang x cao)<br \/>\n* T\u1ea3i n\u1eb7ng:<br \/>\n* \u0110\u00f3ng g\u00f3i:<\/p>\n","protected":false},"excerpt":{"rendered":"<p>* M\u00e3 s\u1ed1: * Ch\u1ea5t li\u1ec7u: Kraft n\u00e2u, Kraft tr\u1eafng * M\u00e0u s\u1eafc: m\u00e0u gi\u1ea5y ho\u1eb7c nhu\u1ed9m m\u00e0u theo y\u00eau c\u1ea7u * QC: &#8211; L\u1edbn: 10 x 9.5 cm (ngang x cao) &#8211; Nh\u1ecf: 6 x 9.5 cm (ngang x cao) * T\u1ea3i n\u1eb7ng: * \u0110\u00f3ng g\u00f3i:<\/p>\n","protected":false},"featured_media":962,"comment_status":"closed","ping_status":"open","template":"","meta":[],"product_cat":[101,85],"product_tag":[],"yoast_head":"<!-- This site is optimized with the Yoast SEO plugin v17.1 - https:\/\/yoast.com\/wordpress\/plugins\/seo\/ -->\n<title>Quai Gi\u1ea5y Xo\u1eafn - Quai Xo\u1eafn Gi\u00e1 R\u1ebb - Bao B\u00ec Ki\u1ec7n N\u0103ng<\/title>\n<meta name=\"description\" content=\"Quai gi\u1ea5y xo\u1eafn \u0111\u01b0\u1ee3c s\u1ea3n xu\u1ea5t b\u1eb1ng m\u00e1y cho ch\u1ea5t l\u01b0\u1ee3ng quai ch\u1eafc ch\u1eafn c\u00f3 kh\u1ea3 n\u0103ng ch\u1ecbu t\u1ea3i n\u1eb7ng m\u00e0 kh\u00f4ng \u0111\u1ee9t, ngo\u00e0i ra c\u00f2n c\u00f3 th\u1ec3 nhu\u1ed9m m\u00e0u s\u1eafc \u0111a d\u1ea1ng.\" \/>\n<meta name=\"robots\" content=\"index, follow, max-snippet:-1, max-image-preview:large, max-video-preview:-1\" \/>\n<link rel=\"canonical\" href=\"https:\/\/kiennang.com\/san-pham\/quai-giay-xoan\/\" \/>\n<meta property=\"og:locale\" content=\"en_US\" \/>\n<meta property=\"og:type\" content=\"article\" \/>\n<meta property=\"og:title\" content=\"Quai Gi\u1ea5y Xo\u1eafn - Quai Xo\u1eafn Gi\u00e1 R\u1ebb - Bao B\u00ec Ki\u1ec7n N\u0103ng\" \/>\n<meta property=\"og:description\" content=\"Quai gi\u1ea5y xo\u1eafn \u0111\u01b0\u1ee3c s\u1ea3n xu\u1ea5t b\u1eb1ng m\u00e1y cho ch\u1ea5t l\u01b0\u1ee3ng quai ch\u1eafc ch\u1eafn c\u00f3 kh\u1ea3 n\u0103ng ch\u1ecbu t\u1ea3i n\u1eb7ng m\u00e0 kh\u00f4ng \u0111\u1ee9t, ngo\u00e0i ra c\u00f2n c\u00f3 th\u1ec3 nhu\u1ed9m m\u00e0u s\u1eafc \u0111a d\u1ea1ng.\" \/>\n<meta property=\"og:url\" content=\"https:\/\/kiennang.com\/san-pham\/quai-giay-xoan\/\" \/>\n<meta property=\"og:site_name\" content=\"Kien Nang Packaging Manufacturer\" \/>\n<meta property=\"article:modified_time\" content=\"2020-07-16T08:50:43+00:00\" \/>\n<meta property=\"og:image\" content=\"https:\/\/kiennang.com\/wp-content\/uploads\/2018\/10\/quai-giay-xoan.jpg\" \/>\n\t<meta property=\"og:image:width\" content=\"600\" \/>\n\t<meta property=\"og:image:height\" content=\"600\" \/>\n<meta name=\"twitter:card\" content=\"summary_large_image\" \/>\n<script type=\"application\/ld+json\" class=\"yoast-schema-graph\">{\"@context\":\"https:\/\/schema.org\",\"@graph\":[{\"@type\":\"WebSite\",\"@id\":\"https:\/\/kiennang.com\/#website\",\"url\":\"https:\/\/kiennang.com\/\",\"name\":\"Kien Nang Packaging Manufacturer\",\"description\":\"Food packaging | Paper Box | Printed Cheap Paper Bags\",\"potentialAction\":[{\"@type\":\"SearchAction\",\"target\":{\"@type\":\"EntryPoint\",\"urlTemplate\":\"https:\/\/kiennang.com\/?s={search_term_string}\"},\"query-input\":\"required name=search_term_string\"}],\"inLanguage\":\"en-US\"},{\"@type\":\"ImageObject\",\"@id\":\"https:\/\/kiennang.com\/san-pham\/quai-giay-xoan\/#primaryimage\",\"inLanguage\":\"en-US\",\"url\":\"https:\/\/kiennang.com\/wp-content\/uploads\/2018\/10\/quai-giay-xoan.jpg\",\"contentUrl\":\"https:\/\/kiennang.com\/wp-content\/uploads\/2018\/10\/quai-giay-xoan.jpg\",\"width\":600,\"height\":600,\"caption\":\"Quai gi\\u1ea5y xo\\u1eafn nhi\\u1ec1u m\\u00e0u s\\u1eafc\"},{\"@type\":\"WebPage\",\"@id\":\"https:\/\/kiennang.com\/san-pham\/quai-giay-xoan\/#webpage\",\"url\":\"https:\/\/kiennang.com\/san-pham\/quai-giay-xoan\/\",\"name\":\"Quai Gi\\u1ea5y Xo\\u1eafn - Quai Xo\\u1eafn Gi\\u00e1 R\\u1ebb - Bao B\\u00ec Ki\\u1ec7n N\\u0103ng\",\"isPartOf\":{\"@id\":\"https:\/\/kiennang.com\/#website\"},\"primaryImageOfPage\":{\"@id\":\"https:\/\/kiennang.com\/san-pham\/quai-giay-xoan\/#primaryimage\"},\"datePublished\":\"2020-07-16T08:30:39+00:00\",\"dateModified\":\"2020-07-16T08:50:43+00:00\",\"description\":\"Quai gi\\u1ea5y xo\\u1eafn \\u0111\\u01b0\\u1ee3c s\\u1ea3n xu\\u1ea5t b\\u1eb1ng m\\u00e1y cho ch\\u1ea5t l\\u01b0\\u1ee3ng quai ch\\u1eafc ch\\u1eafn c\\u00f3 kh\\u1ea3 n\\u0103ng ch\\u1ecbu t\\u1ea3i n\\u1eb7ng m\\u00e0 kh\\u00f4ng \\u0111\\u1ee9t, ngo\\u00e0i ra c\\u00f2n c\\u00f3 th\\u1ec3 nhu\\u1ed9m m\\u00e0u s\\u1eafc \\u0111a d\\u1ea1ng.\",\"breadcrumb\":{\"@id\":\"https:\/\/kiennang.com\/san-pham\/quai-giay-xoan\/#breadcrumb\"},\"inLanguage\":\"en-US\",\"potentialAction\":[{\"@type\":\"ReadAction\",\"target\":[\"https:\/\/kiennang.com\/san-pham\/quai-giay-xoan\/\"]}]},{\"@type\":\"BreadcrumbList\",\"@id\":\"https:\/\/kiennang.com\/san-pham\/quai-giay-xoan\/#breadcrumb\",\"itemListElement\":[{\"@type\":\"ListItem\",\"position\":1,\"name\":\"Trang ch\\u1ee7\",\"item\":\"https:\/\/kiennang.com\/\"},{\"@type\":\"ListItem\",\"position\":2,\"name\":\"\"},{\"@type\":\"ListItem\",\"position\":3,\"name\":\"Quai gi\\u1ea5y xo\\u1eafn\"}]}]}<\/script>\n<!-- \/ Yoast SEO plugin. -->","yoast_head_json":{"title":"Quai Gi\u1ea5y Xo\u1eafn - Quai Xo\u1eafn Gi\u00e1 R\u1ebb - Bao B\u00ec Ki\u1ec7n N\u0103ng","description":"Quai gi\u1ea5y xo\u1eafn \u0111\u01b0\u1ee3c s\u1ea3n xu\u1ea5t b\u1eb1ng m\u00e1y cho ch\u1ea5t l\u01b0\u1ee3ng quai ch\u1eafc ch\u1eafn c\u00f3 kh\u1ea3 n\u0103ng ch\u1ecbu t\u1ea3i n\u1eb7ng m\u00e0 kh\u00f4ng \u0111\u1ee9t, ngo\u00e0i ra c\u00f2n c\u00f3 th\u1ec3 nhu\u1ed9m m\u00e0u s\u1eafc \u0111a d\u1ea1ng.","robots":{"index":"index","follow":"follow","max-snippet":"max-snippet:-1","max-image-preview":"max-image-preview:large","max-video-preview":"max-video-preview:-1"},"canonical":"https:\/\/kiennang.com\/san-pham\/quai-giay-xoan\/","og_locale":"en_US","og_type":"article","og_title":"Quai Gi\u1ea5y Xo\u1eafn - Quai Xo\u1eafn Gi\u00e1 R\u1ebb - Bao B\u00ec Ki\u1ec7n N\u0103ng","og_description":"Quai gi\u1ea5y xo\u1eafn \u0111\u01b0\u1ee3c s\u1ea3n xu\u1ea5t b\u1eb1ng m\u00e1y cho ch\u1ea5t l\u01b0\u1ee3ng quai ch\u1eafc ch\u1eafn c\u00f3 kh\u1ea3 n\u0103ng ch\u1ecbu t\u1ea3i n\u1eb7ng m\u00e0 kh\u00f4ng \u0111\u1ee9t, ngo\u00e0i ra c\u00f2n c\u00f3 th\u1ec3 nhu\u1ed9m m\u00e0u s\u1eafc \u0111a d\u1ea1ng.","og_url":"https:\/\/kiennang.com\/san-pham\/quai-giay-xoan\/","og_site_name":"Kien Nang Packaging Manufacturer","article_modified_time":"2020-07-16T08:50:43+00:00","og_image":[{"width":600,"height":600,"url":"https:\/\/kiennang.com\/wp-content\/uploads\/2018\/10\/quai-giay-xoan.jpg","path":"\/home\/kiennang\/public_html\/wp-content\/uploads\/2018\/10\/quai-giay-xoan.jpg","size":"full","id":962,"alt":"Quai gi\u1ea5y xo\u1eafn","pixels":360000,"type":"image\/jpeg"}],"twitter_card":"summary_large_image","schema":{"@context":"https:\/\/schema.org","@graph":[{"@type":"WebSite","@id":"https:\/\/kiennang.com\/#website","url":"https:\/\/kiennang.com\/","name":"Kien Nang Packaging Manufacturer","description":"Food packaging | Paper Box | Printed Cheap Paper Bags","potentialAction":[{"@type":"SearchAction","target":{"@type":"EntryPoint","urlTemplate":"https:\/\/kiennang.com\/?s={search_term_string}"},"query-input":"required name=search_term_string"}],"inLanguage":"en-US"},{"@type":"ImageObject","@id":"https:\/\/kiennang.com\/san-pham\/quai-giay-xoan\/#primaryimage","inLanguage":"en-US","url":"https:\/\/kiennang.com\/wp-content\/uploads\/2018\/10\/quai-giay-xoan.jpg","contentUrl":"https:\/\/kiennang.com\/wp-content\/uploads\/2018\/10\/quai-giay-xoan.jpg","width":600,"height":600,"caption":"Quai gi\u1ea5y xo\u1eafn nhi\u1ec1u m\u00e0u s\u1eafc"},{"@type":"WebPage","@id":"https:\/\/kiennang.com\/san-pham\/quai-giay-xoan\/#webpage","url":"https:\/\/kiennang.com\/san-pham\/quai-giay-xoan\/","name":"Quai Gi\u1ea5y Xo\u1eafn - Quai Xo\u1eafn Gi\u00e1 R\u1ebb - Bao B\u00ec Ki\u1ec7n N\u0103ng","isPartOf":{"@id":"https:\/\/kiennang.com\/#website"},"primaryImageOfPage":{"@id":"https:\/\/kiennang.com\/san-pham\/quai-giay-xoan\/#primaryimage"},"datePublished":"2020-07-16T08:30:39+00:00","dateModified":"2020-07-16T08:50:43+00:00","description":"Quai gi\u1ea5y xo\u1eafn \u0111\u01b0\u1ee3c s\u1ea3n xu\u1ea5t b\u1eb1ng m\u00e1y cho ch\u1ea5t l\u01b0\u1ee3ng quai ch\u1eafc ch\u1eafn c\u00f3 kh\u1ea3 n\u0103ng ch\u1ecbu t\u1ea3i n\u1eb7ng m\u00e0 kh\u00f4ng \u0111\u1ee9t, ngo\u00e0i ra c\u00f2n c\u00f3 th\u1ec3 nhu\u1ed9m m\u00e0u s\u1eafc \u0111a d\u1ea1ng.","breadcrumb":{"@id":"https:\/\/kiennang.com\/san-pham\/quai-giay-xoan\/#breadcrumb"},"inLanguage":"en-US","potentialAction":[{"@type":"ReadAction","target":["https:\/\/kiennang.com\/san-pham\/quai-giay-xoan\/"]}]},{"@type":"BreadcrumbList","@id":"https:\/\/kiennang.com\/san-pham\/quai-giay-xoan\/#breadcrumb","itemListElement":[{"@type":"ListItem","position":1,"name":"Trang ch\u1ee7","item":"https:\/\/kiennang.com\/"},{"@type":"ListItem","position":2,"name":""},{"@type":"ListItem","position":3,"name":"Quai gi\u1ea5y xo\u1eafn"}]}]}},"_links":{"self":[{"href":"https:\/\/kiennang.com\/en\/wp-json\/wp\/v2\/product\/746"}],"collection":[{"href":"https:\/\/kiennang.com\/en\/wp-json\/wp\/v2\/product"}],"about":[{"href":"https:\/\/kiennang.com\/en\/wp-json\/wp\/v2\/types\/product"}],"replies":[{"embeddable":true,"href":"https:\/\/kiennang.com\/en\/wp-json\/wp\/v2\/comments?post=746"}],"wp:featuredmedia":[{"embeddable":true,"href":"https:\/\/kiennang.com\/en\/wp-json\/wp\/v2\/media\/962"}],"wp:attachment":[{"href":"https:\/\/kiennang.com\/en\/wp-json\/wp\/v2\/media?parent=746"}],"wp:term":[{"taxonomy":"product_cat","embeddable":true,"href":"https:\/\/kiennang.com\/en\/wp-json\/wp\/v2\/product_cat?post=746"},{"taxonomy":"product_tag","embeddable":true,"href":"https:\/\/kiennang.com\/en\/wp-json\/wp\/v2\/product_tag?post=746"}],"curies":[{"name":"wp","href":"https:\/\/api.w.org\/{rel}","templated":true}]}}