{"id":738,"date":"2020-07-16T15:30:42","date_gmt":"2020-07-16T08:30:42","guid":{"rendered":"http:\/\/kiennang.com\/san-pham\/khay-xach-2-ly\/"},"modified":"2020-07-16T15:50:45","modified_gmt":"2020-07-16T08:50:45","slug":"khay-xach-2-ly","status":"publish","type":"product","link":"https:\/\/kiennang.com\/en\/san-pham\/khay-xach-2-ly\/","title":{"rendered":"Khay x\u00e1ch 2 ly"},"content":{"rendered":"<p>* M\u00e3 s\u1ed1:<br \/>\n* M\u00f4 t\u1ea3: Khay x\u00e1ch 2 ly c\u00f3 d\u1ea1ng \u0111\u00e1y h\u00ecnh ch\u1eef nh\u1eadt \u0111\u01b0\u1ee3c ng\u0103n l\u00e0m 2 b\u1edfi tay x\u00e1ch \u1edf gi\u1eefa, 2 b\u00ean tay x\u00e1ch l\u00e0 n\u01a1i b\u1ecf v\u1eeba ly n\u01b0\u1edbc gi\u00fap vi\u1ec7c mang ly n\u01b0\u1edbc n\u00f3ng thu\u1eadn ti\u1ec7n h\u01a1n<br \/>\n* Ch\u1ea5t li\u1ec7u: Kraft, Ivory\u2026 t\u00f9y nhu c\u1ea7u s\u1eed d\u1ee5ng<br \/>\n* QC: 8 x 17.5 x 22.5 cm<br \/>\n* Th\u00edch h\u1ee3p: \u0111\u1ef1ng c\u00e1c lo\u1ea1i th\u1ee9c u\u1ed1ng n\u00f3ng nh\u01b0 cafe, cacao&#8230;<br \/>\n* T\u1ea3i n\u1eb7ng:<br \/>\n* \u0110\u00f3ng g\u00f3i:<\/p>\n","protected":false},"excerpt":{"rendered":"<p>* M\u00e3 s\u1ed1: * M\u00f4 t\u1ea3: Khay x\u00e1ch 2 ly c\u00f3 d\u1ea1ng \u0111\u00e1y h\u00ecnh ch\u1eef nh\u1eadt \u0111\u01b0\u1ee3c ng\u0103n l\u00e0m 2 b\u1edfi tay x\u00e1ch \u1edf gi\u1eefa, 2 b\u00ean tay x\u00e1ch l\u00e0 n\u01a1i b\u1ecf v\u1eeba ly n\u01b0\u1edbc gi\u00fap vi\u1ec7c mang ly n\u01b0\u1edbc n\u00f3ng thu\u1eadn ti\u1ec7n h\u01a1n * Ch\u1ea5t li\u1ec7u: Kraft, Ivory\u2026 t\u00f9y nhu c\u1ea7u s\u1eed d\u1ee5ng * [&#8230;]\n","protected":false},"featured_media":927,"comment_status":"closed","ping_status":"open","template":"","meta":[],"product_cat":[102],"product_tag":[],"yoast_head":"<!-- This site is optimized with the Yoast SEO plugin v17.1 - https:\/\/yoast.com\/wordpress\/plugins\/seo\/ -->\n<title>Khay X\u00e1ch 2 Ly - Quai X\u00e1ch 2 Ly - Tay X\u00e1ch 2 ly &ndash; Kien Nang Packaging Manufacturer<\/title>\n<meta name=\"description\" content=\"Khay x\u00e1ch 2 ly c\u00f3 tay c\u1ea7m \u1edf gi\u1eefa c\u0169ng l\u00e0 v\u00e1ch ng\u0103n chia \u0111\u00f4i kh\u00f4ng gian khay c\u00f3 th\u1ec3 \u0111\u1ef1ng v\u1eeba 2 ly n\u01b0\u1edbc gi\u00fap vi\u1ec7c mang x\u00e1ch ly n\u01b0\u1edbc n\u00f3ng \u0111\u01b0\u1ee3c thu\u1eadn ti\u1ec7n h\u01a1n,\" \/>\n<meta name=\"robots\" content=\"index, follow, max-snippet:-1, max-image-preview:large, max-video-preview:-1\" \/>\n<link rel=\"canonical\" href=\"https:\/\/kiennang.com\/san-pham\/khay-xach-2-ly\/\" \/>\n<meta property=\"og:locale\" content=\"en_US\" \/>\n<meta property=\"og:type\" content=\"article\" \/>\n<meta property=\"og:title\" content=\"Khay X\u00e1ch 2 Ly - Quai X\u00e1ch 2 Ly - Tay X\u00e1ch 2 ly &ndash; Kien Nang Packaging Manufacturer\" \/>\n<meta property=\"og:description\" content=\"Khay x\u00e1ch 2 ly c\u00f3 tay c\u1ea7m \u1edf gi\u1eefa c\u0169ng l\u00e0 v\u00e1ch ng\u0103n chia \u0111\u00f4i kh\u00f4ng gian khay c\u00f3 th\u1ec3 \u0111\u1ef1ng v\u1eeba 2 ly n\u01b0\u1edbc gi\u00fap vi\u1ec7c mang x\u00e1ch ly n\u01b0\u1edbc n\u00f3ng \u0111\u01b0\u1ee3c thu\u1eadn ti\u1ec7n h\u01a1n,\" \/>\n<meta property=\"og:url\" content=\"https:\/\/kiennang.com\/san-pham\/khay-xach-2-ly\/\" \/>\n<meta property=\"og:site_name\" content=\"Kien Nang Packaging Manufacturer\" \/>\n<meta property=\"article:modified_time\" content=\"2020-07-16T08:50:45+00:00\" \/>\n<meta property=\"og:image\" content=\"https:\/\/kiennang.com\/wp-content\/uploads\/2018\/10\/khay-xach-2-ly.jpg\" \/>\n\t<meta property=\"og:image:width\" content=\"600\" \/>\n\t<meta property=\"og:image:height\" content=\"600\" \/>\n<meta name=\"twitter:card\" content=\"summary_large_image\" \/>\n<meta name=\"twitter:label1\" content=\"Est. reading time\" \/>\n\t<meta name=\"twitter:data1\" content=\"1 minute\" \/>\n<script type=\"application\/ld+json\" class=\"yoast-schema-graph\">{\"@context\":\"https:\/\/schema.org\",\"@graph\":[{\"@type\":\"WebSite\",\"@id\":\"https:\/\/kiennang.com\/#website\",\"url\":\"https:\/\/kiennang.com\/\",\"name\":\"Kien Nang Packaging Manufacturer\",\"description\":\"Food packaging | Paper Box | Printed Cheap Paper Bags\",\"potentialAction\":[{\"@type\":\"SearchAction\",\"target\":{\"@type\":\"EntryPoint\",\"urlTemplate\":\"https:\/\/kiennang.com\/?s={search_term_string}\"},\"query-input\":\"required name=search_term_string\"}],\"inLanguage\":\"en-US\"},{\"@type\":\"ImageObject\",\"@id\":\"https:\/\/kiennang.com\/san-pham\/khay-xach-2-ly\/#primaryimage\",\"inLanguage\":\"en-US\",\"url\":\"https:\/\/kiennang.com\/wp-content\/uploads\/2018\/10\/khay-xach-2-ly.jpg\",\"contentUrl\":\"https:\/\/kiennang.com\/wp-content\/uploads\/2018\/10\/khay-xach-2-ly.jpg\",\"width\":600,\"height\":600,\"caption\":\"Khay x\\u00e1ch 2 ly b\\u1eb1ng gi\\u1ea5y\"},{\"@type\":\"WebPage\",\"@id\":\"https:\/\/kiennang.com\/san-pham\/khay-xach-2-ly\/#webpage\",\"url\":\"https:\/\/kiennang.com\/san-pham\/khay-xach-2-ly\/\",\"name\":\"Khay X\\u00e1ch 2 Ly - Quai X\\u00e1ch 2 Ly - Tay X\\u00e1ch 2 ly &ndash; Kien Nang Packaging Manufacturer\",\"isPartOf\":{\"@id\":\"https:\/\/kiennang.com\/#website\"},\"primaryImageOfPage\":{\"@id\":\"https:\/\/kiennang.com\/san-pham\/khay-xach-2-ly\/#primaryimage\"},\"datePublished\":\"2020-07-16T08:30:42+00:00\",\"dateModified\":\"2020-07-16T08:50:45+00:00\",\"description\":\"Khay x\\u00e1ch 2 ly c\\u00f3 tay c\\u1ea7m \\u1edf gi\\u1eefa c\\u0169ng l\\u00e0 v\\u00e1ch ng\\u0103n chia \\u0111\\u00f4i kh\\u00f4ng gian khay c\\u00f3 th\\u1ec3 \\u0111\\u1ef1ng v\\u1eeba 2 ly n\\u01b0\\u1edbc gi\\u00fap vi\\u1ec7c mang x\\u00e1ch ly n\\u01b0\\u1edbc n\\u00f3ng \\u0111\\u01b0\\u1ee3c thu\\u1eadn ti\\u1ec7n h\\u01a1n,\",\"breadcrumb\":{\"@id\":\"https:\/\/kiennang.com\/san-pham\/khay-xach-2-ly\/#breadcrumb\"},\"inLanguage\":\"en-US\",\"potentialAction\":[{\"@type\":\"ReadAction\",\"target\":[\"https:\/\/kiennang.com\/san-pham\/khay-xach-2-ly\/\"]}]},{\"@type\":\"BreadcrumbList\",\"@id\":\"https:\/\/kiennang.com\/san-pham\/khay-xach-2-ly\/#breadcrumb\",\"itemListElement\":[{\"@type\":\"ListItem\",\"position\":1,\"name\":\"Trang ch\\u1ee7\",\"item\":\"https:\/\/kiennang.com\/\"},{\"@type\":\"ListItem\",\"position\":2,\"name\":\"\"},{\"@type\":\"ListItem\",\"position\":3,\"name\":\"Khay x\\u00e1ch 2 ly\"}]}]}<\/script>\n<!-- \/ Yoast SEO plugin. -->","yoast_head_json":{"title":"Khay X\u00e1ch 2 Ly - Quai X\u00e1ch 2 Ly - Tay X\u00e1ch 2 ly &ndash; Kien Nang Packaging Manufacturer","description":"Khay x\u00e1ch 2 ly c\u00f3 tay c\u1ea7m \u1edf gi\u1eefa c\u0169ng l\u00e0 v\u00e1ch ng\u0103n chia \u0111\u00f4i kh\u00f4ng gian khay c\u00f3 th\u1ec3 \u0111\u1ef1ng v\u1eeba 2 ly n\u01b0\u1edbc gi\u00fap vi\u1ec7c mang x\u00e1ch ly n\u01b0\u1edbc n\u00f3ng \u0111\u01b0\u1ee3c thu\u1eadn ti\u1ec7n h\u01a1n,","robots":{"index":"index","follow":"follow","max-snippet":"max-snippet:-1","max-image-preview":"max-image-preview:large","max-video-preview":"max-video-preview:-1"},"canonical":"https:\/\/kiennang.com\/san-pham\/khay-xach-2-ly\/","og_locale":"en_US","og_type":"article","og_title":"Khay X\u00e1ch 2 Ly - Quai X\u00e1ch 2 Ly - Tay X\u00e1ch 2 ly &ndash; Kien Nang Packaging Manufacturer","og_description":"Khay x\u00e1ch 2 ly c\u00f3 tay c\u1ea7m \u1edf gi\u1eefa c\u0169ng l\u00e0 v\u00e1ch ng\u0103n chia \u0111\u00f4i kh\u00f4ng gian khay c\u00f3 th\u1ec3 \u0111\u1ef1ng v\u1eeba 2 ly n\u01b0\u1edbc gi\u00fap vi\u1ec7c mang x\u00e1ch ly n\u01b0\u1edbc n\u00f3ng \u0111\u01b0\u1ee3c thu\u1eadn ti\u1ec7n h\u01a1n,","og_url":"https:\/\/kiennang.com\/san-pham\/khay-xach-2-ly\/","og_site_name":"Kien Nang Packaging Manufacturer","article_modified_time":"2020-07-16T08:50:45+00:00","og_image":[{"width":600,"height":600,"url":"https:\/\/kiennang.com\/wp-content\/uploads\/2018\/10\/khay-xach-2-ly.jpg","path":"\/home\/kiennang\/public_html\/wp-content\/uploads\/2018\/10\/khay-xach-2-ly.jpg","size":"full","id":927,"alt":"Khay X\u00e1ch 2 Ly","pixels":360000,"type":"image\/jpeg"}],"twitter_card":"summary_large_image","twitter_misc":{"Est. reading time":"1 minute"},"schema":{"@context":"https:\/\/schema.org","@graph":[{"@type":"WebSite","@id":"https:\/\/kiennang.com\/#website","url":"https:\/\/kiennang.com\/","name":"Kien Nang Packaging Manufacturer","description":"Food packaging | Paper Box | Printed Cheap Paper Bags","potentialAction":[{"@type":"SearchAction","target":{"@type":"EntryPoint","urlTemplate":"https:\/\/kiennang.com\/?s={search_term_string}"},"query-input":"required name=search_term_string"}],"inLanguage":"en-US"},{"@type":"ImageObject","@id":"https:\/\/kiennang.com\/san-pham\/khay-xach-2-ly\/#primaryimage","inLanguage":"en-US","url":"https:\/\/kiennang.com\/wp-content\/uploads\/2018\/10\/khay-xach-2-ly.jpg","contentUrl":"https:\/\/kiennang.com\/wp-content\/uploads\/2018\/10\/khay-xach-2-ly.jpg","width":600,"height":600,"caption":"Khay x\u00e1ch 2 ly b\u1eb1ng gi\u1ea5y"},{"@type":"WebPage","@id":"https:\/\/kiennang.com\/san-pham\/khay-xach-2-ly\/#webpage","url":"https:\/\/kiennang.com\/san-pham\/khay-xach-2-ly\/","name":"Khay X\u00e1ch 2 Ly - Quai X\u00e1ch 2 Ly - Tay X\u00e1ch 2 ly &ndash; Kien Nang Packaging Manufacturer","isPartOf":{"@id":"https:\/\/kiennang.com\/#website"},"primaryImageOfPage":{"@id":"https:\/\/kiennang.com\/san-pham\/khay-xach-2-ly\/#primaryimage"},"datePublished":"2020-07-16T08:30:42+00:00","dateModified":"2020-07-16T08:50:45+00:00","description":"Khay x\u00e1ch 2 ly c\u00f3 tay c\u1ea7m \u1edf gi\u1eefa c\u0169ng l\u00e0 v\u00e1ch ng\u0103n chia \u0111\u00f4i kh\u00f4ng gian khay c\u00f3 th\u1ec3 \u0111\u1ef1ng v\u1eeba 2 ly n\u01b0\u1edbc gi\u00fap vi\u1ec7c mang x\u00e1ch ly n\u01b0\u1edbc n\u00f3ng \u0111\u01b0\u1ee3c thu\u1eadn ti\u1ec7n h\u01a1n,","breadcrumb":{"@id":"https:\/\/kiennang.com\/san-pham\/khay-xach-2-ly\/#breadcrumb"},"inLanguage":"en-US","potentialAction":[{"@type":"ReadAction","target":["https:\/\/kiennang.com\/san-pham\/khay-xach-2-ly\/"]}]},{"@type":"BreadcrumbList","@id":"https:\/\/kiennang.com\/san-pham\/khay-xach-2-ly\/#breadcrumb","itemListElement":[{"@type":"ListItem","position":1,"name":"Trang ch\u1ee7","item":"https:\/\/kiennang.com\/"},{"@type":"ListItem","position":2,"name":""},{"@type":"ListItem","position":3,"name":"Khay x\u00e1ch 2 ly"}]}]}},"_links":{"self":[{"href":"https:\/\/kiennang.com\/en\/wp-json\/wp\/v2\/product\/738"}],"collection":[{"href":"https:\/\/kiennang.com\/en\/wp-json\/wp\/v2\/product"}],"about":[{"href":"https:\/\/kiennang.com\/en\/wp-json\/wp\/v2\/types\/product"}],"replies":[{"embeddable":true,"href":"https:\/\/kiennang.com\/en\/wp-json\/wp\/v2\/comments?post=738"}],"wp:featuredmedia":[{"embeddable":true,"href":"https:\/\/kiennang.com\/en\/wp-json\/wp\/v2\/media\/927"}],"wp:attachment":[{"href":"https:\/\/kiennang.com\/en\/wp-json\/wp\/v2\/media?parent=738"}],"wp:term":[{"taxonomy":"product_cat","embeddable":true,"href":"https:\/\/kiennang.com\/en\/wp-json\/wp\/v2\/product_cat?post=738"},{"taxonomy":"product_tag","embeddable":true,"href":"https:\/\/kiennang.com\/en\/wp-json\/wp\/v2\/product_tag?post=738"}],"curies":[{"name":"wp","href":"https:\/\/api.w.org\/{rel}","templated":true}]}}