{"id":526,"date":"2020-07-16T15:30:39","date_gmt":"2020-07-16T08:30:39","guid":{"rendered":"https:\/\/supoli.com\/san-pham\/tui-giay-shopping-kn34vqx\/"},"modified":"2020-07-16T15:50:43","modified_gmt":"2020-07-16T08:50:43","slug":"tui-giay-shopping-kn34vqx","status":"publish","type":"product","link":"https:\/\/kiennang.com\/en\/san-pham\/tui-giay-shopping-kn34vqx\/","title":{"rendered":"T\u00fai gi\u1ea5y shopping Kn34VQX"},"content":{"rendered":"<p>* M\u00e3 s\u1ed1: Kn34VQX<br \/>\n* S\u1ea3n xu\u1ea5t: s\u1ea3n ph\u1ea9m \u0111\u01b0\u1ee3c s\u1ea3n xu\u1ea5t s\u1eb5n v\u1edbi s\u1ed1 l\u01b0\u1ee3ng l\u1edbn<br \/>\n* Ch\u1ea5t li\u1ec7u: Kraft n\u00e2u 85gsm<br \/>\n* QC: 190x430x100 mm<br \/>\n* T\u1ea3i n\u1eb7ng: 3~5kg<br \/>\n* \u0110\u00f3ng g\u00f3i: 300c\/th\u00f9ng (53x32x50 cm)<br \/>\n* Gi\u1ea5y ch\u1ee9ng nh\u1eadn: \u0111\u1ea1t chu\u1ea9n c\u1ee7a FDA (C\u1ee5c qu\u1ea3n l\u00fd th\u1ef1c ph\u1ea9m v\u00e0 d\u01b0\u1ee3c ph\u1ea9m Hoa K\u1ef3) v\u00e0 \u0111\u00e3 \u0111\u01b0\u1ee3c c\u00f4ng b\u1ed1 h\u1ee3p quy t\u1ea1i Ban qu\u1ea3n l\u00fd An To\u00e0n Th\u1ef1c Ph\u1ea9m TP.HCM<\/p>\n","protected":false},"excerpt":{"rendered":"<p>* M\u00e3 s\u1ed1: Kn34VQX * S\u1ea3n xu\u1ea5t: s\u1ea3n ph\u1ea9m \u0111\u01b0\u1ee3c s\u1ea3n xu\u1ea5t s\u1eb5n v\u1edbi s\u1ed1 l\u01b0\u1ee3ng l\u1edbn * Ch\u1ea5t li\u1ec7u: Kraft n\u00e2u 85gsm * QC: 190x430x100 mm * T\u1ea3i n\u1eb7ng: 3~5kg * \u0110\u00f3ng g\u00f3i: 300c\/th\u00f9ng (53x32x50 cm) * Gi\u1ea5y ch\u1ee9ng nh\u1eadn: \u0111\u1ea1t chu\u1ea9n c\u1ee7a FDA (C\u1ee5c qu\u1ea3n l\u00fd th\u1ef1c ph\u1ea9m v\u00e0 d\u01b0\u1ee3c ph\u1ea9m Hoa K\u1ef3) [&#8230;]\n","protected":false},"featured_media":937,"comment_status":"closed","ping_status":"open","template":"","meta":[],"product_cat":[89,85],"product_tag":[],"yoast_head":"<!-- This site is optimized with the Yoast SEO plugin v17.1 - https:\/\/yoast.com\/wordpress\/plugins\/seo\/ -->\n<title>T\u00fai Gi\u1ea5y Shopping Kn34VQX - T\u00fai Shopping Gi\u1ea5y Kraft &ndash; Kien Nang Packaging Manufacturer<\/title>\n<meta name=\"description\" content=\"T\u00fai gi\u1ea5y shopping Kn34VQX \u0111\u01b0\u1ee3c l\u00e0m b\u1eb1ng gi\u1ea5y kraft n\u00e2u, c\u00f3 d\u1ea1ng h\u00ecnh ch\u1eef nh\u1eadt \u0111\u1ee9ng v\u1edbi \u0111\u00e1y vu\u00f4ng, mi\u1ec7ng t\u00fai \u0111\u01b0\u1ee3c d\u00e1n c\u1eb7p quai xo\u1eafn ch\u1eafc ch\u1eafn\" \/>\n<meta name=\"robots\" content=\"index, follow, max-snippet:-1, max-image-preview:large, max-video-preview:-1\" \/>\n<link rel=\"canonical\" href=\"https:\/\/kiennang.com\/san-pham\/tui-giay-shopping-kn34vqx\/\" \/>\n<meta property=\"og:locale\" content=\"en_US\" \/>\n<meta property=\"og:type\" content=\"article\" \/>\n<meta property=\"og:title\" content=\"T\u00fai Gi\u1ea5y Shopping Kn34VQX - T\u00fai Shopping Gi\u1ea5y Kraft &ndash; Kien Nang Packaging Manufacturer\" \/>\n<meta property=\"og:description\" content=\"T\u00fai gi\u1ea5y shopping Kn34VQX \u0111\u01b0\u1ee3c l\u00e0m b\u1eb1ng gi\u1ea5y kraft n\u00e2u, c\u00f3 d\u1ea1ng h\u00ecnh ch\u1eef nh\u1eadt \u0111\u1ee9ng v\u1edbi \u0111\u00e1y vu\u00f4ng, mi\u1ec7ng t\u00fai \u0111\u01b0\u1ee3c d\u00e1n c\u1eb7p quai xo\u1eafn ch\u1eafc ch\u1eafn\" \/>\n<meta property=\"og:url\" content=\"https:\/\/kiennang.com\/san-pham\/tui-giay-shopping-kn34vqx\/\" \/>\n<meta property=\"og:site_name\" content=\"Kien Nang Packaging Manufacturer\" \/>\n<meta property=\"article:modified_time\" content=\"2020-07-16T08:50:43+00:00\" \/>\n<meta property=\"og:image\" content=\"https:\/\/kiennang.com\/wp-content\/uploads\/2018\/10\/Kn34VQX.jpg\" \/>\n\t<meta property=\"og:image:width\" content=\"600\" \/>\n\t<meta property=\"og:image:height\" content=\"600\" \/>\n<meta name=\"twitter:card\" content=\"summary_large_image\" \/>\n<meta name=\"twitter:label1\" content=\"Est. reading time\" \/>\n\t<meta name=\"twitter:data1\" content=\"1 minute\" \/>\n<script type=\"application\/ld+json\" class=\"yoast-schema-graph\">{\"@context\":\"https:\/\/schema.org\",\"@graph\":[{\"@type\":\"WebSite\",\"@id\":\"https:\/\/kiennang.com\/#website\",\"url\":\"https:\/\/kiennang.com\/\",\"name\":\"Kien Nang Packaging Manufacturer\",\"description\":\"Food packaging | Paper Box | Printed Cheap Paper Bags\",\"potentialAction\":[{\"@type\":\"SearchAction\",\"target\":{\"@type\":\"EntryPoint\",\"urlTemplate\":\"https:\/\/kiennang.com\/?s={search_term_string}\"},\"query-input\":\"required name=search_term_string\"}],\"inLanguage\":\"en-US\"},{\"@type\":\"ImageObject\",\"@id\":\"https:\/\/kiennang.com\/san-pham\/tui-giay-shopping-kn34vqx\/#primaryimage\",\"inLanguage\":\"en-US\",\"url\":\"https:\/\/kiennang.com\/wp-content\/uploads\/2018\/10\/Kn34VQX.jpg\",\"contentUrl\":\"https:\/\/kiennang.com\/wp-content\/uploads\/2018\/10\/Kn34VQX.jpg\",\"width\":600,\"height\":600,\"caption\":\"T\\u00fai gi\\u1ea5y shopping Kn34VQX \\u0111\\u01b0\\u1ee3c l\\u00e0m b\\u1eb1ng gi\\u1ea5y kraft n\\u00e2u, c\\u00f3 d\\u1ea1ng h\\u00ecnh ch\\u1eef nh\\u1eadt \\u0111\\u1ee9ng v\\u1edbi \\u0111\\u00e1y vu\\u00f4ng\"},{\"@type\":\"WebPage\",\"@id\":\"https:\/\/kiennang.com\/san-pham\/tui-giay-shopping-kn34vqx\/#webpage\",\"url\":\"https:\/\/kiennang.com\/san-pham\/tui-giay-shopping-kn34vqx\/\",\"name\":\"T\\u00fai Gi\\u1ea5y Shopping Kn34VQX - T\\u00fai Shopping Gi\\u1ea5y Kraft &ndash; Kien Nang Packaging Manufacturer\",\"isPartOf\":{\"@id\":\"https:\/\/kiennang.com\/#website\"},\"primaryImageOfPage\":{\"@id\":\"https:\/\/kiennang.com\/san-pham\/tui-giay-shopping-kn34vqx\/#primaryimage\"},\"datePublished\":\"2020-07-16T08:30:39+00:00\",\"dateModified\":\"2020-07-16T08:50:43+00:00\",\"description\":\"T\\u00fai gi\\u1ea5y shopping Kn34VQX \\u0111\\u01b0\\u1ee3c l\\u00e0m b\\u1eb1ng gi\\u1ea5y kraft n\\u00e2u, c\\u00f3 d\\u1ea1ng h\\u00ecnh ch\\u1eef nh\\u1eadt \\u0111\\u1ee9ng v\\u1edbi \\u0111\\u00e1y vu\\u00f4ng, mi\\u1ec7ng t\\u00fai \\u0111\\u01b0\\u1ee3c d\\u00e1n c\\u1eb7p quai xo\\u1eafn ch\\u1eafc ch\\u1eafn\",\"breadcrumb\":{\"@id\":\"https:\/\/kiennang.com\/san-pham\/tui-giay-shopping-kn34vqx\/#breadcrumb\"},\"inLanguage\":\"en-US\",\"potentialAction\":[{\"@type\":\"ReadAction\",\"target\":[\"https:\/\/kiennang.com\/san-pham\/tui-giay-shopping-kn34vqx\/\"]}]},{\"@type\":\"BreadcrumbList\",\"@id\":\"https:\/\/kiennang.com\/san-pham\/tui-giay-shopping-kn34vqx\/#breadcrumb\",\"itemListElement\":[{\"@type\":\"ListItem\",\"position\":1,\"name\":\"Trang ch\\u1ee7\",\"item\":\"https:\/\/kiennang.com\/\"},{\"@type\":\"ListItem\",\"position\":2,\"name\":\"\"},{\"@type\":\"ListItem\",\"position\":3,\"name\":\"T\\u00fai gi\\u1ea5y shopping Kn34VQX\"}]}]}<\/script>\n<!-- \/ Yoast SEO plugin. -->","yoast_head_json":{"title":"T\u00fai Gi\u1ea5y Shopping Kn34VQX - T\u00fai Shopping Gi\u1ea5y Kraft &ndash; Kien Nang Packaging Manufacturer","description":"T\u00fai gi\u1ea5y shopping Kn34VQX \u0111\u01b0\u1ee3c l\u00e0m b\u1eb1ng gi\u1ea5y kraft n\u00e2u, c\u00f3 d\u1ea1ng h\u00ecnh ch\u1eef nh\u1eadt \u0111\u1ee9ng v\u1edbi \u0111\u00e1y vu\u00f4ng, mi\u1ec7ng t\u00fai \u0111\u01b0\u1ee3c d\u00e1n c\u1eb7p quai xo\u1eafn ch\u1eafc ch\u1eafn","robots":{"index":"index","follow":"follow","max-snippet":"max-snippet:-1","max-image-preview":"max-image-preview:large","max-video-preview":"max-video-preview:-1"},"canonical":"https:\/\/kiennang.com\/san-pham\/tui-giay-shopping-kn34vqx\/","og_locale":"en_US","og_type":"article","og_title":"T\u00fai Gi\u1ea5y Shopping Kn34VQX - T\u00fai Shopping Gi\u1ea5y Kraft &ndash; Kien Nang Packaging Manufacturer","og_description":"T\u00fai gi\u1ea5y shopping Kn34VQX \u0111\u01b0\u1ee3c l\u00e0m b\u1eb1ng gi\u1ea5y kraft n\u00e2u, c\u00f3 d\u1ea1ng h\u00ecnh ch\u1eef nh\u1eadt \u0111\u1ee9ng v\u1edbi \u0111\u00e1y vu\u00f4ng, mi\u1ec7ng t\u00fai \u0111\u01b0\u1ee3c d\u00e1n c\u1eb7p quai xo\u1eafn ch\u1eafc ch\u1eafn","og_url":"https:\/\/kiennang.com\/san-pham\/tui-giay-shopping-kn34vqx\/","og_site_name":"Kien Nang Packaging Manufacturer","article_modified_time":"2020-07-16T08:50:43+00:00","og_image":[{"width":600,"height":600,"url":"https:\/\/kiennang.com\/wp-content\/uploads\/2018\/10\/Kn34VQX.jpg","path":"\/home\/kiennang\/public_html\/wp-content\/uploads\/2018\/10\/Kn34VQX.jpg","size":"full","id":937,"alt":"T\u00fai gi\u1ea5y shopping Kn34VQX","pixels":360000,"type":"image\/jpeg"}],"twitter_card":"summary_large_image","twitter_misc":{"Est. reading time":"1 minute"},"schema":{"@context":"https:\/\/schema.org","@graph":[{"@type":"WebSite","@id":"https:\/\/kiennang.com\/#website","url":"https:\/\/kiennang.com\/","name":"Kien Nang Packaging Manufacturer","description":"Food packaging | Paper Box | Printed Cheap Paper Bags","potentialAction":[{"@type":"SearchAction","target":{"@type":"EntryPoint","urlTemplate":"https:\/\/kiennang.com\/?s={search_term_string}"},"query-input":"required name=search_term_string"}],"inLanguage":"en-US"},{"@type":"ImageObject","@id":"https:\/\/kiennang.com\/san-pham\/tui-giay-shopping-kn34vqx\/#primaryimage","inLanguage":"en-US","url":"https:\/\/kiennang.com\/wp-content\/uploads\/2018\/10\/Kn34VQX.jpg","contentUrl":"https:\/\/kiennang.com\/wp-content\/uploads\/2018\/10\/Kn34VQX.jpg","width":600,"height":600,"caption":"T\u00fai gi\u1ea5y shopping Kn34VQX \u0111\u01b0\u1ee3c l\u00e0m b\u1eb1ng gi\u1ea5y kraft n\u00e2u, c\u00f3 d\u1ea1ng h\u00ecnh ch\u1eef nh\u1eadt \u0111\u1ee9ng v\u1edbi \u0111\u00e1y vu\u00f4ng"},{"@type":"WebPage","@id":"https:\/\/kiennang.com\/san-pham\/tui-giay-shopping-kn34vqx\/#webpage","url":"https:\/\/kiennang.com\/san-pham\/tui-giay-shopping-kn34vqx\/","name":"T\u00fai Gi\u1ea5y Shopping Kn34VQX - T\u00fai Shopping Gi\u1ea5y Kraft &ndash; Kien Nang Packaging Manufacturer","isPartOf":{"@id":"https:\/\/kiennang.com\/#website"},"primaryImageOfPage":{"@id":"https:\/\/kiennang.com\/san-pham\/tui-giay-shopping-kn34vqx\/#primaryimage"},"datePublished":"2020-07-16T08:30:39+00:00","dateModified":"2020-07-16T08:50:43+00:00","description":"T\u00fai gi\u1ea5y shopping Kn34VQX \u0111\u01b0\u1ee3c l\u00e0m b\u1eb1ng gi\u1ea5y kraft n\u00e2u, c\u00f3 d\u1ea1ng h\u00ecnh ch\u1eef nh\u1eadt \u0111\u1ee9ng v\u1edbi \u0111\u00e1y vu\u00f4ng, mi\u1ec7ng t\u00fai \u0111\u01b0\u1ee3c d\u00e1n c\u1eb7p quai xo\u1eafn ch\u1eafc ch\u1eafn","breadcrumb":{"@id":"https:\/\/kiennang.com\/san-pham\/tui-giay-shopping-kn34vqx\/#breadcrumb"},"inLanguage":"en-US","potentialAction":[{"@type":"ReadAction","target":["https:\/\/kiennang.com\/san-pham\/tui-giay-shopping-kn34vqx\/"]}]},{"@type":"BreadcrumbList","@id":"https:\/\/kiennang.com\/san-pham\/tui-giay-shopping-kn34vqx\/#breadcrumb","itemListElement":[{"@type":"ListItem","position":1,"name":"Trang ch\u1ee7","item":"https:\/\/kiennang.com\/"},{"@type":"ListItem","position":2,"name":""},{"@type":"ListItem","position":3,"name":"T\u00fai gi\u1ea5y shopping Kn34VQX"}]}]}},"_links":{"self":[{"href":"https:\/\/kiennang.com\/en\/wp-json\/wp\/v2\/product\/526"}],"collection":[{"href":"https:\/\/kiennang.com\/en\/wp-json\/wp\/v2\/product"}],"about":[{"href":"https:\/\/kiennang.com\/en\/wp-json\/wp\/v2\/types\/product"}],"replies":[{"embeddable":true,"href":"https:\/\/kiennang.com\/en\/wp-json\/wp\/v2\/comments?post=526"}],"wp:featuredmedia":[{"embeddable":true,"href":"https:\/\/kiennang.com\/en\/wp-json\/wp\/v2\/media\/937"}],"wp:attachment":[{"href":"https:\/\/kiennang.com\/en\/wp-json\/wp\/v2\/media?parent=526"}],"wp:term":[{"taxonomy":"product_cat","embeddable":true,"href":"https:\/\/kiennang.com\/en\/wp-json\/wp\/v2\/product_cat?post=526"},{"taxonomy":"product_tag","embeddable":true,"href":"https:\/\/kiennang.com\/en\/wp-json\/wp\/v2\/product_tag?post=526"}],"curies":[{"name":"wp","href":"https:\/\/api.w.org\/{rel}","templated":true}]}}