{"id":1235,"date":"2020-07-16T15:30:36","date_gmt":"2020-07-16T08:30:36","guid":{"rendered":"https:\/\/kiennang.com\/san-pham\/tui-giay-dung-banh-keo\/"},"modified":"2020-07-16T15:50:41","modified_gmt":"2020-07-16T08:50:41","slug":"tui-giay-dung-banh-keo","status":"publish","type":"product","link":"https:\/\/kiennang.com\/en\/san-pham\/tui-giay-dung-banh-keo\/","title":{"rendered":"T\u00fai gi\u1ea5y \u0111\u1ef1ng b\u00e1nh k\u1eb9o"},"content":{"rendered":"<p>* M\u00e3 s\u1ed1: Kn31V<br \/>\n* Ki\u1ec3u d\u00e1ng: t\u00fai c\u00f3 d\u1ea1ng 1 mi\u1ec7ng \u0111\u00e1y vu\u00f4ng, c\u00f3 h\u00f4ng, kh\u00f4ng c\u00f3 quai x\u00e1ch<br \/>\n* Th\u00edch h\u1ee3p: t\u00fai ph\u00f9 h\u1ee3p \u0111\u1ef1ng c\u00e1c lo\u1ea1i th\u1ef1c ph\u1ea9m ch\u1ebf bi\u1ebfn s\u1eb5n, rau c\u1ee7, tr\u00e1i c\u00e2y, b\u1ed9t, \u0111\u1eadu, g\u1ea1o&#8230;<br \/>\n* Ch\u1ea5t li\u1ec7u: kraft n\u00e2u 50gsm<br \/>\n* QC: 80x200x50 mm<br \/>\n* S\u1ea3n xu\u1ea5t: s\u1ea3n ph\u1ea9m \u0111\u01b0\u1ee3c s\u1ea3n xu\u1ea5t s\u1eb5n v\u1edbi s\u1ed1 l\u01b0\u1ee3ng l\u1edbn<br \/>\n* \u0110\u00f3ng g\u00f3i: 1.500c\/th\u00f9ng (53x40x25 cm)<br \/>\n* Gi\u1ea5y ch\u1ee9ng nh\u1eadn: \u0111\u1ea1t chu\u1ea9n c\u1ee7a FDA (C\u1ee5c qu\u1ea3n l\u00fd th\u1ef1c ph\u1ea9m v\u00e0 d\u01b0\u1ee3c ph\u1ea9m Hoa K\u1ef3) v\u00e0 \u0111\u00e3 \u0111\u01b0\u1ee3c c\u00f4ng b\u1ed1 h\u1ee3p quy t\u1ea1i Ban qu\u1ea3n l\u00fd An To\u00e0n Th\u1ef1c Ph\u1ea9m TP.HCM<\/p>\n","protected":false},"excerpt":{"rendered":"<p>* M\u00e3 s\u1ed1: Kn31V * Ki\u1ec3u d\u00e1ng: t\u00fai c\u00f3 d\u1ea1ng 1 mi\u1ec7ng \u0111\u00e1y vu\u00f4ng, c\u00f3 h\u00f4ng, kh\u00f4ng c\u00f3 quai x\u00e1ch * Th\u00edch h\u1ee3p: t\u00fai ph\u00f9 h\u1ee3p \u0111\u1ef1ng c\u00e1c lo\u1ea1i th\u1ef1c ph\u1ea9m ch\u1ebf bi\u1ebfn s\u1eb5n, rau c\u1ee7, tr\u00e1i c\u00e2y, b\u1ed9t, \u0111\u1eadu, g\u1ea1o&#8230; * Ch\u1ea5t li\u1ec7u: kraft n\u00e2u 50gsm * QC: 80x200x50 mm * S\u1ea3n xu\u1ea5t: s\u1ea3n [&#8230;]\n","protected":false},"featured_media":1275,"comment_status":"closed","ping_status":"open","template":"","meta":[],"product_cat":[93,100],"product_tag":[],"yoast_head":"<!-- This site is optimized with the Yoast SEO plugin v17.1 - https:\/\/yoast.com\/wordpress\/plugins\/seo\/ -->\n<title>T\u00fai gi\u1ea5y \u0111\u1ef1ng b\u00e1nh k\u1eb9o &ndash; Kien Nang Packaging Manufacturer<\/title>\n<meta name=\"robots\" content=\"index, follow, max-snippet:-1, max-image-preview:large, max-video-preview:-1\" \/>\n<link rel=\"canonical\" href=\"https:\/\/kiennang.com\/san-pham\/tui-giay-dung-banh-keo\/\" \/>\n<meta property=\"og:locale\" content=\"en_US\" \/>\n<meta property=\"og:type\" content=\"article\" \/>\n<meta property=\"og:title\" content=\"T\u00fai gi\u1ea5y \u0111\u1ef1ng b\u00e1nh k\u1eb9o &ndash; Kien Nang Packaging Manufacturer\" \/>\n<meta property=\"og:description\" content=\"* M\u00e3 s\u1ed1: Kn31V * Ki\u1ec3u d\u00e1ng: t\u00fai c\u00f3 d\u1ea1ng 1 mi\u1ec7ng \u0111\u00e1y vu\u00f4ng, c\u00f3 h\u00f4ng, kh\u00f4ng c\u00f3 quai x\u00e1ch * Th\u00edch h\u1ee3p: t\u00fai ph\u00f9 h\u1ee3p \u0111\u1ef1ng c\u00e1c lo\u1ea1i th\u1ef1c ph\u1ea9m ch\u1ebf bi\u1ebfn s\u1eb5n, rau c\u1ee7, tr\u00e1i c\u00e2y, b\u1ed9t, \u0111\u1eadu, g\u1ea1o&#8230; * Ch\u1ea5t li\u1ec7u: kraft n\u00e2u 50gsm * QC: 80x200x50 mm * S\u1ea3n xu\u1ea5t: s\u1ea3n [...]\" \/>\n<meta property=\"og:url\" content=\"https:\/\/kiennang.com\/san-pham\/tui-giay-dung-banh-keo\/\" \/>\n<meta property=\"og:site_name\" content=\"Kien Nang Packaging Manufacturer\" \/>\n<meta property=\"article:modified_time\" content=\"2020-07-16T08:50:41+00:00\" \/>\n<meta property=\"og:image\" content=\"https:\/\/kiennang.com\/wp-content\/uploads\/2020\/07\/KN31V.jpg\" \/>\n\t<meta property=\"og:image:width\" content=\"600\" \/>\n\t<meta property=\"og:image:height\" content=\"600\" \/>\n<meta name=\"twitter:card\" content=\"summary_large_image\" \/>\n<meta name=\"twitter:label1\" content=\"Est. reading time\" \/>\n\t<meta name=\"twitter:data1\" content=\"1 minute\" \/>\n<script type=\"application\/ld+json\" class=\"yoast-schema-graph\">{\"@context\":\"https:\/\/schema.org\",\"@graph\":[{\"@type\":\"WebSite\",\"@id\":\"https:\/\/kiennang.com\/#website\",\"url\":\"https:\/\/kiennang.com\/\",\"name\":\"Kien Nang Packaging Manufacturer\",\"description\":\"Food packaging | Paper Box | Printed Cheap Paper Bags\",\"potentialAction\":[{\"@type\":\"SearchAction\",\"target\":{\"@type\":\"EntryPoint\",\"urlTemplate\":\"https:\/\/kiennang.com\/?s={search_term_string}\"},\"query-input\":\"required name=search_term_string\"}],\"inLanguage\":\"en-US\"},{\"@type\":\"ImageObject\",\"@id\":\"https:\/\/kiennang.com\/san-pham\/tui-giay-dung-banh-keo\/#primaryimage\",\"inLanguage\":\"en-US\",\"url\":\"https:\/\/kiennang.com\/wp-content\/uploads\/2020\/07\/KN31V.jpg\",\"contentUrl\":\"https:\/\/kiennang.com\/wp-content\/uploads\/2020\/07\/KN31V.jpg\",\"width\":600,\"height\":600},{\"@type\":\"WebPage\",\"@id\":\"https:\/\/kiennang.com\/san-pham\/tui-giay-dung-banh-keo\/#webpage\",\"url\":\"https:\/\/kiennang.com\/san-pham\/tui-giay-dung-banh-keo\/\",\"name\":\"T\\u00fai gi\\u1ea5y \\u0111\\u1ef1ng b\\u00e1nh k\\u1eb9o &ndash; Kien Nang Packaging Manufacturer\",\"isPartOf\":{\"@id\":\"https:\/\/kiennang.com\/#website\"},\"primaryImageOfPage\":{\"@id\":\"https:\/\/kiennang.com\/san-pham\/tui-giay-dung-banh-keo\/#primaryimage\"},\"datePublished\":\"2020-07-16T08:30:36+00:00\",\"dateModified\":\"2020-07-16T08:50:41+00:00\",\"breadcrumb\":{\"@id\":\"https:\/\/kiennang.com\/san-pham\/tui-giay-dung-banh-keo\/#breadcrumb\"},\"inLanguage\":\"en-US\",\"potentialAction\":[{\"@type\":\"ReadAction\",\"target\":[\"https:\/\/kiennang.com\/san-pham\/tui-giay-dung-banh-keo\/\"]}]},{\"@type\":\"BreadcrumbList\",\"@id\":\"https:\/\/kiennang.com\/san-pham\/tui-giay-dung-banh-keo\/#breadcrumb\",\"itemListElement\":[{\"@type\":\"ListItem\",\"position\":1,\"name\":\"Trang ch\\u1ee7\",\"item\":\"https:\/\/kiennang.com\/\"},{\"@type\":\"ListItem\",\"position\":2,\"name\":\"\"},{\"@type\":\"ListItem\",\"position\":3,\"name\":\"T\\u00fai gi\\u1ea5y \\u0111\\u1ef1ng b\\u00e1nh k\\u1eb9o\"}]}]}<\/script>\n<!-- \/ Yoast SEO plugin. -->","yoast_head_json":{"title":"T\u00fai gi\u1ea5y \u0111\u1ef1ng b\u00e1nh k\u1eb9o &ndash; Kien Nang Packaging Manufacturer","robots":{"index":"index","follow":"follow","max-snippet":"max-snippet:-1","max-image-preview":"max-image-preview:large","max-video-preview":"max-video-preview:-1"},"canonical":"https:\/\/kiennang.com\/san-pham\/tui-giay-dung-banh-keo\/","og_locale":"en_US","og_type":"article","og_title":"T\u00fai gi\u1ea5y \u0111\u1ef1ng b\u00e1nh k\u1eb9o &ndash; Kien Nang Packaging Manufacturer","og_description":"* M\u00e3 s\u1ed1: Kn31V * Ki\u1ec3u d\u00e1ng: t\u00fai c\u00f3 d\u1ea1ng 1 mi\u1ec7ng \u0111\u00e1y vu\u00f4ng, c\u00f3 h\u00f4ng, kh\u00f4ng c\u00f3 quai x\u00e1ch * Th\u00edch h\u1ee3p: t\u00fai ph\u00f9 h\u1ee3p \u0111\u1ef1ng c\u00e1c lo\u1ea1i th\u1ef1c ph\u1ea9m ch\u1ebf bi\u1ebfn s\u1eb5n, rau c\u1ee7, tr\u00e1i c\u00e2y, b\u1ed9t, \u0111\u1eadu, g\u1ea1o&#8230; * Ch\u1ea5t li\u1ec7u: kraft n\u00e2u 50gsm * QC: 80x200x50 mm * S\u1ea3n xu\u1ea5t: s\u1ea3n [...]","og_url":"https:\/\/kiennang.com\/san-pham\/tui-giay-dung-banh-keo\/","og_site_name":"Kien Nang Packaging Manufacturer","article_modified_time":"2020-07-16T08:50:41+00:00","og_image":[{"width":600,"height":600,"url":"https:\/\/kiennang.com\/wp-content\/uploads\/2020\/07\/KN31V.jpg","path":"\/home\/kiennang\/public_html\/wp-content\/uploads\/2020\/07\/KN31V.jpg","size":"full","id":1275,"alt":"","pixels":360000,"type":"image\/jpeg"}],"twitter_card":"summary_large_image","twitter_misc":{"Est. reading time":"1 minute"},"schema":{"@context":"https:\/\/schema.org","@graph":[{"@type":"WebSite","@id":"https:\/\/kiennang.com\/#website","url":"https:\/\/kiennang.com\/","name":"Kien Nang Packaging Manufacturer","description":"Food packaging | Paper Box | Printed Cheap Paper Bags","potentialAction":[{"@type":"SearchAction","target":{"@type":"EntryPoint","urlTemplate":"https:\/\/kiennang.com\/?s={search_term_string}"},"query-input":"required name=search_term_string"}],"inLanguage":"en-US"},{"@type":"ImageObject","@id":"https:\/\/kiennang.com\/san-pham\/tui-giay-dung-banh-keo\/#primaryimage","inLanguage":"en-US","url":"https:\/\/kiennang.com\/wp-content\/uploads\/2020\/07\/KN31V.jpg","contentUrl":"https:\/\/kiennang.com\/wp-content\/uploads\/2020\/07\/KN31V.jpg","width":600,"height":600},{"@type":"WebPage","@id":"https:\/\/kiennang.com\/san-pham\/tui-giay-dung-banh-keo\/#webpage","url":"https:\/\/kiennang.com\/san-pham\/tui-giay-dung-banh-keo\/","name":"T\u00fai gi\u1ea5y \u0111\u1ef1ng b\u00e1nh k\u1eb9o &ndash; Kien Nang Packaging Manufacturer","isPartOf":{"@id":"https:\/\/kiennang.com\/#website"},"primaryImageOfPage":{"@id":"https:\/\/kiennang.com\/san-pham\/tui-giay-dung-banh-keo\/#primaryimage"},"datePublished":"2020-07-16T08:30:36+00:00","dateModified":"2020-07-16T08:50:41+00:00","breadcrumb":{"@id":"https:\/\/kiennang.com\/san-pham\/tui-giay-dung-banh-keo\/#breadcrumb"},"inLanguage":"en-US","potentialAction":[{"@type":"ReadAction","target":["https:\/\/kiennang.com\/san-pham\/tui-giay-dung-banh-keo\/"]}]},{"@type":"BreadcrumbList","@id":"https:\/\/kiennang.com\/san-pham\/tui-giay-dung-banh-keo\/#breadcrumb","itemListElement":[{"@type":"ListItem","position":1,"name":"Trang ch\u1ee7","item":"https:\/\/kiennang.com\/"},{"@type":"ListItem","position":2,"name":""},{"@type":"ListItem","position":3,"name":"T\u00fai gi\u1ea5y \u0111\u1ef1ng b\u00e1nh k\u1eb9o"}]}]}},"_links":{"self":[{"href":"https:\/\/kiennang.com\/en\/wp-json\/wp\/v2\/product\/1235"}],"collection":[{"href":"https:\/\/kiennang.com\/en\/wp-json\/wp\/v2\/product"}],"about":[{"href":"https:\/\/kiennang.com\/en\/wp-json\/wp\/v2\/types\/product"}],"replies":[{"embeddable":true,"href":"https:\/\/kiennang.com\/en\/wp-json\/wp\/v2\/comments?post=1235"}],"wp:featuredmedia":[{"embeddable":true,"href":"https:\/\/kiennang.com\/en\/wp-json\/wp\/v2\/media\/1275"}],"wp:attachment":[{"href":"https:\/\/kiennang.com\/en\/wp-json\/wp\/v2\/media?parent=1235"}],"wp:term":[{"taxonomy":"product_cat","embeddable":true,"href":"https:\/\/kiennang.com\/en\/wp-json\/wp\/v2\/product_cat?post=1235"},{"taxonomy":"product_tag","embeddable":true,"href":"https:\/\/kiennang.com\/en\/wp-json\/wp\/v2\/product_tag?post=1235"}],"curies":[{"name":"wp","href":"https:\/\/api.w.org\/{rel}","templated":true}]}}