{"id":1209,"date":"2020-07-16T15:30:31","date_gmt":"2020-07-16T08:30:31","guid":{"rendered":"https:\/\/kiennang.com\/san-pham\/tui-banh-mi-cua-so-lech-kn31csl\/"},"modified":"2020-07-16T15:50:39","modified_gmt":"2020-07-16T08:50:39","slug":"tui-banh-mi-cua-so-lech-kn31csl","status":"publish","type":"product","link":"https:\/\/kiennang.com\/en\/san-pham\/tui-banh-mi-cua-so-lech-kn31csl\/","title":{"rendered":"T\u00fai b\u00e1nh m\u00ec c\u1eeda s\u1ed5 l\u1ec7ch Kn31CSL"},"content":{"rendered":"<p>* M\u00e3 s\u1ed1: Kn31CSL<br \/>\n* Ki\u1ec3u d\u00e1ng: t\u00fai c\u00f3 d\u1ea1ng \u0111\u00e1y d\u1eb9t 1 mi\u1ec7ng c\u00f3 h\u00f4ng, 1 b\u00ean m\u1eb7t sau v\u00e0 1 b\u00ean h\u00f4ng k\u1ebft h\u1ee3p m\u00e0ng c\u1eeda s\u1ed5 trong su\u1ed1t  c\u00f3 th\u1ec3 nh\u00ecn th\u1ea5y s\u1ea3n ph\u1ea9m b\u00ean trong<br \/>\n* Th\u00edch h\u1ee3p: t\u00fai ph\u00f9 h\u1ee3p \u0111\u1ef1ng b\u00e1nh m\u00ec\u2026<br \/>\n* S\u1ea3n xu\u1ea5t: s\u1ea3n ph\u1ea9m \u0111\u01b0\u1ee3c s\u1ea3n xu\u1ea5t s\u1eb5n v\u1edbi s\u1ed1 l\u01b0\u1ee3ng l\u1edbn<br \/>\n* Ch\u1ea5t li\u1ec7u:<br \/>\n&#8211; Gi\u1ea5y MG tr\u1eafng 40gsm, k\u00fd hi\u1ec7u: M<br \/>\n&#8211; Gi\u1ea5y Kraft n\u00e2u 50gsm, k\u00fd hi\u1ec7u: Kn<br \/>\n* In \u1ea5n: in s\u1eb5n h\u1ecda ti\u1ebft ho\u1eb7c kh\u00f4ng in<br \/>\n* \u0110\u00f3ng g\u00f3i: 100c\/g\u00f3i<br \/>\n* QC: 95x260x48 mm<br \/>\n5.000c\/th\u00f9ng (54x31x25 cm)<br \/>\n* Gi\u1ea5y ch\u1ee9ng nh\u1eadn: \u0111\u1ea1t chu\u1ea9n c\u1ee7a FDA (C\u1ee5c qu\u1ea3n l\u00fd th\u1ef1c ph\u1ea9m v\u00e0 d\u01b0\u1ee3c ph\u1ea9m Hoa K\u1ef3) v\u00e0 \u0111\u00e3 \u0111\u01b0\u1ee3c c\u00f4ng b\u1ed1 h\u1ee3p quy t\u1ea1i Ban qu\u1ea3n l\u00fd An To\u00e0n Th\u1ef1c Ph\u1ea9m TP.HCM<\/p>\n","protected":false},"excerpt":{"rendered":"<p>* M\u00e3 s\u1ed1: Kn31CSL * Ki\u1ec3u d\u00e1ng: t\u00fai c\u00f3 d\u1ea1ng \u0111\u00e1y d\u1eb9t 1 mi\u1ec7ng c\u00f3 h\u00f4ng, 1 b\u00ean m\u1eb7t sau v\u00e0 1 b\u00ean h\u00f4ng k\u1ebft h\u1ee3p m\u00e0ng c\u1eeda s\u1ed5 trong su\u1ed1t c\u00f3 th\u1ec3 nh\u00ecn th\u1ea5y s\u1ea3n ph\u1ea9m b\u00ean trong * Th\u00edch h\u1ee3p: t\u00fai ph\u00f9 h\u1ee3p \u0111\u1ef1ng b\u00e1nh m\u00ec\u2026 * S\u1ea3n xu\u1ea5t: s\u1ea3n ph\u1ea9m \u0111\u01b0\u1ee3c s\u1ea3n [&#8230;]\n","protected":false},"featured_media":1255,"comment_status":"closed","ping_status":"open","template":"","meta":[],"product_cat":[135,93],"product_tag":[],"yoast_head":"<!-- This site is optimized with the Yoast SEO plugin v17.1 - https:\/\/yoast.com\/wordpress\/plugins\/seo\/ -->\n<title>T\u00fai b\u00e1nh m\u00ec c\u1eeda s\u1ed5 l\u1ec7ch Kn31CSL &ndash; Kien Nang Packaging Manufacturer<\/title>\n<meta name=\"robots\" content=\"index, follow, max-snippet:-1, max-image-preview:large, max-video-preview:-1\" \/>\n<link rel=\"canonical\" href=\"https:\/\/kiennang.com\/san-pham\/tui-banh-mi-cua-so-lech-kn31csl\/\" \/>\n<meta property=\"og:locale\" content=\"en_US\" \/>\n<meta property=\"og:type\" content=\"article\" \/>\n<meta property=\"og:title\" content=\"T\u00fai b\u00e1nh m\u00ec c\u1eeda s\u1ed5 l\u1ec7ch Kn31CSL &ndash; Kien Nang Packaging Manufacturer\" \/>\n<meta property=\"og:description\" content=\"* M\u00e3 s\u1ed1: Kn31CSL * Ki\u1ec3u d\u00e1ng: t\u00fai c\u00f3 d\u1ea1ng \u0111\u00e1y d\u1eb9t 1 mi\u1ec7ng c\u00f3 h\u00f4ng, 1 b\u00ean m\u1eb7t sau v\u00e0 1 b\u00ean h\u00f4ng k\u1ebft h\u1ee3p m\u00e0ng c\u1eeda s\u1ed5 trong su\u1ed1t c\u00f3 th\u1ec3 nh\u00ecn th\u1ea5y s\u1ea3n ph\u1ea9m b\u00ean trong * Th\u00edch h\u1ee3p: t\u00fai ph\u00f9 h\u1ee3p \u0111\u1ef1ng b\u00e1nh m\u00ec\u2026 * S\u1ea3n xu\u1ea5t: s\u1ea3n ph\u1ea9m \u0111\u01b0\u1ee3c s\u1ea3n [...]\" \/>\n<meta property=\"og:url\" content=\"https:\/\/kiennang.com\/san-pham\/tui-banh-mi-cua-so-lech-kn31csl\/\" \/>\n<meta property=\"og:site_name\" content=\"Kien Nang Packaging Manufacturer\" \/>\n<meta property=\"article:modified_time\" content=\"2020-07-16T08:50:39+00:00\" \/>\n<meta property=\"og:image\" content=\"https:\/\/kiennang.com\/wp-content\/uploads\/2020\/07\/Kn31CSL.jpg\" \/>\n\t<meta property=\"og:image:width\" content=\"600\" \/>\n\t<meta property=\"og:image:height\" content=\"600\" \/>\n<meta name=\"twitter:card\" content=\"summary_large_image\" \/>\n<meta name=\"twitter:label1\" content=\"Est. reading time\" \/>\n\t<meta name=\"twitter:data1\" content=\"1 minute\" \/>\n<script type=\"application\/ld+json\" class=\"yoast-schema-graph\">{\"@context\":\"https:\/\/schema.org\",\"@graph\":[{\"@type\":\"WebSite\",\"@id\":\"https:\/\/kiennang.com\/#website\",\"url\":\"https:\/\/kiennang.com\/\",\"name\":\"Kien Nang Packaging Manufacturer\",\"description\":\"Food packaging | Paper Box | Printed Cheap Paper Bags\",\"potentialAction\":[{\"@type\":\"SearchAction\",\"target\":{\"@type\":\"EntryPoint\",\"urlTemplate\":\"https:\/\/kiennang.com\/?s={search_term_string}\"},\"query-input\":\"required name=search_term_string\"}],\"inLanguage\":\"en-US\"},{\"@type\":\"ImageObject\",\"@id\":\"https:\/\/kiennang.com\/san-pham\/tui-banh-mi-cua-so-lech-kn31csl\/#primaryimage\",\"inLanguage\":\"en-US\",\"url\":\"https:\/\/kiennang.com\/wp-content\/uploads\/2020\/07\/Kn31CSL.jpg\",\"contentUrl\":\"https:\/\/kiennang.com\/wp-content\/uploads\/2020\/07\/Kn31CSL.jpg\",\"width\":600,\"height\":600},{\"@type\":\"WebPage\",\"@id\":\"https:\/\/kiennang.com\/san-pham\/tui-banh-mi-cua-so-lech-kn31csl\/#webpage\",\"url\":\"https:\/\/kiennang.com\/san-pham\/tui-banh-mi-cua-so-lech-kn31csl\/\",\"name\":\"T\\u00fai b\\u00e1nh m\\u00ec c\\u1eeda s\\u1ed5 l\\u1ec7ch Kn31CSL &ndash; Kien Nang Packaging Manufacturer\",\"isPartOf\":{\"@id\":\"https:\/\/kiennang.com\/#website\"},\"primaryImageOfPage\":{\"@id\":\"https:\/\/kiennang.com\/san-pham\/tui-banh-mi-cua-so-lech-kn31csl\/#primaryimage\"},\"datePublished\":\"2020-07-16T08:30:31+00:00\",\"dateModified\":\"2020-07-16T08:50:39+00:00\",\"breadcrumb\":{\"@id\":\"https:\/\/kiennang.com\/san-pham\/tui-banh-mi-cua-so-lech-kn31csl\/#breadcrumb\"},\"inLanguage\":\"en-US\",\"potentialAction\":[{\"@type\":\"ReadAction\",\"target\":[\"https:\/\/kiennang.com\/san-pham\/tui-banh-mi-cua-so-lech-kn31csl\/\"]}]},{\"@type\":\"BreadcrumbList\",\"@id\":\"https:\/\/kiennang.com\/san-pham\/tui-banh-mi-cua-so-lech-kn31csl\/#breadcrumb\",\"itemListElement\":[{\"@type\":\"ListItem\",\"position\":1,\"name\":\"Trang ch\\u1ee7\",\"item\":\"https:\/\/kiennang.com\/\"},{\"@type\":\"ListItem\",\"position\":2,\"name\":\"\"},{\"@type\":\"ListItem\",\"position\":3,\"name\":\"T\\u00fai b\\u00e1nh m\\u00ec c\\u1eeda s\\u1ed5 l\\u1ec7ch Kn31CSL\"}]}]}<\/script>\n<!-- \/ Yoast SEO plugin. -->","yoast_head_json":{"title":"T\u00fai b\u00e1nh m\u00ec c\u1eeda s\u1ed5 l\u1ec7ch Kn31CSL &ndash; Kien Nang Packaging Manufacturer","robots":{"index":"index","follow":"follow","max-snippet":"max-snippet:-1","max-image-preview":"max-image-preview:large","max-video-preview":"max-video-preview:-1"},"canonical":"https:\/\/kiennang.com\/san-pham\/tui-banh-mi-cua-so-lech-kn31csl\/","og_locale":"en_US","og_type":"article","og_title":"T\u00fai b\u00e1nh m\u00ec c\u1eeda s\u1ed5 l\u1ec7ch Kn31CSL &ndash; Kien Nang Packaging Manufacturer","og_description":"* M\u00e3 s\u1ed1: Kn31CSL * Ki\u1ec3u d\u00e1ng: t\u00fai c\u00f3 d\u1ea1ng \u0111\u00e1y d\u1eb9t 1 mi\u1ec7ng c\u00f3 h\u00f4ng, 1 b\u00ean m\u1eb7t sau v\u00e0 1 b\u00ean h\u00f4ng k\u1ebft h\u1ee3p m\u00e0ng c\u1eeda s\u1ed5 trong su\u1ed1t c\u00f3 th\u1ec3 nh\u00ecn th\u1ea5y s\u1ea3n ph\u1ea9m b\u00ean trong * Th\u00edch h\u1ee3p: t\u00fai ph\u00f9 h\u1ee3p \u0111\u1ef1ng b\u00e1nh m\u00ec\u2026 * S\u1ea3n xu\u1ea5t: s\u1ea3n ph\u1ea9m \u0111\u01b0\u1ee3c s\u1ea3n [...]","og_url":"https:\/\/kiennang.com\/san-pham\/tui-banh-mi-cua-so-lech-kn31csl\/","og_site_name":"Kien Nang Packaging Manufacturer","article_modified_time":"2020-07-16T08:50:39+00:00","og_image":[{"width":600,"height":600,"url":"https:\/\/kiennang.com\/wp-content\/uploads\/2020\/07\/Kn31CSL.jpg","path":"\/home\/kiennang\/public_html\/wp-content\/uploads\/2020\/07\/Kn31CSL.jpg","size":"full","id":1255,"alt":"","pixels":360000,"type":"image\/jpeg"}],"twitter_card":"summary_large_image","twitter_misc":{"Est. reading time":"1 minute"},"schema":{"@context":"https:\/\/schema.org","@graph":[{"@type":"WebSite","@id":"https:\/\/kiennang.com\/#website","url":"https:\/\/kiennang.com\/","name":"Kien Nang Packaging Manufacturer","description":"Food packaging | Paper Box | Printed Cheap Paper Bags","potentialAction":[{"@type":"SearchAction","target":{"@type":"EntryPoint","urlTemplate":"https:\/\/kiennang.com\/?s={search_term_string}"},"query-input":"required name=search_term_string"}],"inLanguage":"en-US"},{"@type":"ImageObject","@id":"https:\/\/kiennang.com\/san-pham\/tui-banh-mi-cua-so-lech-kn31csl\/#primaryimage","inLanguage":"en-US","url":"https:\/\/kiennang.com\/wp-content\/uploads\/2020\/07\/Kn31CSL.jpg","contentUrl":"https:\/\/kiennang.com\/wp-content\/uploads\/2020\/07\/Kn31CSL.jpg","width":600,"height":600},{"@type":"WebPage","@id":"https:\/\/kiennang.com\/san-pham\/tui-banh-mi-cua-so-lech-kn31csl\/#webpage","url":"https:\/\/kiennang.com\/san-pham\/tui-banh-mi-cua-so-lech-kn31csl\/","name":"T\u00fai b\u00e1nh m\u00ec c\u1eeda s\u1ed5 l\u1ec7ch Kn31CSL &ndash; Kien Nang Packaging Manufacturer","isPartOf":{"@id":"https:\/\/kiennang.com\/#website"},"primaryImageOfPage":{"@id":"https:\/\/kiennang.com\/san-pham\/tui-banh-mi-cua-so-lech-kn31csl\/#primaryimage"},"datePublished":"2020-07-16T08:30:31+00:00","dateModified":"2020-07-16T08:50:39+00:00","breadcrumb":{"@id":"https:\/\/kiennang.com\/san-pham\/tui-banh-mi-cua-so-lech-kn31csl\/#breadcrumb"},"inLanguage":"en-US","potentialAction":[{"@type":"ReadAction","target":["https:\/\/kiennang.com\/san-pham\/tui-banh-mi-cua-so-lech-kn31csl\/"]}]},{"@type":"BreadcrumbList","@id":"https:\/\/kiennang.com\/san-pham\/tui-banh-mi-cua-so-lech-kn31csl\/#breadcrumb","itemListElement":[{"@type":"ListItem","position":1,"name":"Trang ch\u1ee7","item":"https:\/\/kiennang.com\/"},{"@type":"ListItem","position":2,"name":""},{"@type":"ListItem","position":3,"name":"T\u00fai b\u00e1nh m\u00ec c\u1eeda s\u1ed5 l\u1ec7ch Kn31CSL"}]}]}},"_links":{"self":[{"href":"https:\/\/kiennang.com\/en\/wp-json\/wp\/v2\/product\/1209"}],"collection":[{"href":"https:\/\/kiennang.com\/en\/wp-json\/wp\/v2\/product"}],"about":[{"href":"https:\/\/kiennang.com\/en\/wp-json\/wp\/v2\/types\/product"}],"replies":[{"embeddable":true,"href":"https:\/\/kiennang.com\/en\/wp-json\/wp\/v2\/comments?post=1209"}],"wp:featuredmedia":[{"embeddable":true,"href":"https:\/\/kiennang.com\/en\/wp-json\/wp\/v2\/media\/1255"}],"wp:attachment":[{"href":"https:\/\/kiennang.com\/en\/wp-json\/wp\/v2\/media?parent=1209"}],"wp:term":[{"taxonomy":"product_cat","embeddable":true,"href":"https:\/\/kiennang.com\/en\/wp-json\/wp\/v2\/product_cat?post=1209"},{"taxonomy":"product_tag","embeddable":true,"href":"https:\/\/kiennang.com\/en\/wp-json\/wp\/v2\/product_tag?post=1209"}],"curies":[{"name":"wp","href":"https:\/\/api.w.org\/{rel}","templated":true}]}}