{"id":1075,"date":"2020-07-16T15:30:42","date_gmt":"2020-07-16T08:30:42","guid":{"rendered":"https:\/\/kiennang.com\/san-pham\/ong-hut-giay\/"},"modified":"2020-07-17T09:05:56","modified_gmt":"2020-07-17T02:05:56","slug":"ong-hut-giay","status":"publish","type":"product","link":"https:\/\/kiennang.com\/en\/san-pham\/ong-hut-giay\/","title":{"rendered":"\u1ed0ng h\u00fat gi\u1ea5y"},"content":{"rendered":"\u1ed0ng h\u00fat gi\u1ea5y l\u00e0 s\u1ea3n ph\u1ea9m th\u00e2n thi\u1ec7n v\u1edbi m\u00f4i tr\u01b0\u1eddng nh\u1edd g\u00f3p ph\u1ea7n gi\u1ea3m thi\u1ec3u l\u01b0\u1ee3ng plastic kh\u00f3 t\u00e1i ch\u1ebf th\u1ea3i ra m\u00f4i tr\u01b0\u1eddng.<br \/>\n* Ch\u1ea5t li\u1ec7u: s\u1eed d\u1ee5ng gi\u1ea5y th\u1ef1c ph\u1ea9m c\u00f3 ch\u1ee9ng nh\u1eadn an to\u00e0n s\u1ee9c kh\u1ecfe<br \/>\n* \u0110\u1eb7c t\u00ednh:<br \/>\n&#8211; C\u00f3 th\u1ec3 in nhi\u1ec1u m\u00e0u s\u1eafc v\u00e0 m\u1eabu m\u00e3 kh\u00e1c nhau theo y\u00eau c\u1ea7u kh\u00e1ch h\u00e0ng<br \/>\n&#8211; Gi\u1ea5y c\u00f3 kh\u1ea3 n\u0103ng ch\u1ecbu n\u01b0\u1edbc v\u00e0 nhi\u1ec7t \u0111\u1ed9 n\u00f3ng l\u1ea1nh cao<br \/>\n* QC:<br \/>\n+ Theo chi\u1ec1u d\u00e0i \u1ed1ng:<br \/>\n&#8211; Chu\u1ea9n chi\u1ec1u d\u00e0i th\u00f4ng d\u1ee5ng: 14 cm, 20 cm, 22 cm<br \/>\n&#8211; Theo chu\u1ea5n chi\u1ec1u d\u00e0i kh\u00e1ch h\u00e0ng y\u00eau c\u1ea7u<br \/>\n+ Theo \u0111\u01b0\u1eddng k\u00ednh \u1ed1ng:<br \/>\n&#8211; 6 mm, 7 mm: ph\u00f9 h\u1ee3p d\u00f9ng cho n\u01b0\u1edbc ng\u1ecdt<br \/>\n&#8211; 8 mm, 9 mm: ph\u00f9 h\u1ee3p d\u00f9ng cho sinh t\u1ed1<br \/>\n&#8211; 10 mm, 11 mm, 12 mm: ph\u00f9 h\u1ee3p d\u00f9ng cho tr\u00e0 s\u1eefa<br \/>\n* \u0110\u00f3ng g\u00f3i:<br \/>\n&#8211; C\u00f3 bao b\u00ec gi\u1ea5y b\u1ecdc ri\u00eang t\u1eebng \u1ed1ng d\u00e0nh cho th\u01b0\u01a1ng hi\u1ec7u ho\u1eb7c kh\u00f4ng t\u00f9y nhu c\u1ea7u kh\u00e1ch h\u00e0ng","protected":false},"excerpt":{"rendered":"<p>\u1ed0ng h\u00fat gi\u1ea5y l\u00e0 s\u1ea3n ph\u1ea9m th\u00e2n thi\u1ec7n v\u1edbi m\u00f4i tr\u01b0\u1eddng nh\u1edd g\u00f3p ph\u1ea7n gi\u1ea3m thi\u1ec3u l\u01b0\u1ee3ng plastic kh\u00f3 t\u00e1i ch\u1ebf th\u1ea3i ra m\u00f4i tr\u01b0\u1eddng. * Ch\u1ea5t li\u1ec7u: s\u1eed d\u1ee5ng gi\u1ea5y th\u1ef1c ph\u1ea9m c\u00f3 ch\u1ee9ng nh\u1eadn an to\u00e0n s\u1ee9c kh\u1ecfe * \u0110\u1eb7c t\u00ednh: &#8211; C\u00f3 th\u1ec3 in nhi\u1ec1u m\u00e0u s\u1eafc v\u00e0 m\u1eabu m\u00e3 kh\u00e1c nhau [&#8230;]\n","protected":false},"featured_media":1080,"comment_status":"closed","ping_status":"closed","template":"","meta":[],"product_cat":[127,104],"product_tag":[],"yoast_head":"<!-- This site is optimized with the Yoast SEO plugin v17.1 - https:\/\/yoast.com\/wordpress\/plugins\/seo\/ -->\n<title>\u1ed0ng H\u00fat Gi\u1ea5y - S\u1ea3n Xu\u1ea5t \u1ed0ng H\u00fat Gi\u1ea5y &ndash; Kien Nang Packaging Manufacturer<\/title>\n<meta name=\"description\" content=\"\u1ed0ng h\u00fat gi\u1ea5y l\u00e0 s\u1ea3n ph\u1ea9m th\u00e2n thi\u1ec7n m\u00f4i tr\u01b0\u1eddng, \u0111\u01b0\u1ee3c s\u1ea3n xu\u1ea5t b\u1eb1ng gi\u1ea5y th\u1ef1c ph\u1ea9m c\u00f3 ch\u1ee9ng nh\u1eadn \u0111\u1ea1t ti\u00eau chu\u1ea9n an to\u00e0n s\u1ee9c kh\u1ecfe\" \/>\n<meta name=\"robots\" content=\"index, follow, max-snippet:-1, max-image-preview:large, max-video-preview:-1\" \/>\n<link rel=\"canonical\" href=\"https:\/\/kiennang.com\/san-pham\/ong-hut-giay\/\" \/>\n<meta property=\"og:locale\" content=\"en_US\" \/>\n<meta property=\"og:type\" content=\"article\" \/>\n<meta property=\"og:title\" content=\"\u1ed0ng H\u00fat Gi\u1ea5y - S\u1ea3n Xu\u1ea5t \u1ed0ng H\u00fat Gi\u1ea5y &ndash; Kien Nang Packaging Manufacturer\" \/>\n<meta property=\"og:description\" content=\"\u1ed0ng h\u00fat gi\u1ea5y l\u00e0 s\u1ea3n ph\u1ea9m th\u00e2n thi\u1ec7n m\u00f4i tr\u01b0\u1eddng, \u0111\u01b0\u1ee3c s\u1ea3n xu\u1ea5t b\u1eb1ng gi\u1ea5y th\u1ef1c ph\u1ea9m c\u00f3 ch\u1ee9ng nh\u1eadn \u0111\u1ea1t ti\u00eau chu\u1ea9n an to\u00e0n s\u1ee9c kh\u1ecfe\" \/>\n<meta property=\"og:url\" content=\"https:\/\/kiennang.com\/san-pham\/ong-hut-giay\/\" \/>\n<meta property=\"og:site_name\" content=\"Kien Nang Packaging Manufacturer\" \/>\n<meta property=\"article:modified_time\" content=\"2020-07-17T02:05:56+00:00\" \/>\n<meta property=\"og:image\" content=\"https:\/\/kiennang.com\/wp-content\/uploads\/2019\/04\/ong-hut-giay.jpg\" \/>\n\t<meta property=\"og:image:width\" content=\"600\" \/>\n\t<meta property=\"og:image:height\" content=\"600\" \/>\n<meta name=\"twitter:card\" content=\"summary_large_image\" \/>\n<meta name=\"twitter:label1\" content=\"Est. reading time\" \/>\n\t<meta name=\"twitter:data1\" content=\"3 minutes\" \/>\n<script type=\"application\/ld+json\" class=\"yoast-schema-graph\">{\"@context\":\"https:\/\/schema.org\",\"@graph\":[{\"@type\":\"WebSite\",\"@id\":\"https:\/\/kiennang.com\/#website\",\"url\":\"https:\/\/kiennang.com\/\",\"name\":\"Kien Nang Packaging Manufacturer\",\"description\":\"Food packaging | Paper Box | Printed Cheap Paper Bags\",\"potentialAction\":[{\"@type\":\"SearchAction\",\"target\":{\"@type\":\"EntryPoint\",\"urlTemplate\":\"https:\/\/kiennang.com\/?s={search_term_string}\"},\"query-input\":\"required name=search_term_string\"}],\"inLanguage\":\"en-US\"},{\"@type\":\"ImageObject\",\"@id\":\"https:\/\/kiennang.com\/san-pham\/ong-hut-giay\/#primaryimage\",\"inLanguage\":\"en-US\",\"url\":\"https:\/\/kiennang.com\/wp-content\/uploads\/2019\/04\/ong-hut-giay.jpg\",\"contentUrl\":\"https:\/\/kiennang.com\/wp-content\/uploads\/2019\/04\/ong-hut-giay.jpg\",\"width\":600,\"height\":600,\"caption\":\"\\u1ed0ng h\\u00fat gi\\u1ea5y \\u0111\\u01b0\\u1ee3c s\\u1ea3n xu\\u1ea5t b\\u1eb1ng gi\\u1ea5y th\\u1ef1c ph\\u1ea9m\"},{\"@type\":\"WebPage\",\"@id\":\"https:\/\/kiennang.com\/san-pham\/ong-hut-giay\/#webpage\",\"url\":\"https:\/\/kiennang.com\/san-pham\/ong-hut-giay\/\",\"name\":\"\\u1ed0ng H\\u00fat Gi\\u1ea5y - S\\u1ea3n Xu\\u1ea5t \\u1ed0ng H\\u00fat Gi\\u1ea5y &ndash; Kien Nang Packaging Manufacturer\",\"isPartOf\":{\"@id\":\"https:\/\/kiennang.com\/#website\"},\"primaryImageOfPage\":{\"@id\":\"https:\/\/kiennang.com\/san-pham\/ong-hut-giay\/#primaryimage\"},\"datePublished\":\"2020-07-16T08:30:42+00:00\",\"dateModified\":\"2020-07-17T02:05:56+00:00\",\"description\":\"\\u1ed0ng h\\u00fat gi\\u1ea5y l\\u00e0 s\\u1ea3n ph\\u1ea9m th\\u00e2n thi\\u1ec7n m\\u00f4i tr\\u01b0\\u1eddng, \\u0111\\u01b0\\u1ee3c s\\u1ea3n xu\\u1ea5t b\\u1eb1ng gi\\u1ea5y th\\u1ef1c ph\\u1ea9m c\\u00f3 ch\\u1ee9ng nh\\u1eadn \\u0111\\u1ea1t ti\\u00eau chu\\u1ea9n an to\\u00e0n s\\u1ee9c kh\\u1ecfe\",\"breadcrumb\":{\"@id\":\"https:\/\/kiennang.com\/san-pham\/ong-hut-giay\/#breadcrumb\"},\"inLanguage\":\"en-US\",\"potentialAction\":[{\"@type\":\"ReadAction\",\"target\":[\"https:\/\/kiennang.com\/san-pham\/ong-hut-giay\/\"]}]},{\"@type\":\"BreadcrumbList\",\"@id\":\"https:\/\/kiennang.com\/san-pham\/ong-hut-giay\/#breadcrumb\",\"itemListElement\":[{\"@type\":\"ListItem\",\"position\":1,\"name\":\"Trang ch\\u1ee7\",\"item\":\"https:\/\/kiennang.com\/\"},{\"@type\":\"ListItem\",\"position\":2,\"name\":\"\"},{\"@type\":\"ListItem\",\"position\":3,\"name\":\"\\u1ed0ng h\\u00fat gi\\u1ea5y\"}]}]}<\/script>\n<!-- \/ Yoast SEO plugin. -->","yoast_head_json":{"title":"\u1ed0ng H\u00fat Gi\u1ea5y - S\u1ea3n Xu\u1ea5t \u1ed0ng H\u00fat Gi\u1ea5y &ndash; Kien Nang Packaging Manufacturer","description":"\u1ed0ng h\u00fat gi\u1ea5y l\u00e0 s\u1ea3n ph\u1ea9m th\u00e2n thi\u1ec7n m\u00f4i tr\u01b0\u1eddng, \u0111\u01b0\u1ee3c s\u1ea3n xu\u1ea5t b\u1eb1ng gi\u1ea5y th\u1ef1c ph\u1ea9m c\u00f3 ch\u1ee9ng nh\u1eadn \u0111\u1ea1t ti\u00eau chu\u1ea9n an to\u00e0n s\u1ee9c kh\u1ecfe","robots":{"index":"index","follow":"follow","max-snippet":"max-snippet:-1","max-image-preview":"max-image-preview:large","max-video-preview":"max-video-preview:-1"},"canonical":"https:\/\/kiennang.com\/san-pham\/ong-hut-giay\/","og_locale":"en_US","og_type":"article","og_title":"\u1ed0ng H\u00fat Gi\u1ea5y - S\u1ea3n Xu\u1ea5t \u1ed0ng H\u00fat Gi\u1ea5y &ndash; Kien Nang Packaging Manufacturer","og_description":"\u1ed0ng h\u00fat gi\u1ea5y l\u00e0 s\u1ea3n ph\u1ea9m th\u00e2n thi\u1ec7n m\u00f4i tr\u01b0\u1eddng, \u0111\u01b0\u1ee3c s\u1ea3n xu\u1ea5t b\u1eb1ng gi\u1ea5y th\u1ef1c ph\u1ea9m c\u00f3 ch\u1ee9ng nh\u1eadn \u0111\u1ea1t ti\u00eau chu\u1ea9n an to\u00e0n s\u1ee9c kh\u1ecfe","og_url":"https:\/\/kiennang.com\/san-pham\/ong-hut-giay\/","og_site_name":"Kien Nang Packaging Manufacturer","article_modified_time":"2020-07-17T02:05:56+00:00","og_image":[{"width":600,"height":600,"url":"https:\/\/kiennang.com\/wp-content\/uploads\/2019\/04\/ong-hut-giay.jpg","path":"\/home\/kiennang\/public_html\/wp-content\/uploads\/2019\/04\/ong-hut-giay.jpg","size":"full","id":1080,"alt":"\u1ed0ng h\u00fat gi\u1ea5y","pixels":360000,"type":"image\/jpeg"}],"twitter_card":"summary_large_image","twitter_misc":{"Est. reading time":"3 minutes"},"schema":{"@context":"https:\/\/schema.org","@graph":[{"@type":"WebSite","@id":"https:\/\/kiennang.com\/#website","url":"https:\/\/kiennang.com\/","name":"Kien Nang Packaging Manufacturer","description":"Food packaging | Paper Box | Printed Cheap Paper Bags","potentialAction":[{"@type":"SearchAction","target":{"@type":"EntryPoint","urlTemplate":"https:\/\/kiennang.com\/?s={search_term_string}"},"query-input":"required name=search_term_string"}],"inLanguage":"en-US"},{"@type":"ImageObject","@id":"https:\/\/kiennang.com\/san-pham\/ong-hut-giay\/#primaryimage","inLanguage":"en-US","url":"https:\/\/kiennang.com\/wp-content\/uploads\/2019\/04\/ong-hut-giay.jpg","contentUrl":"https:\/\/kiennang.com\/wp-content\/uploads\/2019\/04\/ong-hut-giay.jpg","width":600,"height":600,"caption":"\u1ed0ng h\u00fat gi\u1ea5y \u0111\u01b0\u1ee3c s\u1ea3n xu\u1ea5t b\u1eb1ng gi\u1ea5y th\u1ef1c ph\u1ea9m"},{"@type":"WebPage","@id":"https:\/\/kiennang.com\/san-pham\/ong-hut-giay\/#webpage","url":"https:\/\/kiennang.com\/san-pham\/ong-hut-giay\/","name":"\u1ed0ng H\u00fat Gi\u1ea5y - S\u1ea3n Xu\u1ea5t \u1ed0ng H\u00fat Gi\u1ea5y &ndash; Kien Nang Packaging Manufacturer","isPartOf":{"@id":"https:\/\/kiennang.com\/#website"},"primaryImageOfPage":{"@id":"https:\/\/kiennang.com\/san-pham\/ong-hut-giay\/#primaryimage"},"datePublished":"2020-07-16T08:30:42+00:00","dateModified":"2020-07-17T02:05:56+00:00","description":"\u1ed0ng h\u00fat gi\u1ea5y l\u00e0 s\u1ea3n ph\u1ea9m th\u00e2n thi\u1ec7n m\u00f4i tr\u01b0\u1eddng, \u0111\u01b0\u1ee3c s\u1ea3n xu\u1ea5t b\u1eb1ng gi\u1ea5y th\u1ef1c ph\u1ea9m c\u00f3 ch\u1ee9ng nh\u1eadn \u0111\u1ea1t ti\u00eau chu\u1ea9n an to\u00e0n s\u1ee9c kh\u1ecfe","breadcrumb":{"@id":"https:\/\/kiennang.com\/san-pham\/ong-hut-giay\/#breadcrumb"},"inLanguage":"en-US","potentialAction":[{"@type":"ReadAction","target":["https:\/\/kiennang.com\/san-pham\/ong-hut-giay\/"]}]},{"@type":"BreadcrumbList","@id":"https:\/\/kiennang.com\/san-pham\/ong-hut-giay\/#breadcrumb","itemListElement":[{"@type":"ListItem","position":1,"name":"Trang ch\u1ee7","item":"https:\/\/kiennang.com\/"},{"@type":"ListItem","position":2,"name":""},{"@type":"ListItem","position":3,"name":"\u1ed0ng h\u00fat gi\u1ea5y"}]}]}},"_links":{"self":[{"href":"https:\/\/kiennang.com\/en\/wp-json\/wp\/v2\/product\/1075"}],"collection":[{"href":"https:\/\/kiennang.com\/en\/wp-json\/wp\/v2\/product"}],"about":[{"href":"https:\/\/kiennang.com\/en\/wp-json\/wp\/v2\/types\/product"}],"replies":[{"embeddable":true,"href":"https:\/\/kiennang.com\/en\/wp-json\/wp\/v2\/comments?post=1075"}],"wp:featuredmedia":[{"embeddable":true,"href":"https:\/\/kiennang.com\/en\/wp-json\/wp\/v2\/media\/1080"}],"wp:attachment":[{"href":"https:\/\/kiennang.com\/en\/wp-json\/wp\/v2\/media?parent=1075"}],"wp:term":[{"taxonomy":"product_cat","embeddable":true,"href":"https:\/\/kiennang.com\/en\/wp-json\/wp\/v2\/product_cat?post=1075"},{"taxonomy":"product_tag","embeddable":true,"href":"https:\/\/kiennang.com\/en\/wp-json\/wp\/v2\/product_tag?post=1075"}],"curies":[{"name":"wp","href":"https:\/\/api.w.org\/{rel}","templated":true}]}}