{"id":1062,"date":"2020-07-16T15:30:42","date_gmt":"2020-07-16T08:30:42","guid":{"rendered":"https:\/\/kiennang.com\/san-pham\/giay-lot-xung\/"},"modified":"2020-07-16T15:50:46","modified_gmt":"2020-07-16T08:50:46","slug":"giay-lot-xung","status":"publish","type":"product","link":"https:\/\/kiennang.com\/en\/san-pham\/giay-lot-xung\/","title":{"rendered":"Gi\u1ea5y l\u00f3t x\u1eedng"},"content":{"rendered":"<p>Gi\u1ea5y l\u00f3t x\u1eedng \u0111\u01b0\u1ee3c d\u00f9ng \u0111\u1ec3 l\u00f3t c\u00e1c lo\u1ea1i b\u00e1nh trong khi h\u1ea5p gi\u00fap b\u00e1nh kh\u00f4ng b\u1ecb n\u00e1t do v\u1ecf b\u00e1nh b\u1ecb d\u00ednh v\u00e0o \u0111\u00e1y x\u1eedng.<br \/>\n* Ch\u1ea5t li\u1ec7u: gi\u1ea5y n\u01b0\u1edbng b\u00e1nh \u0111\u1ea1t ch\u1ee9ng nh\u1eadn an to\u00e0n<br \/>\n* \u0110\u1eb7c t\u00ednh: Gi\u1ea5y c\u00f3 kh\u1ea3 n\u0103ng ch\u1ecbu nhi\u1ec7t t\u1ed1t v\u00e0 ch\u1ed1ng th\u1ea5m d\u1ea7u m\u1ee1, ch\u1ed1ng d\u00ednh<br \/>\n* QC: 14&#215;14 cm; 18x18cm<\/p>\n","protected":false},"excerpt":{"rendered":"<p>Gi\u1ea5y l\u00f3t x\u1eedng \u0111\u01b0\u1ee3c d\u00f9ng \u0111\u1ec3 l\u00f3t c\u00e1c lo\u1ea1i b\u00e1nh trong khi h\u1ea5p gi\u00fap b\u00e1nh kh\u00f4ng b\u1ecb n\u00e1t do v\u1ecf b\u00e1nh b\u1ecb d\u00ednh v\u00e0o \u0111\u00e1y x\u1eedng. * Ch\u1ea5t li\u1ec7u: gi\u1ea5y n\u01b0\u1edbng b\u00e1nh \u0111\u1ea1t ch\u1ee9ng nh\u1eadn an to\u00e0n * \u0110\u1eb7c t\u00ednh: Gi\u1ea5y c\u00f3 kh\u1ea3 n\u0103ng ch\u1ecbu nhi\u1ec7t t\u1ed1t v\u00e0 ch\u1ed1ng th\u1ea5m d\u1ea7u m\u1ee1, ch\u1ed1ng d\u00ednh * [&#8230;]\n","protected":false},"featured_media":1067,"comment_status":"closed","ping_status":"open","template":"","meta":[],"product_cat":[126,104],"product_tag":[],"yoast_head":"<!-- This site is optimized with the Yoast SEO plugin v17.1 - https:\/\/yoast.com\/wordpress\/plugins\/seo\/ -->\n<title>Gi\u1ea5y l\u00f3t x\u1eedng - Gi\u1ea5y l\u00f3t b\u00e1nh - Gi\u1ea5y n\u01b0\u1edbng b\u00e1nh &ndash; Kien Nang Packaging Manufacturer<\/title>\n<meta name=\"description\" content=\"Gi\u1ea5y l\u00f3t x\u1eedng \u0111\u01b0\u1ee3c d\u00f9ng \u0111\u1ec3 l\u00f3t c\u00e1c lo\u1ea1i b\u00e1nh trong khi h\u1ea5p gi\u00fap b\u00e1nh kh\u00f4ng b\u1ecb n\u00e1t do v\u1ecf b\u00e1nh b\u1ecb d\u00ednh v\u00e0o \u0111\u00e1y x\u1eedng, ngo\u00e0i ra gi\u1ea5y c\u00f2n \u0111\u1ea1t ch\u1ee9ng nh\u1eadn an to\u00e0n.\" \/>\n<meta name=\"robots\" content=\"index, follow, max-snippet:-1, max-image-preview:large, max-video-preview:-1\" \/>\n<link rel=\"canonical\" href=\"https:\/\/kiennang.com\/san-pham\/giay-lot-xung\/\" \/>\n<meta property=\"og:locale\" content=\"en_US\" \/>\n<meta property=\"og:type\" content=\"article\" \/>\n<meta property=\"og:title\" content=\"Gi\u1ea5y l\u00f3t x\u1eedng - Gi\u1ea5y l\u00f3t b\u00e1nh - Gi\u1ea5y n\u01b0\u1edbng b\u00e1nh &ndash; Kien Nang Packaging Manufacturer\" \/>\n<meta property=\"og:description\" content=\"Gi\u1ea5y l\u00f3t x\u1eedng \u0111\u01b0\u1ee3c d\u00f9ng \u0111\u1ec3 l\u00f3t c\u00e1c lo\u1ea1i b\u00e1nh trong khi h\u1ea5p gi\u00fap b\u00e1nh kh\u00f4ng b\u1ecb n\u00e1t do v\u1ecf b\u00e1nh b\u1ecb d\u00ednh v\u00e0o \u0111\u00e1y x\u1eedng, ngo\u00e0i ra gi\u1ea5y c\u00f2n \u0111\u1ea1t ch\u1ee9ng nh\u1eadn an to\u00e0n.\" \/>\n<meta property=\"og:url\" content=\"https:\/\/kiennang.com\/san-pham\/giay-lot-xung\/\" \/>\n<meta property=\"og:site_name\" content=\"Kien Nang Packaging Manufacturer\" \/>\n<meta property=\"article:modified_time\" content=\"2020-07-16T08:50:46+00:00\" \/>\n<meta property=\"og:image\" content=\"https:\/\/kiennang.com\/wp-content\/uploads\/2019\/02\/Giay-lot-xung-01.jpg\" \/>\n\t<meta property=\"og:image:width\" content=\"600\" \/>\n\t<meta property=\"og:image:height\" content=\"600\" \/>\n<meta name=\"twitter:card\" content=\"summary_large_image\" \/>\n<script type=\"application\/ld+json\" class=\"yoast-schema-graph\">{\"@context\":\"https:\/\/schema.org\",\"@graph\":[{\"@type\":\"WebSite\",\"@id\":\"https:\/\/kiennang.com\/#website\",\"url\":\"https:\/\/kiennang.com\/\",\"name\":\"Kien Nang Packaging Manufacturer\",\"description\":\"Food packaging | Paper Box | Printed Cheap Paper Bags\",\"potentialAction\":[{\"@type\":\"SearchAction\",\"target\":{\"@type\":\"EntryPoint\",\"urlTemplate\":\"https:\/\/kiennang.com\/?s={search_term_string}\"},\"query-input\":\"required name=search_term_string\"}],\"inLanguage\":\"en-US\"},{\"@type\":\"ImageObject\",\"@id\":\"https:\/\/kiennang.com\/san-pham\/giay-lot-xung\/#primaryimage\",\"inLanguage\":\"en-US\",\"url\":\"https:\/\/kiennang.com\/wp-content\/uploads\/2019\/02\/Giay-lot-xung-01.jpg\",\"contentUrl\":\"https:\/\/kiennang.com\/wp-content\/uploads\/2019\/02\/Giay-lot-xung-01.jpg\",\"width\":600,\"height\":600,\"caption\":\"[:vi]Gi\\u1ea5y l\\u00f3t x\\u1eedng \\u0111\\u1ec3 l\\u00f3t b\\u00e1nh[:]\"},{\"@type\":\"WebPage\",\"@id\":\"https:\/\/kiennang.com\/san-pham\/giay-lot-xung\/#webpage\",\"url\":\"https:\/\/kiennang.com\/san-pham\/giay-lot-xung\/\",\"name\":\"Gi\\u1ea5y l\\u00f3t x\\u1eedng - Gi\\u1ea5y l\\u00f3t b\\u00e1nh - Gi\\u1ea5y n\\u01b0\\u1edbng b\\u00e1nh &ndash; Kien Nang Packaging Manufacturer\",\"isPartOf\":{\"@id\":\"https:\/\/kiennang.com\/#website\"},\"primaryImageOfPage\":{\"@id\":\"https:\/\/kiennang.com\/san-pham\/giay-lot-xung\/#primaryimage\"},\"datePublished\":\"2020-07-16T08:30:42+00:00\",\"dateModified\":\"2020-07-16T08:50:46+00:00\",\"description\":\"Gi\\u1ea5y l\\u00f3t x\\u1eedng \\u0111\\u01b0\\u1ee3c d\\u00f9ng \\u0111\\u1ec3 l\\u00f3t c\\u00e1c lo\\u1ea1i b\\u00e1nh trong khi h\\u1ea5p gi\\u00fap b\\u00e1nh kh\\u00f4ng b\\u1ecb n\\u00e1t do v\\u1ecf b\\u00e1nh b\\u1ecb d\\u00ednh v\\u00e0o \\u0111\\u00e1y x\\u1eedng, ngo\\u00e0i ra gi\\u1ea5y c\\u00f2n \\u0111\\u1ea1t ch\\u1ee9ng nh\\u1eadn an to\\u00e0n.\",\"breadcrumb\":{\"@id\":\"https:\/\/kiennang.com\/san-pham\/giay-lot-xung\/#breadcrumb\"},\"inLanguage\":\"en-US\",\"potentialAction\":[{\"@type\":\"ReadAction\",\"target\":[\"https:\/\/kiennang.com\/san-pham\/giay-lot-xung\/\"]}]},{\"@type\":\"BreadcrumbList\",\"@id\":\"https:\/\/kiennang.com\/san-pham\/giay-lot-xung\/#breadcrumb\",\"itemListElement\":[{\"@type\":\"ListItem\",\"position\":1,\"name\":\"Trang ch\\u1ee7\",\"item\":\"https:\/\/kiennang.com\/\"},{\"@type\":\"ListItem\",\"position\":2,\"name\":\"\"},{\"@type\":\"ListItem\",\"position\":3,\"name\":\"Gi\\u1ea5y l\\u00f3t x\\u1eedng\"}]}]}<\/script>\n<!-- \/ Yoast SEO plugin. -->","yoast_head_json":{"title":"Gi\u1ea5y l\u00f3t x\u1eedng - Gi\u1ea5y l\u00f3t b\u00e1nh - Gi\u1ea5y n\u01b0\u1edbng b\u00e1nh &ndash; Kien Nang Packaging Manufacturer","description":"Gi\u1ea5y l\u00f3t x\u1eedng \u0111\u01b0\u1ee3c d\u00f9ng \u0111\u1ec3 l\u00f3t c\u00e1c lo\u1ea1i b\u00e1nh trong khi h\u1ea5p gi\u00fap b\u00e1nh kh\u00f4ng b\u1ecb n\u00e1t do v\u1ecf b\u00e1nh b\u1ecb d\u00ednh v\u00e0o \u0111\u00e1y x\u1eedng, ngo\u00e0i ra gi\u1ea5y c\u00f2n \u0111\u1ea1t ch\u1ee9ng nh\u1eadn an to\u00e0n.","robots":{"index":"index","follow":"follow","max-snippet":"max-snippet:-1","max-image-preview":"max-image-preview:large","max-video-preview":"max-video-preview:-1"},"canonical":"https:\/\/kiennang.com\/san-pham\/giay-lot-xung\/","og_locale":"en_US","og_type":"article","og_title":"Gi\u1ea5y l\u00f3t x\u1eedng - Gi\u1ea5y l\u00f3t b\u00e1nh - Gi\u1ea5y n\u01b0\u1edbng b\u00e1nh &ndash; Kien Nang Packaging Manufacturer","og_description":"Gi\u1ea5y l\u00f3t x\u1eedng \u0111\u01b0\u1ee3c d\u00f9ng \u0111\u1ec3 l\u00f3t c\u00e1c lo\u1ea1i b\u00e1nh trong khi h\u1ea5p gi\u00fap b\u00e1nh kh\u00f4ng b\u1ecb n\u00e1t do v\u1ecf b\u00e1nh b\u1ecb d\u00ednh v\u00e0o \u0111\u00e1y x\u1eedng, ngo\u00e0i ra gi\u1ea5y c\u00f2n \u0111\u1ea1t ch\u1ee9ng nh\u1eadn an to\u00e0n.","og_url":"https:\/\/kiennang.com\/san-pham\/giay-lot-xung\/","og_site_name":"Kien Nang Packaging Manufacturer","article_modified_time":"2020-07-16T08:50:46+00:00","og_image":[{"width":600,"height":600,"url":"https:\/\/kiennang.com\/wp-content\/uploads\/2019\/02\/Giay-lot-xung-01.jpg","path":"\/home\/kiennang\/public_html\/wp-content\/uploads\/2019\/02\/Giay-lot-xung-01.jpg","size":"full","id":1067,"alt":"[:vi]Gi\u1ea5y l\u00f3t x\u1eedng[:]","pixels":360000,"type":"image\/jpeg"}],"twitter_card":"summary_large_image","schema":{"@context":"https:\/\/schema.org","@graph":[{"@type":"WebSite","@id":"https:\/\/kiennang.com\/#website","url":"https:\/\/kiennang.com\/","name":"Kien Nang Packaging Manufacturer","description":"Food packaging | Paper Box | Printed Cheap Paper Bags","potentialAction":[{"@type":"SearchAction","target":{"@type":"EntryPoint","urlTemplate":"https:\/\/kiennang.com\/?s={search_term_string}"},"query-input":"required name=search_term_string"}],"inLanguage":"en-US"},{"@type":"ImageObject","@id":"https:\/\/kiennang.com\/san-pham\/giay-lot-xung\/#primaryimage","inLanguage":"en-US","url":"https:\/\/kiennang.com\/wp-content\/uploads\/2019\/02\/Giay-lot-xung-01.jpg","contentUrl":"https:\/\/kiennang.com\/wp-content\/uploads\/2019\/02\/Giay-lot-xung-01.jpg","width":600,"height":600,"caption":"[:vi]Gi\u1ea5y l\u00f3t x\u1eedng \u0111\u1ec3 l\u00f3t b\u00e1nh[:]"},{"@type":"WebPage","@id":"https:\/\/kiennang.com\/san-pham\/giay-lot-xung\/#webpage","url":"https:\/\/kiennang.com\/san-pham\/giay-lot-xung\/","name":"Gi\u1ea5y l\u00f3t x\u1eedng - Gi\u1ea5y l\u00f3t b\u00e1nh - Gi\u1ea5y n\u01b0\u1edbng b\u00e1nh &ndash; Kien Nang Packaging Manufacturer","isPartOf":{"@id":"https:\/\/kiennang.com\/#website"},"primaryImageOfPage":{"@id":"https:\/\/kiennang.com\/san-pham\/giay-lot-xung\/#primaryimage"},"datePublished":"2020-07-16T08:30:42+00:00","dateModified":"2020-07-16T08:50:46+00:00","description":"Gi\u1ea5y l\u00f3t x\u1eedng \u0111\u01b0\u1ee3c d\u00f9ng \u0111\u1ec3 l\u00f3t c\u00e1c lo\u1ea1i b\u00e1nh trong khi h\u1ea5p gi\u00fap b\u00e1nh kh\u00f4ng b\u1ecb n\u00e1t do v\u1ecf b\u00e1nh b\u1ecb d\u00ednh v\u00e0o \u0111\u00e1y x\u1eedng, ngo\u00e0i ra gi\u1ea5y c\u00f2n \u0111\u1ea1t ch\u1ee9ng nh\u1eadn an to\u00e0n.","breadcrumb":{"@id":"https:\/\/kiennang.com\/san-pham\/giay-lot-xung\/#breadcrumb"},"inLanguage":"en-US","potentialAction":[{"@type":"ReadAction","target":["https:\/\/kiennang.com\/san-pham\/giay-lot-xung\/"]}]},{"@type":"BreadcrumbList","@id":"https:\/\/kiennang.com\/san-pham\/giay-lot-xung\/#breadcrumb","itemListElement":[{"@type":"ListItem","position":1,"name":"Trang ch\u1ee7","item":"https:\/\/kiennang.com\/"},{"@type":"ListItem","position":2,"name":""},{"@type":"ListItem","position":3,"name":"Gi\u1ea5y l\u00f3t x\u1eedng"}]}]}},"_links":{"self":[{"href":"https:\/\/kiennang.com\/en\/wp-json\/wp\/v2\/product\/1062"}],"collection":[{"href":"https:\/\/kiennang.com\/en\/wp-json\/wp\/v2\/product"}],"about":[{"href":"https:\/\/kiennang.com\/en\/wp-json\/wp\/v2\/types\/product"}],"replies":[{"embeddable":true,"href":"https:\/\/kiennang.com\/en\/wp-json\/wp\/v2\/comments?post=1062"}],"wp:featuredmedia":[{"embeddable":true,"href":"https:\/\/kiennang.com\/en\/wp-json\/wp\/v2\/media\/1067"}],"wp:attachment":[{"href":"https:\/\/kiennang.com\/en\/wp-json\/wp\/v2\/media?parent=1062"}],"wp:term":[{"taxonomy":"product_cat","embeddable":true,"href":"https:\/\/kiennang.com\/en\/wp-json\/wp\/v2\/product_cat?post=1062"},{"taxonomy":"product_tag","embeddable":true,"href":"https:\/\/kiennang.com\/en\/wp-json\/wp\/v2\/product_tag?post=1062"}],"curies":[{"name":"wp","href":"https:\/\/api.w.org\/{rel}","templated":true}]}}